{"id":1136,"date":"2021-01-07T01:55:37","date_gmt":"2021-01-06T17:55:37","guid":{"rendered":"https:\/\/chenkse.com\/?page_id=1136"},"modified":"2023-05-17T03:38:33","modified_gmt":"2023-05-17T07:38:33","slug":"neuigkeiten-fur-led-displays","status":"publish","type":"page","link":"https:\/\/chenkse.com\/de\/neuigkeiten-fur-led-displays\/","title":{"rendered":"Nachrichten"},"content":{"rendered":"<div data-elementor-type=\"wp-page\" data-elementor-id=\"1136\" class=\"elementor elementor-1136\" data-elementor-post-type=\"page\">\t\t\t\t\t\t<section class=\"elementor-section elementor-top-section elementor-element elementor-element-1c2d1ab elementor-section-boxed elementor-section-height-default elementor-section-height-default elementor-section-smoke-no elementor-section-raindrops-no elementor-section-parallax-no elementor-section-floatimg-no\" data-id=\"1c2d1ab\" data-element_type=\"section\" data-e-type=\"section\">\t\t\t\t\t\t<div class=\"elementor-container elementor-column-gap-default\">\t\t\t\t\t<div class=\"elementor-column elementor-col-100 elementor-top-column elementor-element elementor-element-cbb9e43\" data-id=\"cbb9e43\" data-element_type=\"column\" data-e-type=\"column\">\t\t\t<div class=\"elementor-widget-wrap elementor-element-populated\">\t\t\t\t\t\t<div class=\"elementor-element elementor-element-4a51ed3 elementor-widget elementor-widget-heading\" data-id=\"4a51ed3\" data-element_type=\"widget\" data-e-type=\"widget\" data-widget_type=\"heading.default\">\t\t\t\t\t<h1 class=\"elementor-heading-title elementor-size-default\">NACHRICHTEN<\/h1>\t\t\t\t<\/div>\t\t\t\t\t<\/div>\t\t<\/div>\t\t\t\t\t<\/div>\t\t<\/section>\t\t\t\t<section class=\"elementor-section elementor-top-section elementor-element elementor-element-b2c3c97 elementor-section-boxed elementor-section-height-default elementor-section-height-default elementor-section-smoke-no elementor-section-raindrops-no elementor-section-parallax-no elementor-section-floatimg-no\" data-id=\"b2c3c97\" data-element_type=\"section\" data-e-type=\"section\">\t\t\t\t\t\t<div class=\"elementor-container elementor-column-gap-default\">\t\t\t\t\t<div class=\"elementor-column elementor-col-100 elementor-top-column elementor-element elementor-element-0eb563f\" data-id=\"0eb563f\" data-element_type=\"column\" data-e-type=\"column\">\t\t\t<div class=\"elementor-widget-wrap elementor-element-populated\">\t\t\t\t\t\t<div class=\"elementor-element elementor-element-a696c63 elementor-widget elementor-widget-text-editor\" data-id=\"a696c63\" data-element_type=\"widget\" data-e-type=\"widget\" data-widget_type=\"text-editor.default\">\t\t\t\t\t\t\t\t\t<p style=\"text-align: right;\"><span style=\"color: #808080;\"><a style=\"color: #808080;\" href=\"https:\/\/chenkse.com\/de\"><span style=\"vertical-align: inherit;\"><span style=\"vertical-align: inherit;\">Zuhause <\/span><\/span><\/a><span style=\"vertical-align: inherit;\"><span style=\"vertical-align: inherit;\">&gt; <\/span><\/span><a style=\"color: #808080;\" href=\"https:\/\/chenkse.com\/de\/neuigkeiten-fur-led-displays\/\"><span style=\"vertical-align: inherit;\"><span style=\"vertical-align: inherit;\">Nachrichten<\/span><\/span><\/a>\u00a0<\/span><\/p><hr \/>\t\t\t\t\t\t\t\t<\/div>\t\t\t\t\t<\/div>\t\t<\/div>\t\t\t\t\t<\/div>\t\t<\/section>\t\t\t\t<section class=\"elementor-section elementor-top-section elementor-element elementor-element-1779900 elementor-section-boxed elementor-section-height-default elementor-section-height-default elementor-section-smoke-no elementor-section-raindrops-no elementor-section-parallax-no elementor-section-floatimg-no\" data-id=\"1779900\" data-element_type=\"section\" data-e-type=\"section\">\t\t\t\t\t\t<div class=\"elementor-container elementor-column-gap-default\">\t\t\t\t\t<div class=\"elementor-column elementor-col-100 elementor-top-column elementor-element elementor-element-4238404\" data-id=\"4238404\" data-element_type=\"column\" data-e-type=\"column\">\t\t\t<div class=\"elementor-widget-wrap elementor-element-populated\">\t\t\t\t\t\t<div class=\"elementor-element elementor-element-8e4c23b elementor-posts--align-left elementor-grid-3 elementor-grid-tablet-2 elementor-grid-mobile-1 elementor-posts--thumbnail-top elementor-widget elementor-widget-posts\" data-id=\"8e4c23b\" data-element_type=\"widget\" data-e-type=\"widget\" data-settings=\"{&quot;pagination_type&quot;:&quot;numbers_and_prev_next&quot;,&quot;classic_masonry&quot;:&quot;yes&quot;,&quot;classic_row_gap&quot;:{&quot;unit&quot;:&quot;px&quot;,&quot;size&quot;:48,&quot;sizes&quot;:[]},&quot;classic_columns&quot;:&quot;3&quot;,&quot;classic_columns_tablet&quot;:&quot;2&quot;,&quot;classic_columns_mobile&quot;:&quot;1&quot;,&quot;classic_row_gap_tablet&quot;:{&quot;unit&quot;:&quot;px&quot;,&quot;size&quot;:&quot;&quot;,&quot;sizes&quot;:[]},&quot;classic_row_gap_mobile&quot;:{&quot;unit&quot;:&quot;px&quot;,&quot;size&quot;:&quot;&quot;,&quot;sizes&quot;:[]}}\" data-widget_type=\"posts.classic\">\t\t\t\t<div class=\"elementor-widget-container\">\t\t\t\t\t\t\t<div class=\"elementor-posts-container elementor-posts elementor-posts--skin-classic elementor-grid\" role=\"list\">\t\t\t\t<article class=\"elementor-post elementor-grid-item post-123206 post type-post status-publish format-standard hentry category-news\" role=\"listitem\">\t\t\t\t<div class=\"elementor-post__text\">\t\t\t\t<h2 class=\"elementor-post__title\">\n\t\t\t<a href=\"https:\/\/chenkse.com\/de\/2026-world-cup-led-display-tech\" >\n\t\t\t\tLED-Anzeige zur Fu\u00dfballweltmeisterschaft: Revolutionierung des Turniers 2026 mit Visualisierungen der n\u00e4chsten Generation\t\t\t<\/a>\n\t\t<\/h2>\t\t\t\t<div class=\"elementor-post__excerpt\">\t\t\t<p>Die FIFA-Weltmeisterschaft 2026 r\u00fcckt immer n\u00e4her. <a rel=\"nofollow\" href=\"https:\/\/chenkse.com\/de\/\">LED-Anzeige<\/a> technology<\/p>\t\t<\/div>\t\t\t\t<a class=\"elementor-post__read-more\" href=\"https:\/\/chenkse.com\/de\/2026-world-cup-led-display-tech\" aria-label=\"Mehr \u00fcber World Cup LED Display: Revolutionizing the 2026 Tournament with Next-Gen Visuals\" tabindex=\"-1\" >\n\t\t\tWeiterlesen &quot;\t\t<\/a>\t\t\t\t<\/div>\t\t\t\t<\/article>\t\t\t\t<article class=\"elementor-post elementor-grid-item post-28918 post type-post status-publish format-standard hentry category-news\" role=\"listitem\">\t\t\t\t<div class=\"elementor-post__text\">\t\t\t\t<h2 class=\"elementor-post__title\">\n\t\t\t<a href=\"https:\/\/chenkse.com\/de\/vermietung-von-led-displays\/\" >\n\t\t\t\tWarum Miet-LED-Displays beliebt und meistverkauft sind\t\t\t<\/a>\n\t\t<\/h2>\t\t\t\t<div class=\"elementor-post__excerpt\">\t\t\t<p>Inhaltsverzeichnis 1.Was ist ein Miet-LED-Display und<\/p>\t\t<\/div>\t\t\t\t<a class=\"elementor-post__read-more\" href=\"https:\/\/chenkse.com\/de\/vermietung-von-led-displays\/\" aria-label=\"Mehr \u00fcber Why rental LED displays are popular and best-selling\" tabindex=\"-1\" >\n\t\t\tWeiterlesen &quot;\t\t<\/a>\t\t\t\t<\/div>\t\t\t\t<\/article>\t\t\t\t<article class=\"elementor-post elementor-grid-item post-22131 post type-post status-publish format-standard has-post-thumbnail hentry category-industry-news\" role=\"listitem\">\t\t\t\t<a class=\"elementor-post__thumbnail__link\" href=\"https:\/\/chenkse.com\/de\/wie-man-zwischen-led-anzeigen-fur-innen-und-ausenbuhnen-unterscheidet\/\" tabindex=\"-1\" >\n\t\t\t<div class=\"elementor-post__thumbnail\"><img decoding=\"async\" width=\"500\" height=\"500\" data-src=\"https:\/\/chenkse.com\/wp-content\/smush-avif\/61.jpg.avif\" class=\"attachment-medium_large size-medium_large wp-image-19772 lazyload\" alt=\"Der LED-Bildschirm ist ideal f\u00fcr Konzertb\u00fchnen\" src=\"data:image\/svg+xml;base64,PHN2ZyB3aWR0aD0iMSIgaGVpZ2h0PSIxIiB4bWxucz0iaHR0cDovL3d3dy53My5vcmcvMjAwMC9zdmciPjwvc3ZnPg==\" style=\"--smush-placeholder-width: 500px; --smush-placeholder-aspect-ratio: 500\/500;\" \/><\/div>\n\t\t<\/a>\t\t\t\t<div class=\"elementor-post__text\">\t\t\t\t<h2 class=\"elementor-post__title\">\n\t\t\t<a href=\"https:\/\/chenkse.com\/de\/wie-man-zwischen-led-anzeigen-fur-innen-und-ausenbuhnen-unterscheidet\/\" >\n\t\t\t\tWie kann man zwischen LED-Anzeigen f\u00fcr Innen- und Au\u00dfenb\u00fchnen unterscheiden?\t\t\t<\/a>\n\t\t<\/h2>\t\t\t\t<div class=\"elementor-post__excerpt\">\t\t\t<p>LED-Displays unterscheiden sich je nach Verwendung im Innen- oder Au\u00dfenbereich in Design, Helligkeit, Energieeffizienz und Wasserbest\u00e4ndigkeit.<\/p>\t\t<\/div>\t\t\t\t<a class=\"elementor-post__read-more\" href=\"https:\/\/chenkse.com\/de\/wie-man-zwischen-led-anzeigen-fur-innen-und-ausenbuhnen-unterscheidet\/\" aria-label=\"Mehr \u00fcber How to distinguish between indoor and outdoor stage led display?\" tabindex=\"-1\" >\n\t\t\tWeiterlesen &quot;\t\t<\/a>\t\t\t\t<\/div>\t\t\t\t<\/article>\t\t\t\t<article class=\"elementor-post elementor-grid-item post-22108 post type-post status-publish format-standard has-post-thumbnail hentry category-industry-news category-news\" role=\"listitem\">\t\t\t\t<a class=\"elementor-post__thumbnail__link\" href=\"https:\/\/chenkse.com\/de\/neugierig-auf-die-zukunft-der-displays-sind-led-bildschirme-die-antwort-auf-immersive-inhalte\/\" tabindex=\"-1\" >\n\t\t\t<div class=\"elementor-post__thumbnail\"><img decoding=\"async\" width=\"768\" height=\"505\" data-src=\"https:\/\/chenkse.com\/wp-content\/smush-avif\/11-10.jpg.avif\" class=\"attachment-medium_large size-medium_large wp-image-22121 lazyload\" alt=\"\" src=\"data:image\/svg+xml;base64,PHN2ZyB3aWR0aD0iMSIgaGVpZ2h0PSIxIiB4bWxucz0iaHR0cDovL3d3dy53My5vcmcvMjAwMC9zdmciPjwvc3ZnPg==\" style=\"--smush-placeholder-width: 768px; --smush-placeholder-aspect-ratio: 768\/505;\" \/><\/div>\n\t\t<\/a>\t\t\t\t<div class=\"elementor-post__text\">\t\t\t\t<h2 class=\"elementor-post__title\">\n\t\t\t<a href=\"https:\/\/chenkse.com\/de\/neugierig-auf-die-zukunft-der-displays-sind-led-bildschirme-die-antwort-auf-immersive-inhalte\/\" >\n\t\t\t\tNeugierig auf die Zukunft der Displays? Sind LED-Bildschirme die Antwort auf immersive Inhalte?\t\t\t<\/a>\n\t\t<\/h2>\t\t\t\t<div class=\"elementor-post__excerpt\">\t\t\t<p>LED-Bildschirme haben die Welt der Displays ver\u00e4ndert und werden oft als vielversprechende L\u00f6sung f\u00fcr immersive Inhalte angesehen.<\/p>\t\t<\/div>\t\t\t\t<a class=\"elementor-post__read-more\" href=\"https:\/\/chenkse.com\/de\/neugierig-auf-die-zukunft-der-displays-sind-led-bildschirme-die-antwort-auf-immersive-inhalte\/\" aria-label=\"Mehr \u00fcber Curious About the Future of Displays? Are LED Screens the Answer to Immersive Content?\" tabindex=\"-1\" >\n\t\t\tWeiterlesen &quot;\t\t<\/a>\t\t\t\t<\/div>\t\t\t\t<\/article>\t\t\t\t<article class=\"elementor-post elementor-grid-item post-22070 post type-post status-publish format-standard has-post-thumbnail hentry category-company-news\" role=\"listitem\">\t\t\t\t<a class=\"elementor-post__thumbnail__link\" href=\"https:\/\/chenkse.com\/de\/reparatur-toter-pixel-bei-led-anzeigen\/\" tabindex=\"-1\" >\n\t\t\t<div class=\"elementor-post__thumbnail\"><img decoding=\"async\" width=\"768\" height=\"505\" data-src=\"https:\/\/chenkse.com\/wp-content\/smush-avif\/O-03.jpg.avif\" class=\"attachment-medium_large size-medium_large wp-image-22074 lazyload\" alt=\"\" src=\"data:image\/svg+xml;base64,PHN2ZyB3aWR0aD0iMSIgaGVpZ2h0PSIxIiB4bWxucz0iaHR0cDovL3d3dy53My5vcmcvMjAwMC9zdmciPjwvc3ZnPg==\" style=\"--smush-placeholder-width: 768px; --smush-placeholder-aspect-ratio: 768\/505;\" \/><\/div>\n\t\t<\/a>\t\t\t\t<div class=\"elementor-post__text\">\t\t\t\t<h2 class=\"elementor-post__title\">\n\t\t\t<a href=\"https:\/\/chenkse.com\/de\/reparatur-toter-pixel-bei-led-anzeigen\/\" >\n\t\t\t\tMethoden und F\u00e4higkeiten f\u00fcr die Reparatur toter Pixel auf LED-Bildschirmen\t\t\t<\/a>\n\t\t<\/h2>\t\t\t\t<div class=\"elementor-post__excerpt\">\t\t\t<p>Tote Pixel verursachen Unannehmlichkeiten und \u00c4rger f\u00fcr die Benutzer. Daher sind die Methoden und F\u00e4higkeiten zur Reparatur toter Pixel bei LED-Anzeigen sehr wichtig.<\/p>\t\t<\/div>\t\t\t\t<a class=\"elementor-post__read-more\" href=\"https:\/\/chenkse.com\/de\/reparatur-toter-pixel-bei-led-anzeigen\/\" aria-label=\"Mehr \u00fcber Methods and Skills for LED Display Screen Dead Pixel Repair\" tabindex=\"-1\" >\n\t\t\tWeiterlesen &quot;\t\t<\/a>\t\t\t\t<\/div>\t\t\t\t<\/article>\t\t\t\t<article class=\"elementor-post elementor-grid-item post-22004 post type-post status-publish format-standard has-post-thumbnail hentry category-industry-news\" role=\"listitem\">\t\t\t\t<a class=\"elementor-post__thumbnail__link\" href=\"https:\/\/chenkse.com\/de\/so-verbessern-sie-die-vorsichtsmasnahmen-fur-die-tagliche-wartung-von-led-displays-im-freien\/\" tabindex=\"-1\" >\n\t\t\t<div class=\"elementor-post__thumbnail\"><img decoding=\"async\" width=\"768\" height=\"768\" data-src=\"https:\/\/chenkse.com\/wp-content\/smush-avif\/07-7.jpg.avif\" class=\"attachment-medium_large size-medium_large wp-image-20558 lazyload\" alt=\"\" src=\"data:image\/svg+xml;base64,PHN2ZyB3aWR0aD0iMSIgaGVpZ2h0PSIxIiB4bWxucz0iaHR0cDovL3d3dy53My5vcmcvMjAwMC9zdmciPjwvc3ZnPg==\" style=\"--smush-placeholder-width: 768px; --smush-placeholder-aspect-ratio: 768\/768;\" \/><\/div>\n\t\t<\/a>\t\t\t\t<div class=\"elementor-post__text\">\t\t\t\t<h2 class=\"elementor-post__title\">\n\t\t\t<a href=\"https:\/\/chenkse.com\/de\/so-verbessern-sie-die-vorsichtsmasnahmen-fur-die-tagliche-wartung-von-led-displays-im-freien\/\" >\n\t\t\t\tSo verbessern Sie die Vorsichtsma\u00dfnahmen f\u00fcr die t\u00e4gliche Wartung von LED-Anzeigen f\u00fcr den Au\u00dfenbereich\t\t\t<\/a>\n\t\t<\/h2>\t\t\t\t<div class=\"elementor-post__excerpt\">\t\t\t<p>The maintenance methods of <a href=\"https:\/\/chenkse.com\/de\/led-bildschirme-fur-den-ausenbereich\/\">LED-Anzeige im Freien<\/a> sind haupts\u00e4chlich \u201eReinigung, Befestigung, Sichtpr\u00fcfung, Kalibrierung\u201c<\/p>\t\t<\/div>\t\t\t\t<a class=\"elementor-post__read-more\" href=\"https:\/\/chenkse.com\/de\/so-verbessern-sie-die-vorsichtsmasnahmen-fur-die-tagliche-wartung-von-led-displays-im-freien\/\" aria-label=\"Mehr \u00fcber How to Improve the Daily Maintenance Precautions of Outdoor LED Displays\" tabindex=\"-1\" >\n\t\t\tWeiterlesen &quot;\t\t<\/a>\t\t\t\t<\/div>\t\t\t\t<\/article>\t\t\t\t<\/div>\t\t\t\t\t\t<div class=\"e-load-more-anchor\" data-page=\"1\" data-max-page=\"7\" data-next-page=\"https:\/\/chenkse.com\/wp-json\/wp\/v2\/pages\/1136\/page\/2\/\"><\/div>\t\t\t\t<nav class=\"elementor-pagination\" aria-label=\"Seitennummerierung\">\t\t\t<span class=\"page-numbers prev\">&quot; Bisherige<\/span><span aria-current=\"page\" class=\"page-numbers current\"><span class=\"elementor-screen-only\">Seite<\/span>1<\/span><a class=\"page-numbers\" href=\"https:\/\/chenkse.com\/wp-json\/wp\/v2\/pages\/1136\/page\/2\/\"><span class=\"elementor-screen-only\">Seite<\/span>2<\/a><a class=\"page-numbers\" href=\"https:\/\/chenkse.com\/wp-json\/wp\/v2\/pages\/1136\/page\/3\/\"><span class=\"elementor-screen-only\">Seite<\/span>3<\/a><span class=\"page-numbers dots\">\u2026<\/span><a class=\"page-numbers\" href=\"https:\/\/chenkse.com\/wp-json\/wp\/v2\/pages\/1136\/page\/5\/\"><span class=\"elementor-screen-only\">Seite<\/span>5<\/a><a class=\"page-numbers next\" href=\"https:\/\/chenkse.com\/wp-json\/wp\/v2\/pages\/1136\/page\/2\/\">N\u00e4chster &quot;<\/a>\t\t<\/nav>\t\t\t\t\t\t<\/div>\t\t\t\t<\/div>\t\t\t\t\t<\/div>\t\t<\/div>\t\t\t\t\t<\/div>\t\t<\/section>\t\t\t\t<\/div>","protected":false},"excerpt":{"rendered":"<p>NEWSHome &gt; Neuigkeiten&nbsp;<\/p>","protected":false},"author":5,"featured_media":20746,"parent":0,"menu_order":0,"comment_status":"closed","ping_status":"closed","template":"","meta":{"footnotes":""},"class_list":["post-1136","page","type-page","status-publish","has-post-thumbnail","hentry"],"yoast_head":"<!-- This site is optimized with the Yoast SEO Premium plugin v26.1 (Yoast SEO v26.8) - https:\/\/yoast.com\/product\/yoast-seo-premium-wordpress\/ -->\n<title>LED displayNews - CHENKSE fine pixel pitch LED display<\/title>\n<meta name=\"description\" content=\"outdoor LED display occupy a dominant position in the advertising field. According to the different needs of each project,\" \/>\n<meta name=\"robots\" content=\"index, follow, max-snippet:-1, max-image-preview:large, max-video-preview:-1\" \/>\n<link rel=\"canonical\" href=\"https:\/\/chenkse.com\/de\/neuigkeiten-fur-led-displays\/\" \/>\n<meta property=\"og:locale\" content=\"de_DE\" \/>\n<meta property=\"og:type\" content=\"article\" \/>\n<meta property=\"og:title\" content=\"News\" \/>\n<meta property=\"og:description\" content=\"outdoor LED display occupy a dominant position in the advertising field. According to the different needs of each project,\" \/>\n<meta property=\"og:url\" content=\"https:\/\/chenkse.com\/de\/neuigkeiten-fur-led-displays\/\" \/>\n<meta property=\"og:site_name\" content=\"CHENKSE\" \/>\n<meta property=\"article:modified_time\" content=\"2023-05-17T07:38:33+00:00\" \/>\n<meta property=\"og:image\" content=\"https:\/\/chenkse.com\/wp-content\/uploads\/FS-01.jpg\" \/>\n\t<meta property=\"og:image:width\" content=\"700\" \/>\n\t<meta property=\"og:image:height\" content=\"624\" \/>\n\t<meta property=\"og:image:type\" content=\"image\/jpeg\" \/>\n<meta name=\"twitter:card\" content=\"summary_large_image\" \/>\n<meta name=\"twitter:label1\" content=\"Gesch\u00e4tzte Lesezeit\" \/>\n\t<meta name=\"twitter:data1\" content=\"1\u00a0Minute\" \/>\n<script type=\"application\/ld+json\" class=\"yoast-schema-graph\">{\"@context\":\"https:\/\/schema.org\",\"@graph\":[{\"@type\":\"WebPage\",\"@id\":\"https:\/\/chenkse.com\/news-for-led-display\/\",\"url\":\"https:\/\/chenkse.com\/news-for-led-display\/\",\"name\":\"LED displayNews - CHENKSE fine pixel pitch LED display\",\"isPartOf\":{\"@id\":\"https:\/\/chenkse.com\/#website\"},\"primaryImageOfPage\":{\"@id\":\"https:\/\/chenkse.com\/news-for-led-display\/#primaryimage\"},\"image\":{\"@id\":\"https:\/\/chenkse.com\/news-for-led-display\/#primaryimage\"},\"thumbnailUrl\":\"https:\/\/chenkse.com\/wp-content\/uploads\/FS-01.jpg\",\"datePublished\":\"2021-01-06T17:55:37+00:00\",\"dateModified\":\"2023-05-17T07:38:33+00:00\",\"description\":\"outdoor LED display occupy a dominant position in the advertising field. According to the different needs of each project,\",\"breadcrumb\":{\"@id\":\"https:\/\/chenkse.com\/news-for-led-display\/#breadcrumb\"},\"inLanguage\":\"de\",\"potentialAction\":[{\"@type\":\"ReadAction\",\"target\":[\"https:\/\/chenkse.com\/news-for-led-display\/\"]}]},{\"@type\":\"ImageObject\",\"inLanguage\":\"de\",\"@id\":\"https:\/\/chenkse.com\/news-for-led-display\/#primaryimage\",\"url\":\"https:\/\/chenkse.com\/wp-content\/uploads\/FS-01.jpg\",\"contentUrl\":\"https:\/\/chenkse.com\/wp-content\/uploads\/FS-01.jpg\",\"width\":700,\"height\":624,\"caption\":\"Rental led screen\"},{\"@type\":\"BreadcrumbList\",\"@id\":\"https:\/\/chenkse.com\/news-for-led-display\/#breadcrumb\",\"itemListElement\":[{\"@type\":\"ListItem\",\"position\":1,\"name\":\"\u9996\u9875\",\"item\":\"https:\/\/chenkse.com\/\"},{\"@type\":\"ListItem\",\"position\":2,\"name\":\"News\"}]},{\"@type\":\"WebSite\",\"@id\":\"https:\/\/chenkse.com\/#website\",\"url\":\"https:\/\/chenkse.com\/\",\"name\":\"CHENKSE\",\"description\":\"CHENKSE LED DISPLAY Manufacturers\",\"publisher\":{\"@id\":\"https:\/\/chenkse.com\/#organization\"},\"potentialAction\":[{\"@type\":\"SearchAction\",\"target\":{\"@type\":\"EntryPoint\",\"urlTemplate\":\"https:\/\/chenkse.com\/?s={search_term_string}\"},\"query-input\":{\"@type\":\"PropertyValueSpecification\",\"valueRequired\":true,\"valueName\":\"search_term_string\"}}],\"inLanguage\":\"de\"},{\"@type\":\"Organization\",\"@id\":\"https:\/\/chenkse.com\/#organization\",\"name\":\"CHENKSE Optoelectronics\",\"url\":\"https:\/\/chenkse.com\/\",\"logo\":{\"@type\":\"ImageObject\",\"inLanguage\":\"de\",\"@id\":\"https:\/\/chenkse.com\/#\/schema\/logo\/image\/\",\"url\":\"https:\/\/i0.wp.com\/chenkse.com\/wp-content\/uploads\/2021\/01\/0e78fced5d44a0567f05193566e48887.png?fit=326%2C100&ssl=1\",\"contentUrl\":\"https:\/\/i0.wp.com\/chenkse.com\/wp-content\/uploads\/2021\/01\/0e78fced5d44a0567f05193566e48887.png?fit=326%2C100&ssl=1\",\"width\":326,\"height\":100,\"caption\":\"CHENKSE Optoelectronics\"},\"image\":{\"@id\":\"https:\/\/chenkse.com\/#\/schema\/logo\/image\/\"}}]}<\/script>\n<!-- \/ Yoast SEO Premium plugin. -->","yoast_head_json":{"title":"LED displayNews - CHENKSE LED-Anzeige mit feinem Pixelabstand","description":"LED-Au\u00dfenanzeigen nehmen im Werbebereich eine beherrschende Stellung ein. Entsprechend den unterschiedlichen Anforderungen jedes Projekts,","robots":{"index":"index","follow":"follow","max-snippet":"max-snippet:-1","max-image-preview":"max-image-preview:large","max-video-preview":"max-video-preview:-1"},"canonical":"https:\/\/chenkse.com\/de\/neuigkeiten-fur-led-displays\/","og_locale":"de_DE","og_type":"article","og_title":"News","og_description":"outdoor LED display occupy a dominant position in the advertising field. According to the different needs of each project,","og_url":"https:\/\/chenkse.com\/de\/neuigkeiten-fur-led-displays\/","og_site_name":"CHENKSE","article_modified_time":"2023-05-17T07:38:33+00:00","og_image":[{"width":700,"height":624,"url":"https:\/\/chenkse.com\/wp-content\/uploads\/FS-01.jpg","type":"image\/jpeg"}],"twitter_card":"summary_large_image","twitter_misc":{"Gesch\u00e4tzte Lesezeit":"1\u00a0Minute"},"schema":{"@context":"https:\/\/schema.org","@graph":[{"@type":"WebPage","@id":"https:\/\/chenkse.com\/news-for-led-display\/","url":"https:\/\/chenkse.com\/news-for-led-display\/","name":"LED displayNews - CHENKSE LED-Anzeige mit feinem Pixelabstand","isPartOf":{"@id":"https:\/\/chenkse.com\/#website"},"primaryImageOfPage":{"@id":"https:\/\/chenkse.com\/news-for-led-display\/#primaryimage"},"image":{"@id":"https:\/\/chenkse.com\/news-for-led-display\/#primaryimage"},"thumbnailUrl":"https:\/\/chenkse.com\/wp-content\/uploads\/FS-01.jpg","datePublished":"2021-01-06T17:55:37+00:00","dateModified":"2023-05-17T07:38:33+00:00","description":"LED-Au\u00dfenanzeigen nehmen im Werbebereich eine beherrschende Stellung ein. Entsprechend den unterschiedlichen Anforderungen jedes Projekts,","breadcrumb":{"@id":"https:\/\/chenkse.com\/news-for-led-display\/#breadcrumb"},"inLanguage":"de","potentialAction":[{"@type":"ReadAction","target":["https:\/\/chenkse.com\/news-for-led-display\/"]}]},{"@type":"ImageObject","inLanguage":"de","@id":"https:\/\/chenkse.com\/news-for-led-display\/#primaryimage","url":"https:\/\/chenkse.com\/wp-content\/uploads\/FS-01.jpg","contentUrl":"https:\/\/chenkse.com\/wp-content\/uploads\/FS-01.jpg","width":700,"height":624,"caption":"Rental led screen"},{"@type":"BreadcrumbList","@id":"https:\/\/chenkse.com\/news-for-led-display\/#breadcrumb","itemListElement":[{"@type":"ListItem","position":1,"name":"\u9996\u9875","item":"https:\/\/chenkse.com\/"},{"@type":"ListItem","position":2,"name":"News"}]},{"@type":"WebSite","@id":"https:\/\/chenkse.com\/#website","url":"https:\/\/chenkse.com\/","name":"CHENKSE","description":"CHENKSE LED DISPLAY Hersteller","publisher":{"@id":"https:\/\/chenkse.com\/#organization"},"potentialAction":[{"@type":"SearchAction","target":{"@type":"EntryPoint","urlTemplate":"https:\/\/chenkse.com\/?s={search_term_string}"},"query-input":{"@type":"PropertyValueSpecification","valueRequired":true,"valueName":"search_term_string"}}],"inLanguage":"de"},{"@type":"Organization","@id":"https:\/\/chenkse.com\/#organization","name":"CHENKSE Optoelektronik","url":"https:\/\/chenkse.com\/","logo":{"@type":"ImageObject","inLanguage":"de","@id":"https:\/\/chenkse.com\/#\/schema\/logo\/image\/","url":"https:\/\/i0.wp.com\/chenkse.com\/wp-content\/uploads\/2021\/01\/0e78fced5d44a0567f05193566e48887.png?fit=326%2C100&ssl=1","contentUrl":"https:\/\/i0.wp.com\/chenkse.com\/wp-content\/uploads\/2021\/01\/0e78fced5d44a0567f05193566e48887.png?fit=326%2C100&ssl=1","width":326,"height":100,"caption":"CHENKSE Optoelectronics"},"image":{"@id":"https:\/\/chenkse.com\/#\/schema\/logo\/image\/"}}]}},"jetpack_shortlink":"https:\/\/wp.me\/PcGJnS-ik","jetpack_sharing_enabled":true,"_links":{"self":[{"href":"https:\/\/chenkse.com\/de\/wp-json\/wp\/v2\/pages\/1136","targetHints":{"allow":["GET"]}}],"collection":[{"href":"https:\/\/chenkse.com\/de\/wp-json\/wp\/v2\/pages"}],"about":[{"href":"https:\/\/chenkse.com\/de\/wp-json\/wp\/v2\/types\/page"}],"author":[{"embeddable":true,"href":"https:\/\/chenkse.com\/de\/wp-json\/wp\/v2\/users\/5"}],"replies":[{"embeddable":true,"href":"https:\/\/chenkse.com\/de\/wp-json\/wp\/v2\/comments?post=1136"}],"version-history":[{"count":0,"href":"https:\/\/chenkse.com\/de\/wp-json\/wp\/v2\/pages\/1136\/revisions"}],"wp:featuredmedia":[{"embeddable":true,"href":"https:\/\/chenkse.com\/de\/wp-json\/wp\/v2\/media\/20746"}],"wp:attachment":[{"href":"https:\/\/chenkse.com\/de\/wp-json\/wp\/v2\/media?parent=1136"}],"curies":[{"name":"wp","href":"https:\/\/api.w.org\/{rel}","templated":true}]}}