{"id":9877,"date":"2021-02-06T10:19:54","date_gmt":"2021-02-06T02:19:54","guid":{"rendered":"https:\/\/chenkse.com\/?page_id=9877"},"modified":"2021-05-14T04:15:44","modified_gmt":"2021-05-14T08:15:44","slug":"led-anzeige-im-unternehmen","status":"publish","type":"page","link":"https:\/\/chenkse.com\/de\/led-anzeige-im-unternehmen\/","title":{"rendered":"Corporate"},"content":{"rendered":"<div data-elementor-type=\"wp-page\" data-elementor-id=\"9877\" class=\"elementor elementor-9877\" data-elementor-post-type=\"page\">\t\t\t\t\t\t<section class=\"elementor-section elementor-top-section elementor-element elementor-element-7d34e222 elementor-section-boxed elementor-section-height-default elementor-section-height-default elementor-section-smoke-no elementor-section-raindrops-no elementor-section-parallax-no elementor-section-floatimg-no\" data-id=\"7d34e222\" data-element_type=\"section\" data-e-type=\"section\">\t\t\t\t\t\t<div class=\"elementor-container elementor-column-gap-default\">\t\t\t\t\t<div class=\"elementor-column elementor-col-100 elementor-top-column elementor-element elementor-element-6d3c7355\" data-id=\"6d3c7355\" data-element_type=\"column\" data-e-type=\"column\">\t\t\t<div class=\"elementor-widget-wrap elementor-element-populated\">\t\t\t\t\t\t<div class=\"elementor-element elementor-element-6130a741 elementor--h-position-center elementor--v-position-middle elementor-arrows-position-inside elementor-pagination-position-inside elementor-widget elementor-widget-slides\" data-id=\"6130a741\" data-element_type=\"widget\" data-e-type=\"widget\" data-settings=\"{&quot;navigation&quot;:&quot;both&quot;,&quot;autoplay&quot;:&quot;yes&quot;,&quot;pause_on_hover&quot;:&quot;yes&quot;,&quot;pause_on_interaction&quot;:&quot;yes&quot;,&quot;autoplay_speed&quot;:5000,&quot;infinite&quot;:&quot;yes&quot;,&quot;transition&quot;:&quot;slide&quot;,&quot;transition_speed&quot;:500}\" data-widget_type=\"slides.default\">\t\t\t\t\t\t\t\t\t\t<div class=\"elementor-slides-wrapper elementor-main-swiper swiper\" role=\"region\" aria-roledescription=\"carousel\" aria-label=\"Schieberegler\" dir=\"ltr\" data-animation=\"fadeInUp\">\t\t\t\t<div class=\"swiper-wrapper elementor-slides\">\t\t\t\t\t\t\t\t\t\t<div class=\"elementor-repeater-item-4b00d15 swiper-slide\" role=\"group\" aria-roledescription=\"slide\"><div class=\"swiper-slide-bg\" role=\"img\" aria-label=\"LED-Firmenanzeige\"><\/div><div class=\"elementor-background-overlay\"><\/div><div class=\"swiper-slide-inner\" ><div class=\"swiper-slide-contents\"><div class=\"elementor-slide-heading\">Produkt: RSI39 <\/div><div class=\"elementor-slide-description\"><a rel=\"nofollow\" href=\"https:\/\/chenkse.com\/de\/\">LED-Anzeige<\/a> f\u00fcr KMA-Konferenzraum 12 m\u00b2<\/div><div  class=\"elementor-button elementor-slide-button elementor-size-sm\">Klicken Sie hier<\/div><\/div><\/div><\/div><div class=\"elementor-repeater-item-b73084b swiper-slide\" role=\"group\" aria-roledescription=\"slide\"><div class=\"swiper-slide-bg\" role=\"img\" aria-label=\"LED-Display f\u00fcr Unternehmensanwendungen\"><\/div><a class=\"swiper-slide-inner\" href=\"https:\/\/chenkse.com\/de\/if30\/\"><div class=\"swiper-slide-contents\"><div class=\"elementor-slide-heading\">Produkt: IF30<\/div><div class=\"elementor-slide-description\">3,0 mm Pixelabstand F\u00fcr LED-Videow\u00e4nde mit hoher Helligkeit, Weitsicht, hoher Zuverl\u00e4ssigkeit, langer Lebensdauer, geringem Gewicht, bequemer Installation und einfacher Wartung.<\/div><div  class=\"elementor-button elementor-slide-button elementor-size-sm\">Klicken Sie hier<\/div><\/div><\/a><\/div><div class=\"elementor-repeater-item-211f162 swiper-slide\" role=\"group\" aria-roledescription=\"slide\"><div class=\"swiper-slide-bg\" role=\"img\" aria-label=\"LED-Display f\u00fcr Firmenbesprechungen\"><\/div><a class=\"swiper-slide-inner\" href=\"https:\/\/chenkse.com\/de\/rsi48\/\"><div class=\"swiper-slide-contents\"><div class=\"elementor-slide-heading\">Produkt: RSI48<\/div><div class=\"elementor-slide-description\">RSI48 Indoor Front Serving Vermietung LED-Panel mit leichtem Druckgussschrank und Magnetmodul f\u00fcr B\u00fchnen und Veranstaltungen<\/div><div  class=\"elementor-button elementor-slide-button elementor-size-sm\">Klicken Sie hier<\/div><\/div><\/a><\/div><div class=\"elementor-repeater-item-fe162f2 swiper-slide\" role=\"group\" aria-roledescription=\"slide\"><div class=\"swiper-slide-bg\" role=\"img\" aria-label=\"LED-Anzeigetafel im Einkaufszentrum\"><\/div><div class=\"swiper-slide-inner\" ><div class=\"swiper-slide-contents\"><div class=\"elementor-slide-heading\">Einkaufszentrum LED-Anzeige in Rostow Russland<\/div><div class=\"elementor-slide-description\">Erstellen Sie einzigartige Schr\u00e4nke mit Modulen in verschiedenen Formen und Gr\u00f6\u00dfen f\u00fcr 140 m\u00b2 das Shopping Mall LED-Display. <\/div><div  class=\"elementor-button elementor-slide-button elementor-size-sm\">Klicken Sie hier<\/div><\/div><\/div><\/div>\t\t\t\t<\/div>\t\t\t\t\t\t\t\t\t\t\t\t\t\t\t<div class=\"elementor-swiper-button elementor-swiper-button-prev\" role=\"button\" tabindex=\"0\" aria-label=\"Vorheriger Slide\">\t\t\t\t\t\t\t<svg aria-hidden=\"true\" class=\"e-font-icon-svg e-eicon-chevron-left\" viewbox=\"0 0 1000 1000\" xmlns=\"http:\/\/www.w3.org\/2000\/svg\"><path d=\"M646 125C629 125 613 133 604 142L308 442C296 454 292 471 292 487 292 504 296 521 308 533L604 854C617 867 629 875 646 875 663 875 679 871 692 858 704 846 713 829 713 812 713 796 708 779 692 767L438 487 692 225C700 217 708 204 708 187 708 171 704 154 692 142 675 129 663 125 646 125Z\"><\/path><\/svg>\t\t\t\t\t\t<\/div>\t\t\t\t\t\t<div class=\"elementor-swiper-button elementor-swiper-button-next\" role=\"button\" tabindex=\"0\" aria-label=\"N\u00e4chster Slide\">\t\t\t\t\t\t\t<svg aria-hidden=\"true\" class=\"e-font-icon-svg e-eicon-chevron-right\" viewbox=\"0 0 1000 1000\" xmlns=\"http:\/\/www.w3.org\/2000\/svg\"><path d=\"M696 533C708 521 713 504 713 487 713 471 708 454 696 446L400 146C388 133 375 125 354 125 338 125 325 129 313 142 300 154 292 171 292 187 292 204 296 221 308 233L563 492 304 771C292 783 288 800 288 817 288 833 296 850 308 863 321 871 338 875 354 875 371 875 388 867 400 854L696 533Z\"><\/path><\/svg>\t\t\t\t\t\t<\/div>\t\t\t\t\t\t\t\t\t\t\t\t\t\t\t\t<div class=\"swiper-pagination\"><\/div>\t\t\t\t\t\t\t\t\t\t\t\t<\/div>\t\t\t\t\t\t\t\t<\/div>\t\t\t\t\t<\/div>\t\t<\/div>\t\t\t\t\t<\/div>\t\t<\/section>\t\t\t\t<section class=\"elementor-section elementor-top-section elementor-element elementor-element-1e9add75 elementor-section-boxed elementor-section-height-default elementor-section-height-default elementor-section-smoke-no elementor-section-raindrops-no elementor-section-parallax-no elementor-section-floatimg-no\" data-id=\"1e9add75\" data-element_type=\"section\" data-e-type=\"section\">\t\t\t\t\t\t<div class=\"elementor-container elementor-column-gap-default\">\t\t\t\t\t<div class=\"elementor-column elementor-col-33 elementor-top-column elementor-element elementor-element-7b90a142\" data-id=\"7b90a142\" data-element_type=\"column\" data-e-type=\"column\">\t\t\t<div class=\"elementor-widget-wrap elementor-element-populated\">\t\t\t\t\t\t<div class=\"elementor-element elementor-element-39c28ab1 elementor-widget elementor-widget-image\" data-id=\"39c28ab1\" data-element_type=\"widget\" data-e-type=\"widget\" data-widget_type=\"image.default\">\t\t\t\t\t\t\t\t\t\t\t\t\t\t\t<img decoding=\"async\" width=\"350\" height=\"350\" data-src=\"https:\/\/chenkse.com\/wp-content\/smush-avif\/IS19.jpg.avif\" class=\"attachment-large size-large wp-image-2674 lazyload\" alt=\"Kreative LED-Anzeige\" src=\"data:image\/svg+xml;base64,PHN2ZyB3aWR0aD0iMSIgaGVpZ2h0PSIxIiB4bWxucz0iaHR0cDovL3d3dy53My5vcmcvMjAwMC9zdmciPjwvc3ZnPg==\" style=\"--smush-placeholder-width: 350px; --smush-placeholder-aspect-ratio: 350\/350;\" \/>\t\t\t\t\t\t\t\t\t\t\t\t\t\t\t<\/div>\t\t\t\t\t<\/div>\t\t<\/div>\t\t\t\t<div class=\"elementor-column elementor-col-66 elementor-top-column elementor-element elementor-element-3e9f5a96\" data-id=\"3e9f5a96\" data-element_type=\"column\" data-e-type=\"column\">\t\t\t<div class=\"elementor-widget-wrap elementor-element-populated\">\t\t\t\t\t\t<div class=\"elementor-element elementor-element-61472214 elementor-widget elementor-widget-text-editor\" data-id=\"61472214\" data-element_type=\"widget\" data-e-type=\"widget\" data-widget_type=\"text-editor.default\">\t\t\t\t\t\t\t\t\t<div class=\"wp-block-spacer\" style=\"height: 64px;\" aria-hidden=\"true\"><h1><strong><span style=\"color: #000000;\">LED-Anzeige in Firmenveranstaltungen&nbsp;<\/span><\/strong><\/h1><\/div><div class=\"wpb_text_column wpb_content_element vc_custom_1550015292097\"><div class=\"wpb_wrapper\"><p><span style=\"color: #000000;\">Wenn Sie f\u00fcr die Organisation einer Firmenveranstaltung verantwortlich sind, haben Sie die einmalige Gelegenheit, dass ein Unternehmen in den K\u00f6pfen aller einen unvergesslichen Eindruck hinterl\u00e4sst. CHENKSE ist Ihr Live-Event-Partner. Wir haben jahrzehntelange Erfahrung mit der Produktion von Firmenveranstaltungen und erstellen wundersch\u00f6ne Firmenvideow\u00e4nde. Und wir k\u00f6nnen ihre weitreichenden technischen F\u00e4higkeiten f\u00fcr Ihren n\u00e4chsten gro\u00dfen Tag einsetzen.<\/span><\/p><p><span style=\"color: #000000; font-size: 16px;\">CHENKSE hat sich darauf spezialisiert, seine erstklassige Ausr\u00fcstung und seinen technischen Support f\u00fcr die folgenden Arten von Firmenveranstaltungen bereitzustellen:<\/span><\/p><\/div><\/div><div class=\"wpb_wrapper\"><ul><li><span style=\"color: #000000;\">Unternehmenskonferenzen<\/span><\/li><li><span style=\"color: #000000;\">Firmenfeiern<\/span><\/li><li><span style=\"color: #000000;\">Konventionen<\/span><\/li><li><span style=\"color: #000000;\">Ausstellungsdesigns<\/span><\/li><li><span style=\"color: #000000;\">Expos<\/span><\/li><li><span style=\"color: #000000;\">Fachmessen<\/span><\/li><\/ul><\/div>\t\t\t\t\t\t\t\t<\/div>\t\t\t\t\t<\/div>\t\t<\/div>\t\t\t\t\t<\/div>\t\t<\/section>\t\t\t\t<section class=\"elementor-section elementor-top-section elementor-element elementor-element-767476ff elementor-section-boxed elementor-section-height-default elementor-section-height-default elementor-section-smoke-no elementor-section-raindrops-no elementor-section-parallax-no elementor-section-floatimg-no\" data-id=\"767476ff\" data-element_type=\"section\" data-e-type=\"section\">\t\t\t\t\t\t<div class=\"elementor-container elementor-column-gap-default\">\t\t\t\t\t<div class=\"elementor-column elementor-col-100 elementor-top-column elementor-element elementor-element-470be637\" data-id=\"470be637\" data-element_type=\"column\" data-e-type=\"column\">\t\t\t<div class=\"elementor-widget-wrap elementor-element-populated\">\t\t\t\t\t\t<div class=\"elementor-element elementor-element-d42022a elementor-widget elementor-widget-text-editor\" data-id=\"d42022a\" data-element_type=\"widget\" data-e-type=\"widget\" data-widget_type=\"text-editor.default\">\t\t\t\t\t\t\t\t\t<h2 class=\"red-accent\"><strong><span style=\"color: #000000;\">Verbessern Sie das Unternehmensumfeld<\/span><\/strong><\/h2><div class=\"rte-bullets\"><p><span style=\"color: #000000;\">Um wettbewerbsf\u00e4hig zu bleiben, m\u00fcssen Unternehmen Wege finden, um Kunden zu gewinnen, Talente anzuziehen und ihre Marken sichtbarer zu machen. Sie ben\u00f6tigen auch Tools, die zur Zusammenarbeit anregen und die Produktivit\u00e4t steigern. Modernste LED-Anzeigetechnologien f\u00fcr Unternehmen sind Investitionen, die zukunftsorientierte Unternehmen in ihre Mitarbeiter und Einrichtungen t\u00e4tigen, um das Unternehmensumfeld zu ver\u00e4ndern und die Mitarbeiter zu bef\u00e4higen.<\/span><\/p><\/div><div class=\"rte-bullets\"><div class=\"col-xs-12 col-md-6\"><h3><span style=\"color: #000000;\">Geben Sie eine gro\u00dfe Erkl\u00e4rung ab<\/span><\/h3><p><span style=\"color: #000000;\">Die gro\u00dfen und lebendigen Videow\u00e4nde \u00fcberraschen die Lobbys und Auditorien des Unternehmens und hinterlassen einen starken Eindruck bei Kunden und Mitarbeitern. Die einzigartigen Medieninstallationen und digitalen Leinw\u00e4nde begeistern den Unternehmensbereich.<\/span><\/p><h3><span style=\"color: #000000;\">Steigern Sie das Markenengagement<\/span><\/h3><p><span style=\"color: #000000;\">Als Medium f\u00fcr eine echte Markenbeteiligung k\u00f6nnen visuelle Videowandinstallationen sowie Touchscreen-Displays und Videow\u00e4nde eindringliche Erlebnisse f\u00f6rdern und durch interaktive Erz\u00e4hlungen M\u00f6glichkeiten f\u00fcr tiefere Verbindungen bieten.<\/span><\/p><p><span style=\"color: #000000;\">Im Empfangsbereich k\u00f6nnen Sie mit modernster Display-Technologie die Talente des Unternehmens hervorheben, Ihre Mission zum Ausdruck bringen oder Ihre Marke auf attraktive Weise pr\u00e4sentieren. In High-Tech-Showrooms und Experience Centern bieten interaktive und dynamische digitale L\u00f6sungen eine Plattform, die Pr\u00e4sentationen und beeindruckende Produktdemonstrationen anzieht.<\/span><\/p><\/div><div class=\"col-xs-12\"><h3><span style=\"color: #000000;\">Optimieren Sie den Arbeitsplatz<\/span><\/h3><p><span style=\"color: #000000;\">Vision\u00e4re Unternehmen setzen auf Innovationen, die die Arbeitsweise der Menschen ver\u00e4ndern. Dazu geh\u00f6ren Display-L\u00f6sungen, die Tools f\u00fcr die Zusammenarbeit und Kommunikation bereitstellen und Mitarbeiter motivieren, intelligenter und effizienter zu arbeiten.<\/span><\/p><p><span style=\"color: #000000;\">Am Arbeitsplatz bieten interaktive Multitouch-Videow\u00e4nde und -Displays eine Reihe von Funktionen f\u00fcr die Zusammenarbeit, mit denen Benutzer mit Inhalten interagieren, Materialien bearbeiten und verarbeiten sowie Ressourcen schnell gemeinsam nutzen k\u00f6nnen. Die ultrahochaufl\u00f6sende Anzeigetechnologie ist klar, lebendig und klar. Und es kann Pr\u00e4sentationen optimieren und es Unternehmen erm\u00f6glichen, effektiver mit ihren Mitarbeitern zu kommunizieren.<\/span><\/p><\/div><\/div>\t\t\t\t\t\t\t\t<\/div>\t\t\t\t\t<\/div>\t\t<\/div>\t\t\t\t\t<\/div>\t\t<\/section>\t\t\t\t<section class=\"elementor-section elementor-top-section elementor-element elementor-element-690c7564 elementor-section-boxed elementor-section-height-default elementor-section-height-default elementor-section-smoke-no elementor-section-raindrops-no elementor-section-parallax-no elementor-section-floatimg-no\" data-id=\"690c7564\" data-element_type=\"section\" data-e-type=\"section\">\t\t\t\t\t\t<div class=\"elementor-container elementor-column-gap-default\">\t\t\t\t\t<div class=\"elementor-column elementor-col-66 elementor-top-column elementor-element elementor-element-5b2eda57\" data-id=\"5b2eda57\" data-element_type=\"column\" data-e-type=\"column\">\t\t\t<div class=\"elementor-widget-wrap elementor-element-populated\">\t\t\t\t\t\t<div class=\"elementor-element elementor-element-58c7a933 elementor-widget elementor-widget-text-editor\" data-id=\"58c7a933\" data-element_type=\"widget\" data-e-type=\"widget\" data-widget_type=\"text-editor.default\">\t\t\t\t\t\t\t\t\t<h2><strong><span style=\"color: #000000;\">Arbeiten mit CHENKSE<\/span><\/strong><\/h2><p><span style=\"color: #000000;\">Sie k\u00f6nnen unsere Optionen erkunden oder sich von uns bei der Entwicklung einer einzigartigen L\u00f6sung unterst\u00fctzen lassen, die Ihren Anforderungen entspricht. Inzwischen,\u00a0<\/span><\/p><p><span style=\"color: #000000;\">Wir arbeiten mit unseren Kunden, Integratoren, Architekten, Beratern und Designern zusammen, um die richtige L\u00f6sung zu liefern.\u00a0<\/span><\/p><p><span style=\"color: #000000;\">Wir bieten Installationsservices, erweiterte Garantien, Servicepl\u00e4ne und Schulungen an, um ein erfolgreiches Projekt sicherzustellen.<\/span><\/p><p>\u00a0<\/p><p><span style=\"color: #000000;\">Kontaktieren Sie uns f\u00fcr Broadcast-LED-Anzeigel\u00f6sungen, die auf Ihre spezifischen Anforderungen zugeschnitten sind.<\/span><\/p>\t\t\t\t\t\t\t\t<\/div>\t\t\t\t\t<\/div>\t\t<\/div>\t\t\t\t<div class=\"elementor-column elementor-col-33 elementor-top-column elementor-element elementor-element-cdec7d9\" data-id=\"cdec7d9\" data-element_type=\"column\" data-e-type=\"column\">\t\t\t<div class=\"elementor-widget-wrap elementor-element-populated\">\t\t\t\t\t\t<div class=\"elementor-element elementor-element-6dab3142 elementor-widget elementor-widget-image\" data-id=\"6dab3142\" data-element_type=\"widget\" data-e-type=\"widget\" data-widget_type=\"image.default\">\t\t\t\t\t\t\t\t\t\t\t\t\t\t\t<img decoding=\"async\" width=\"640\" height=\"640\" data-src=\"https:\/\/chenkse.com\/wp-content\/smush-avif\/70.jpg.avif\" class=\"attachment-large size-large wp-image-4698 lazyload\" alt=\"LED-Anzeige vermieten\" src=\"data:image\/svg+xml;base64,PHN2ZyB3aWR0aD0iMSIgaGVpZ2h0PSIxIiB4bWxucz0iaHR0cDovL3d3dy53My5vcmcvMjAwMC9zdmciPjwvc3ZnPg==\" style=\"--smush-placeholder-width: 640px; --smush-placeholder-aspect-ratio: 640\/640;\" \/>\t\t\t\t\t\t\t\t\t\t\t\t\t\t\t<\/div>\t\t\t\t\t<\/div>\t\t<\/div>\t\t\t\t\t<\/div>\t\t<\/section>\t\t\t\t<\/div>","protected":false},"excerpt":{"rendered":"<p>Product: RSI39 LED display for KMA Conference Room 12SQMClick HereProduct: IF303.0mm pixel pitch For LED Video Walls with high brightness, wide vision, high reliability, long life, light weight, convenient installation and easy maintenance.Click HereProduct: RSI48RSI48 Indoor Front Serving Rental LED Panel With Light Weight Die-Casting Cabinet And Magnetic Module For Stages And EventsClick HereShopping Mall [&hellip;]<\/p>\n","protected":false},"author":5,"featured_media":10600,"parent":0,"menu_order":0,"comment_status":"closed","ping_status":"closed","template":"","meta":{"footnotes":""},"class_list":["post-9877","page","type-page","status-publish","has-post-thumbnail","hentry"],"yoast_head":"<!-- This site is optimized with the Yoast SEO Premium plugin v26.1 (Yoast SEO v27.3) - https:\/\/yoast.com\/product\/yoast-seo-premium-wordpress\/ -->\n<title>Corporate - CHENKSE<\/title>\n<meta name=\"description\" content=\"CHENKSE specializing in bringing its top of the line equipment and technical support services to the following types of corporate events:\" \/>\n<meta name=\"robots\" content=\"index, follow, max-snippet:-1, max-image-preview:large, max-video-preview:-1\" \/>\n<link rel=\"canonical\" href=\"https:\/\/chenkse.com\/de\/led-anzeige-im-unternehmen\/\" \/>\n<meta property=\"og:locale\" content=\"de_DE\" \/>\n<meta property=\"og:type\" content=\"article\" \/>\n<meta property=\"og:title\" content=\"Corporate\" \/>\n<meta property=\"og:description\" content=\"CHENKSE specializing in bringing its top of the line equipment and technical support services to the following types of corporate events:\" \/>\n<meta property=\"og:url\" content=\"https:\/\/chenkse.com\/de\/led-anzeige-im-unternehmen\/\" \/>\n<meta property=\"og:site_name\" content=\"CHENKSE\" \/>\n<meta property=\"article:modified_time\" content=\"2021-05-14T08:15:44+00:00\" \/>\n<meta property=\"og:image\" content=\"https:\/\/i1.wp.com\/chenkse.com\/wp-content\/uploads\/3.9-LED-display-01.jpg?fit=1050%2C700&ssl=1\" \/>\n\t<meta property=\"og:image:width\" content=\"1050\" \/>\n\t<meta property=\"og:image:height\" content=\"700\" \/>\n\t<meta property=\"og:image:type\" content=\"image\/jpeg\" \/>\n<meta name=\"twitter:card\" content=\"summary_large_image\" \/>\n<meta name=\"twitter:label1\" content=\"Gesch\u00e4tzte Lesezeit\" \/>\n\t<meta name=\"twitter:data1\" content=\"4\u00a0Minuten\" \/>\n<script type=\"application\/ld+json\" class=\"yoast-schema-graph\">{\"@context\":\"https:\\\/\\\/schema.org\",\"@graph\":[{\"@type\":\"WebPage\",\"@id\":\"https:\\\/\\\/chenkse.com\\\/led-display-in-corporate\\\/\",\"url\":\"https:\\\/\\\/chenkse.com\\\/led-display-in-corporate\\\/\",\"name\":\"Corporate - CHENKSE\",\"isPartOf\":{\"@id\":\"https:\\\/\\\/chenkse.com\\\/#website\"},\"primaryImageOfPage\":{\"@id\":\"https:\\\/\\\/chenkse.com\\\/led-display-in-corporate\\\/#primaryimage\"},\"image\":{\"@id\":\"https:\\\/\\\/chenkse.com\\\/led-display-in-corporate\\\/#primaryimage\"},\"thumbnailUrl\":\"https:\\\/\\\/chenkse.com\\\/wp-content\\\/uploads\\\/3.9-LED-display-01.jpg\",\"datePublished\":\"2021-02-06T02:19:54+00:00\",\"dateModified\":\"2021-05-14T08:15:44+00:00\",\"description\":\"CHENKSE specializing in bringing its top of the line equipment and technical support services to the following types of corporate events:\",\"breadcrumb\":{\"@id\":\"https:\\\/\\\/chenkse.com\\\/led-display-in-corporate\\\/#breadcrumb\"},\"inLanguage\":\"de\",\"potentialAction\":[{\"@type\":\"ReadAction\",\"target\":[\"https:\\\/\\\/chenkse.com\\\/led-display-in-corporate\\\/\"]}]},{\"@type\":\"ImageObject\",\"inLanguage\":\"de\",\"@id\":\"https:\\\/\\\/chenkse.com\\\/led-display-in-corporate\\\/#primaryimage\",\"url\":\"https:\\\/\\\/chenkse.com\\\/wp-content\\\/uploads\\\/3.9-LED-display-01.jpg\",\"contentUrl\":\"https:\\\/\\\/chenkse.com\\\/wp-content\\\/uploads\\\/3.9-LED-display-01.jpg\",\"width\":1050,\"height\":700,\"caption\":\"3.9 LED display\"},{\"@type\":\"BreadcrumbList\",\"@id\":\"https:\\\/\\\/chenkse.com\\\/led-display-in-corporate\\\/#breadcrumb\",\"itemListElement\":[{\"@type\":\"ListItem\",\"position\":1,\"name\":\"\u9996\u9875\",\"item\":\"https:\\\/\\\/chenkse.com\\\/\"},{\"@type\":\"ListItem\",\"position\":2,\"name\":\"Corporate\"}]},{\"@type\":\"WebSite\",\"@id\":\"https:\\\/\\\/chenkse.com\\\/#website\",\"url\":\"https:\\\/\\\/chenkse.com\\\/\",\"name\":\"CHENKSE\",\"description\":\"CHENKSE LED DISPLAY Manufacturers\",\"publisher\":{\"@id\":\"https:\\\/\\\/chenkse.com\\\/#organization\"},\"potentialAction\":[{\"@type\":\"SearchAction\",\"target\":{\"@type\":\"EntryPoint\",\"urlTemplate\":\"https:\\\/\\\/chenkse.com\\\/?s={search_term_string}\"},\"query-input\":{\"@type\":\"PropertyValueSpecification\",\"valueRequired\":true,\"valueName\":\"search_term_string\"}}],\"inLanguage\":\"de\"},{\"@type\":\"Organization\",\"@id\":\"https:\\\/\\\/chenkse.com\\\/#organization\",\"name\":\"CHENKSE Optoelectronics\",\"url\":\"https:\\\/\\\/chenkse.com\\\/\",\"logo\":{\"@type\":\"ImageObject\",\"inLanguage\":\"de\",\"@id\":\"https:\\\/\\\/chenkse.com\\\/#\\\/schema\\\/logo\\\/image\\\/\",\"url\":\"https:\\\/\\\/i0.wp.com\\\/chenkse.com\\\/wp-content\\\/uploads\\\/2021\\\/01\\\/0e78fced5d44a0567f05193566e48887.png?fit=326%2C100&ssl=1\",\"contentUrl\":\"https:\\\/\\\/i0.wp.com\\\/chenkse.com\\\/wp-content\\\/uploads\\\/2021\\\/01\\\/0e78fced5d44a0567f05193566e48887.png?fit=326%2C100&ssl=1\",\"width\":326,\"height\":100,\"caption\":\"CHENKSE Optoelectronics\"},\"image\":{\"@id\":\"https:\\\/\\\/chenkse.com\\\/#\\\/schema\\\/logo\\\/image\\\/\"}}]}<\/script>\n<!-- \/ Yoast SEO Premium plugin. -->","yoast_head_json":{"title":"Corporate - CHENKSE","description":"CHENKSE hat sich darauf spezialisiert, seine erstklassige Ausr\u00fcstung und seinen technischen Support f\u00fcr die folgenden Arten von Firmenveranstaltungen bereitzustellen:","robots":{"index":"index","follow":"follow","max-snippet":"max-snippet:-1","max-image-preview":"max-image-preview:large","max-video-preview":"max-video-preview:-1"},"canonical":"https:\/\/chenkse.com\/de\/led-anzeige-im-unternehmen\/","og_locale":"de_DE","og_type":"article","og_title":"Corporate","og_description":"CHENKSE specializing in bringing its top of the line equipment and technical support services to the following types of corporate events:","og_url":"https:\/\/chenkse.com\/de\/led-anzeige-im-unternehmen\/","og_site_name":"CHENKSE","article_modified_time":"2021-05-14T08:15:44+00:00","og_image":[{"width":1050,"height":700,"url":"https:\/\/i1.wp.com\/chenkse.com\/wp-content\/uploads\/3.9-LED-display-01.jpg?fit=1050%2C700&ssl=1","type":"image\/jpeg"}],"twitter_card":"summary_large_image","twitter_misc":{"Gesch\u00e4tzte Lesezeit":"4\u00a0Minuten"},"schema":{"@context":"https:\/\/schema.org","@graph":[{"@type":"WebPage","@id":"https:\/\/chenkse.com\/led-display-in-corporate\/","url":"https:\/\/chenkse.com\/led-display-in-corporate\/","name":"Corporate - CHENKSE","isPartOf":{"@id":"https:\/\/chenkse.com\/#website"},"primaryImageOfPage":{"@id":"https:\/\/chenkse.com\/led-display-in-corporate\/#primaryimage"},"image":{"@id":"https:\/\/chenkse.com\/led-display-in-corporate\/#primaryimage"},"thumbnailUrl":"https:\/\/chenkse.com\/wp-content\/uploads\/3.9-LED-display-01.jpg","datePublished":"2021-02-06T02:19:54+00:00","dateModified":"2021-05-14T08:15:44+00:00","description":"CHENKSE hat sich darauf spezialisiert, seine erstklassige Ausr\u00fcstung und seinen technischen Support f\u00fcr die folgenden Arten von Firmenveranstaltungen bereitzustellen:","breadcrumb":{"@id":"https:\/\/chenkse.com\/led-display-in-corporate\/#breadcrumb"},"inLanguage":"de","potentialAction":[{"@type":"ReadAction","target":["https:\/\/chenkse.com\/led-display-in-corporate\/"]}]},{"@type":"ImageObject","inLanguage":"de","@id":"https:\/\/chenkse.com\/led-display-in-corporate\/#primaryimage","url":"https:\/\/chenkse.com\/wp-content\/uploads\/3.9-LED-display-01.jpg","contentUrl":"https:\/\/chenkse.com\/wp-content\/uploads\/3.9-LED-display-01.jpg","width":1050,"height":700,"caption":"3.9 LED display"},{"@type":"BreadcrumbList","@id":"https:\/\/chenkse.com\/led-display-in-corporate\/#breadcrumb","itemListElement":[{"@type":"ListItem","position":1,"name":"\u9996\u9875","item":"https:\/\/chenkse.com\/"},{"@type":"ListItem","position":2,"name":"Corporate"}]},{"@type":"WebSite","@id":"https:\/\/chenkse.com\/#website","url":"https:\/\/chenkse.com\/","name":"CHENKSE","description":"CHENKSE LED DISPLAY Hersteller","publisher":{"@id":"https:\/\/chenkse.com\/#organization"},"potentialAction":[{"@type":"SearchAction","target":{"@type":"EntryPoint","urlTemplate":"https:\/\/chenkse.com\/?s={search_term_string}"},"query-input":{"@type":"PropertyValueSpecification","valueRequired":true,"valueName":"search_term_string"}}],"inLanguage":"de"},{"@type":"Organization","@id":"https:\/\/chenkse.com\/#organization","name":"CHENKSE Optoelektronik","url":"https:\/\/chenkse.com\/","logo":{"@type":"ImageObject","inLanguage":"de","@id":"https:\/\/chenkse.com\/#\/schema\/logo\/image\/","url":"https:\/\/i0.wp.com\/chenkse.com\/wp-content\/uploads\/2021\/01\/0e78fced5d44a0567f05193566e48887.png?fit=326%2C100&ssl=1","contentUrl":"https:\/\/i0.wp.com\/chenkse.com\/wp-content\/uploads\/2021\/01\/0e78fced5d44a0567f05193566e48887.png?fit=326%2C100&ssl=1","width":326,"height":100,"caption":"CHENKSE Optoelectronics"},"image":{"@id":"https:\/\/chenkse.com\/#\/schema\/logo\/image\/"}}]}},"jetpack_shortlink":"https:\/\/wp.me\/PcGJnS-2zj","jetpack_sharing_enabled":true,"_links":{"self":[{"href":"https:\/\/chenkse.com\/de\/wp-json\/wp\/v2\/pages\/9877","targetHints":{"allow":["GET"]}}],"collection":[{"href":"https:\/\/chenkse.com\/de\/wp-json\/wp\/v2\/pages"}],"about":[{"href":"https:\/\/chenkse.com\/de\/wp-json\/wp\/v2\/types\/page"}],"author":[{"embeddable":true,"href":"https:\/\/chenkse.com\/de\/wp-json\/wp\/v2\/users\/5"}],"replies":[{"embeddable":true,"href":"https:\/\/chenkse.com\/de\/wp-json\/wp\/v2\/comments?post=9877"}],"version-history":[{"count":0,"href":"https:\/\/chenkse.com\/de\/wp-json\/wp\/v2\/pages\/9877\/revisions"}],"wp:featuredmedia":[{"embeddable":true,"href":"https:\/\/chenkse.com\/de\/wp-json\/wp\/v2\/media\/10600"}],"wp:attachment":[{"href":"https:\/\/chenkse.com\/de\/wp-json\/wp\/v2\/media?parent=9877"}],"curies":[{"name":"wp","href":"https:\/\/api.w.org\/{rel}","templated":true}]}}