{"id":25,"date":"2020-12-29T11:18:20","date_gmt":"2020-12-29T03:18:20","guid":{"rendered":"https:\/\/chenkse.com\/?page_id=25"},"modified":"2024-10-24T16:46:42","modified_gmt":"2024-10-24T20:46:42","slug":"ota-yhteytta-chenkseen","status":"publish","type":"page","link":"https:\/\/chenkse.com\/fi\/ota-yhteytta-chenkseen\/","title":{"rendered":"Yhteystiedot yleisi\u00e4 tiedusteluja, myynti\u00e4 ja teknist\u00e4 tukea varten Chenksess\u00e4"},"content":{"rendered":"<div data-elementor-type=\"wp-page\" data-elementor-id=\"25\" class=\"elementor elementor-25\" data-elementor-post-type=\"page\">\n\t\t\t\t\t\t<section class=\"elementor-section elementor-top-section elementor-element elementor-element-edae734 elementor-section-boxed elementor-section-height-default elementor-section-height-default elementor-section-smoke-no elementor-section-raindrops-no elementor-section-parallax-no elementor-section-floatimg-no\" data-id=\"edae734\" data-element_type=\"section\" data-e-type=\"section\">\n\t\t\t\t\t\t<div class=\"elementor-container elementor-column-gap-default\">\n\t\t\t\t\t<div class=\"elementor-column elementor-col-50 elementor-top-column elementor-element elementor-element-5f4ff749\" data-id=\"5f4ff749\" data-element_type=\"column\" data-e-type=\"column\">\n\t\t\t<div class=\"elementor-widget-wrap elementor-element-populated\">\n\t\t\t\t\t\t<section class=\"elementor-section elementor-inner-section elementor-element elementor-element-7dfddeab elementor-section-boxed elementor-section-height-default elementor-section-height-default elementor-section-smoke-no elementor-section-raindrops-no elementor-section-parallax-no elementor-section-floatimg-no\" data-id=\"7dfddeab\" data-element_type=\"section\" data-e-type=\"section\">\n\t\t\t\t\t\t<div class=\"elementor-container elementor-column-gap-default\">\n\t\t\t\t\t<div class=\"elementor-column elementor-col-100 elementor-inner-column elementor-element elementor-element-38001af6\" data-id=\"38001af6\" data-element_type=\"column\" data-e-type=\"column\">\n\t\t\t<div class=\"elementor-widget-wrap elementor-element-populated\">\n\t\t\t\t\t\t<div class=\"elementor-element elementor-element-78c946ea elementor-widget elementor-widget-heading\" data-id=\"78c946ea\" data-element_type=\"widget\" data-e-type=\"widget\" data-widget_type=\"heading.default\">\n\t\t\t\t\t<h2 class=\"elementor-heading-title elementor-size-default\">YHTEYSTIEDOT <\/h2>\t\t\t\t<\/div>\n\t\t\t\t<div class=\"elementor-element elementor-element-241a6f5b ai-btn-align-center elementor-widget elementor-widget-ai-button\" data-id=\"241a6f5b\" data-element_type=\"widget\" data-e-type=\"widget\" data-widget_type=\"ai-button.default\">\n\t\t\t\t<div class=\"elementor-widget-container\">\n\t\t\t\t\t\t\t<div class=\"ai-button-wrapper\">\r\n\t\t\t<a href=\"#elementor-action%3Aaction%3Dpopup%3Aopen%26settings%3DeyJpZCI6IjIyMTY2IiwidG9nZ2xlIjpmYWxzZX0%3D\" rel=\"nofollow\" class=\"ai-button-link elementor-button ai-button elementor-size-sm\">\r\n\t\t\t\t\t\t<span class=\"ai-button-content-wrapper\">\r\n\t\t\t\t\t\t<span class=\"ai-button-icon ai-align-icon-right\">\r\n\t\t\t\t<svg aria-hidden=\"true\" class=\"e-font-icon-svg e-fas-arrow-right\" viewbox=\"0 0 448 512\" xmlns=\"http:\/\/www.w3.org\/2000\/svg\"><path d=\"M190.5 66.9l22.2-22.2c9.4-9.4 24.6-9.4 33.9 0L441 239c9.4 9.4 9.4 24.6 0 33.9L246.6 467.3c-9.4 9.4-24.6 9.4-33.9 0l-22.2-22.2c-9.5-9.5-9.3-25 .4-34.3L311.4 296H24c-13.3 0-24-10.7-24-24v-32c0-13.3 10.7-24 24-24h287.4L190.9 101.2c-9.8-9.3-10-24.8-.4-34.3z\"><\/path><\/svg>\t\t\t<\/span>\r\n\t\t\t\t\t\t<span class=\"ai-button-text\">Klikkaa t\u00e4st\u00e4<\/span>\r\n\t\t<\/span>\r\n\t\t\t\t\t<\/a>\r\n\t\t<\/div>\r\n\t\t\t\t\t\t<\/div>\n\t\t\t\t<\/div>\n\t\t\t\t\t<\/div>\n\t\t<\/div>\n\t\t\t\t\t<\/div>\n\t\t<\/section>\n\t\t\t\t\t<\/div>\n\t\t<\/div>\n\t\t\t\t<div class=\"elementor-column elementor-col-50 elementor-top-column elementor-element elementor-element-1ca9bb4\" data-id=\"1ca9bb4\" data-element_type=\"column\" data-e-type=\"column\">\n\t\t\t<div class=\"elementor-widget-wrap elementor-element-populated\">\n\t\t\t\t\t\t<div class=\"elementor-element elementor-element-24c2bfb elementor-widget__width-initial elementor-widget elementor-widget-text-editor\" data-id=\"24c2bfb\" data-element_type=\"widget\" data-e-type=\"widget\" data-widget_type=\"text-editor.default\">\n\t\t\t\t\t\t\t\t\t<p><span style=\"color: #000000;\"><strong>OTA MEIHIN YHTEYTT\u00c4:<\/strong><\/span><\/p>\n<p><span style=\"color: #0091b5;\"><strong>Yleiset tiedustelut<\/strong><\/span><\/p>\n<p>Puhelin: +8615217757270<\/p>\n<p><span style=\"text-decoration: underline;\">&nbsp; &nbsp; &nbsp; &nbsp; &nbsp; &nbsp; &nbsp; &nbsp; &nbsp; &nbsp; &nbsp; &nbsp; &nbsp; &nbsp; &nbsp; &nbsp; &nbsp; &nbsp; &nbsp; &nbsp; &nbsp; &nbsp; &nbsp; &nbsp; &nbsp; &nbsp; &nbsp; &nbsp; &nbsp; &nbsp;<\/span><\/p>\n<p><span style=\"color: #0091b5;\"><strong>Myynti:<\/strong><\/span><\/p>\n<p>Puhelin: +8615217757270<\/p>\n<p><strong>S\u00e4hk\u00f6posti:<\/strong>sales@chenkse.com<\/p>\n<p><span style=\"text-decoration: underline;\">&nbsp; &nbsp; &nbsp; &nbsp; &nbsp; &nbsp; &nbsp; &nbsp; &nbsp; &nbsp; &nbsp; &nbsp; &nbsp; &nbsp; &nbsp; &nbsp; &nbsp; &nbsp; &nbsp; &nbsp; &nbsp; &nbsp; &nbsp; &nbsp; &nbsp; &nbsp; &nbsp; &nbsp; &nbsp; &nbsp;<\/span><\/p>\n<p><strong><span style=\"color: #0091b5;\">Tekninen tuki:<\/span><\/strong><\/p>\n<p><strong>S\u00e4hk\u00f6posti:<\/strong>service@chenkse.com<\/p>\n<p><span style=\"text-decoration: underline;\">&nbsp; &nbsp; &nbsp; &nbsp; &nbsp; &nbsp; &nbsp; &nbsp; &nbsp; &nbsp; &nbsp; &nbsp; &nbsp; &nbsp; &nbsp; &nbsp; &nbsp; &nbsp; &nbsp; &nbsp; &nbsp; &nbsp; &nbsp; &nbsp; &nbsp; &nbsp; &nbsp; &nbsp; &nbsp; &nbsp;&nbsp;<\/span><\/p>\n<p><strong><span style=\"color: #0091b5;\">Reissopton p\u00e4\u00e4konttori:<\/span><\/strong><\/p>\n<p><strong>LIS\u00c4T\u00c4:<\/strong>AB New shidai gongrong industrial, shiyan street, bao&#039;an district, Shenzhen, Kiina<\/p>\t\t\t\t\t\t\t\t<\/div>\n\t\t\t\t\t<\/div>\n\t\t<\/div>\n\t\t\t\t\t<\/div>\n\t\t<\/section>\n\t\t\t\t<\/div>","protected":false},"excerpt":{"rendered":"<p>Ota yhteytt\u00e4 yleisi\u00e4 tiedusteluja, myynti\u00e4 ja teknist\u00e4 tukea varten. Puhelin: +8615217757270. S\u00e4hk\u00f6posti: sales@chenkse.com ja service@chenkse.com. Sijaitsee Shenzheniss\u00e4, Kiinassa.<\/p>","protected":false},"author":5,"featured_media":6048,"parent":0,"menu_order":0,"comment_status":"closed","ping_status":"closed","template":"","meta":{"footnotes":""},"class_list":["post-25","page","type-page","status-publish","has-post-thumbnail","hentry"],"yoast_head":"<!-- This site is optimized with the Yoast SEO Premium plugin v26.1 (Yoast SEO v27.3) - https:\/\/yoast.com\/product\/yoast-seo-premium-wordpress\/ -->\n<title>Contact CHENKSE - Leading LED Display Screens Manufacturer<\/title>\n<meta name=\"description\" content=\"CHENKSE Optoelectronics is a professional LED display manufacturer. We have professional technical support and services.\" \/>\n<meta name=\"robots\" content=\"index, follow, max-snippet:-1, max-image-preview:large, max-video-preview:-1\" \/>\n<link rel=\"canonical\" href=\"https:\/\/chenkse.com\/fi\/ota-yhteytta-chenkseen\/\" \/>\n<meta property=\"og:locale\" content=\"fi_FI\" \/>\n<meta property=\"og:type\" content=\"article\" \/>\n<meta property=\"og:title\" content=\"LED Displays contact\" \/>\n<meta property=\"og:description\" content=\"CHENKSE&#039;S is a high-tech enterprise integrating R&amp;D, production, sales and service of LED photoelectric display products.\" \/>\n<meta property=\"og:url\" content=\"https:\/\/chenkse.com\/fi\/ota-yhteytta-chenkseen\/\" \/>\n<meta property=\"og:site_name\" content=\"CHENKSE\" \/>\n<meta property=\"article:modified_time\" content=\"2024-10-24T20:46:42+00:00\" \/>\n<meta property=\"og:image\" content=\"https:\/\/chenkse.com\/wp-content\/uploads\/LED-display-Manufacturer_\u526f\u672c-1-e1611832099702.jpg\" \/>\n\t<meta property=\"og:image:width\" content=\"1200\" \/>\n\t<meta property=\"og:image:height\" content=\"732\" \/>\n\t<meta property=\"og:image:type\" content=\"image\/jpeg\" \/>\n<meta name=\"twitter:card\" content=\"summary_large_image\" \/>\n<meta name=\"twitter:title\" content=\"LED Displays contact\" \/>\n<meta name=\"twitter:description\" content=\"CHENKSE&#039;S is a high-tech enterprise integrating R&amp;D, production, sales and service of LED photoelectric display products.\" \/>\n<meta name=\"twitter:label1\" content=\"Arvioitu lukuaika\" \/>\n\t<meta name=\"twitter:data1\" content=\"1 minuutti\" \/>\n<script type=\"application\/ld+json\" class=\"yoast-schema-graph\">{\"@context\":\"https:\\\/\\\/schema.org\",\"@graph\":[{\"@type\":\"WebPage\",\"@id\":\"https:\\\/\\\/chenkse.com\\\/contact-chenkse\\\/\",\"url\":\"https:\\\/\\\/chenkse.com\\\/contact-chenkse\\\/\",\"name\":\"Contact CHENKSE - Leading LED Display Screens Manufacturer\",\"isPartOf\":{\"@id\":\"https:\\\/\\\/chenkse.com\\\/#website\"},\"primaryImageOfPage\":{\"@id\":\"https:\\\/\\\/chenkse.com\\\/contact-chenkse\\\/#primaryimage\"},\"image\":{\"@id\":\"https:\\\/\\\/chenkse.com\\\/contact-chenkse\\\/#primaryimage\"},\"thumbnailUrl\":\"https:\\\/\\\/chenkse.com\\\/wp-content\\\/uploads\\\/LED-display-Manufacturer_\u526f\u672c-1-e1611832099702.jpg\",\"datePublished\":\"2020-12-29T03:18:20+00:00\",\"dateModified\":\"2024-10-24T20:46:42+00:00\",\"description\":\"CHENKSE Optoelectronics is a professional LED display manufacturer. We have professional technical support and services.\",\"breadcrumb\":{\"@id\":\"https:\\\/\\\/chenkse.com\\\/contact-chenkse\\\/#breadcrumb\"},\"inLanguage\":\"fi\",\"potentialAction\":[{\"@type\":\"ReadAction\",\"target\":[\"https:\\\/\\\/chenkse.com\\\/contact-chenkse\\\/\"]}]},{\"@type\":\"ImageObject\",\"inLanguage\":\"fi\",\"@id\":\"https:\\\/\\\/chenkse.com\\\/contact-chenkse\\\/#primaryimage\",\"url\":\"https:\\\/\\\/chenkse.com\\\/wp-content\\\/uploads\\\/LED-display-Manufacturer_\u526f\u672c-1-e1611832099702.jpg\",\"contentUrl\":\"https:\\\/\\\/chenkse.com\\\/wp-content\\\/uploads\\\/LED-display-Manufacturer_\u526f\u672c-1-e1611832099702.jpg\",\"width\":1200,\"height\":732,\"caption\":\"LED display Manufacturer\"},{\"@type\":\"BreadcrumbList\",\"@id\":\"https:\\\/\\\/chenkse.com\\\/contact-chenkse\\\/#breadcrumb\",\"itemListElement\":[{\"@type\":\"ListItem\",\"position\":1,\"name\":\"\u9996\u9875\",\"item\":\"https:\\\/\\\/chenkse.com\\\/\"},{\"@type\":\"ListItem\",\"position\":2,\"name\":\"Contact Information for General Inquiries, Sales, and Technical Support at Chenkse\"}]},{\"@type\":\"WebSite\",\"@id\":\"https:\\\/\\\/chenkse.com\\\/#website\",\"url\":\"https:\\\/\\\/chenkse.com\\\/\",\"name\":\"CHENKSE\",\"description\":\"CHENKSE LED DISPLAY Manufacturers\",\"publisher\":{\"@id\":\"https:\\\/\\\/chenkse.com\\\/#organization\"},\"potentialAction\":[{\"@type\":\"SearchAction\",\"target\":{\"@type\":\"EntryPoint\",\"urlTemplate\":\"https:\\\/\\\/chenkse.com\\\/?s={search_term_string}\"},\"query-input\":{\"@type\":\"PropertyValueSpecification\",\"valueRequired\":true,\"valueName\":\"search_term_string\"}}],\"inLanguage\":\"fi\"},{\"@type\":\"Organization\",\"@id\":\"https:\\\/\\\/chenkse.com\\\/#organization\",\"name\":\"CHENKSE Optoelectronics\",\"url\":\"https:\\\/\\\/chenkse.com\\\/\",\"logo\":{\"@type\":\"ImageObject\",\"inLanguage\":\"fi\",\"@id\":\"https:\\\/\\\/chenkse.com\\\/#\\\/schema\\\/logo\\\/image\\\/\",\"url\":\"https:\\\/\\\/i0.wp.com\\\/chenkse.com\\\/wp-content\\\/uploads\\\/2021\\\/01\\\/0e78fced5d44a0567f05193566e48887.png?fit=326%2C100&ssl=1\",\"contentUrl\":\"https:\\\/\\\/i0.wp.com\\\/chenkse.com\\\/wp-content\\\/uploads\\\/2021\\\/01\\\/0e78fced5d44a0567f05193566e48887.png?fit=326%2C100&ssl=1\",\"width\":326,\"height\":100,\"caption\":\"CHENKSE Optoelectronics\"},\"image\":{\"@id\":\"https:\\\/\\\/chenkse.com\\\/#\\\/schema\\\/logo\\\/image\\\/\"}}]}<\/script>\n<!-- \/ Yoast SEO Premium plugin. -->","yoast_head_json":{"title":"Ota yhteytt\u00e4 CHENKSE \u2013 johtavaan LED-n\u00e4ytt\u00f6jen valmistajaan","description":"CHENKSE Optoelectronics on ammattimainen LED-n\u00e4ytt\u00f6valmistaja. Meill\u00e4 on ammattimaista teknist\u00e4 tukea ja palveluja.","robots":{"index":"index","follow":"follow","max-snippet":"max-snippet:-1","max-image-preview":"max-image-preview:large","max-video-preview":"max-video-preview:-1"},"canonical":"https:\/\/chenkse.com\/fi\/ota-yhteytta-chenkseen\/","og_locale":"fi_FI","og_type":"article","og_title":"LED Displays contact","og_description":"CHENKSE'S is a high-tech enterprise integrating R&D, production, sales and service of LED photoelectric display products.","og_url":"https:\/\/chenkse.com\/fi\/ota-yhteytta-chenkseen\/","og_site_name":"CHENKSE","article_modified_time":"2024-10-24T20:46:42+00:00","og_image":[{"width":1200,"height":732,"url":"https:\/\/chenkse.com\/wp-content\/uploads\/LED-display-Manufacturer_\u526f\u672c-1-e1611832099702.jpg","type":"image\/jpeg"}],"twitter_card":"summary_large_image","twitter_title":"LED Displays contact","twitter_description":"CHENKSE'S is a high-tech enterprise integrating R&D, production, sales and service of LED photoelectric display products.","twitter_misc":{"Arvioitu lukuaika":"1 minuutti"},"schema":{"@context":"https:\/\/schema.org","@graph":[{"@type":"WebPage","@id":"https:\/\/chenkse.com\/contact-chenkse\/","url":"https:\/\/chenkse.com\/contact-chenkse\/","name":"Ota yhteytt\u00e4 CHENKSE \u2013 johtavaan LED-n\u00e4ytt\u00f6jen valmistajaan","isPartOf":{"@id":"https:\/\/chenkse.com\/#website"},"primaryImageOfPage":{"@id":"https:\/\/chenkse.com\/contact-chenkse\/#primaryimage"},"image":{"@id":"https:\/\/chenkse.com\/contact-chenkse\/#primaryimage"},"thumbnailUrl":"https:\/\/chenkse.com\/wp-content\/uploads\/LED-display-Manufacturer_\u526f\u672c-1-e1611832099702.jpg","datePublished":"2020-12-29T03:18:20+00:00","dateModified":"2024-10-24T20:46:42+00:00","description":"CHENKSE Optoelectronics on ammattimainen LED-n\u00e4ytt\u00f6valmistaja. Meill\u00e4 on ammattimaista teknist\u00e4 tukea ja palveluja.","breadcrumb":{"@id":"https:\/\/chenkse.com\/contact-chenkse\/#breadcrumb"},"inLanguage":"fi","potentialAction":[{"@type":"ReadAction","target":["https:\/\/chenkse.com\/contact-chenkse\/"]}]},{"@type":"ImageObject","inLanguage":"fi","@id":"https:\/\/chenkse.com\/contact-chenkse\/#primaryimage","url":"https:\/\/chenkse.com\/wp-content\/uploads\/LED-display-Manufacturer_\u526f\u672c-1-e1611832099702.jpg","contentUrl":"https:\/\/chenkse.com\/wp-content\/uploads\/LED-display-Manufacturer_\u526f\u672c-1-e1611832099702.jpg","width":1200,"height":732,"caption":"LED display Manufacturer"},{"@type":"BreadcrumbList","@id":"https:\/\/chenkse.com\/contact-chenkse\/#breadcrumb","itemListElement":[{"@type":"ListItem","position":1,"name":"\u9996\u9875","item":"https:\/\/chenkse.com\/"},{"@type":"ListItem","position":2,"name":"Contact Information for General Inquiries, Sales, and Technical Support at Chenkse"}]},{"@type":"WebSite","@id":"https:\/\/chenkse.com\/#website","url":"https:\/\/chenkse.com\/","name":"CHENKSE","description":"CHENKSE LED -N\u00c4YTT\u00d6 Valmistajat","publisher":{"@id":"https:\/\/chenkse.com\/#organization"},"potentialAction":[{"@type":"SearchAction","target":{"@type":"EntryPoint","urlTemplate":"https:\/\/chenkse.com\/?s={search_term_string}"},"query-input":{"@type":"PropertyValueSpecification","valueRequired":true,"valueName":"search_term_string"}}],"inLanguage":"fi"},{"@type":"Organization","@id":"https:\/\/chenkse.com\/#organization","name":"CHENKSE Optoelektroniikka","url":"https:\/\/chenkse.com\/","logo":{"@type":"ImageObject","inLanguage":"fi","@id":"https:\/\/chenkse.com\/#\/schema\/logo\/image\/","url":"https:\/\/i0.wp.com\/chenkse.com\/wp-content\/uploads\/2021\/01\/0e78fced5d44a0567f05193566e48887.png?fit=326%2C100&ssl=1","contentUrl":"https:\/\/i0.wp.com\/chenkse.com\/wp-content\/uploads\/2021\/01\/0e78fced5d44a0567f05193566e48887.png?fit=326%2C100&ssl=1","width":326,"height":100,"caption":"CHENKSE Optoelectronics"},"image":{"@id":"https:\/\/chenkse.com\/#\/schema\/logo\/image\/"}}]}},"jetpack_shortlink":"https:\/\/wp.me\/PcGJnS-p","jetpack_sharing_enabled":true,"_links":{"self":[{"href":"https:\/\/chenkse.com\/fi\/wp-json\/wp\/v2\/pages\/25","targetHints":{"allow":["GET"]}}],"collection":[{"href":"https:\/\/chenkse.com\/fi\/wp-json\/wp\/v2\/pages"}],"about":[{"href":"https:\/\/chenkse.com\/fi\/wp-json\/wp\/v2\/types\/page"}],"author":[{"embeddable":true,"href":"https:\/\/chenkse.com\/fi\/wp-json\/wp\/v2\/users\/5"}],"replies":[{"embeddable":true,"href":"https:\/\/chenkse.com\/fi\/wp-json\/wp\/v2\/comments?post=25"}],"version-history":[{"count":0,"href":"https:\/\/chenkse.com\/fi\/wp-json\/wp\/v2\/pages\/25\/revisions"}],"wp:featuredmedia":[{"embeddable":true,"href":"https:\/\/chenkse.com\/fi\/wp-json\/wp\/v2\/media\/6048"}],"wp:attachment":[{"href":"https:\/\/chenkse.com\/fi\/wp-json\/wp\/v2\/media?parent=25"}],"curies":[{"name":"wp","href":"https:\/\/api.w.org\/{rel}","templated":true}]}}