{"id":9,"date":"2020-12-28T21:48:59","date_gmt":"2020-12-28T13:48:59","guid":{"rendered":"https:\/\/chenkse.com\/?page_id=9"},"modified":"2023-05-17T04:15:32","modified_gmt":"2023-05-17T08:15:32","slug":"patevyystodistus","status":"publish","type":"page","link":"https:\/\/chenkse.com\/fi\/chenksesta\/patevyystodistus\/","title":{"rendered":"Tutkintotodistus"},"content":{"rendered":"\t\t<div data-elementor-type=\"wp-page\" data-elementor-id=\"9\" class=\"elementor elementor-9\" data-elementor-post-type=\"page\">\n\t\t\t\t\t\t<section class=\"elementor-section elementor-top-section elementor-element elementor-element-d68c2dc elementor-section-boxed elementor-section-height-default elementor-section-height-default elementor-section-smoke-no elementor-section-raindrops-no elementor-section-parallax-no elementor-section-floatimg-no\" data-id=\"d68c2dc\" data-element_type=\"section\" data-e-type=\"section\">\n\t\t\t\t\t\t<div class=\"elementor-container elementor-column-gap-default\">\n\t\t\t\t\t<div class=\"elementor-column elementor-col-100 elementor-top-column elementor-element elementor-element-ca7c564\" data-id=\"ca7c564\" data-element_type=\"column\" data-e-type=\"column\">\n\t\t\t<div class=\"elementor-widget-wrap elementor-element-populated\">\n\t\t\t\t\t\t<div class=\"elementor-element elementor-element-7695f4d elementor-widget elementor-widget-image\" data-id=\"7695f4d\" data-element_type=\"widget\" data-e-type=\"widget\" data-widget_type=\"image.default\">\n\t\t\t\t\t\t\t\t\t\t\t\t\t\t\t<img decoding=\"async\" width=\"1145\" height=\"320\" data-src=\"https:\/\/chenkse.com\/wp-content\/smush-avif\/Autonomous-Control-e1612245695491.jpg.avif\" class=\"attachment-full size-full wp-image-3771 lazyload\" alt=\"chenkse Control LED produce equipments\" src=\"data:image\/svg+xml;base64,PHN2ZyB3aWR0aD0iMSIgaGVpZ2h0PSIxIiB4bWxucz0iaHR0cDovL3d3dy53My5vcmcvMjAwMC9zdmciPjwvc3ZnPg==\" style=\"--smush-placeholder-width: 1145px; --smush-placeholder-aspect-ratio: 1145\/320;\" \/>\t\t\t\t\t\t\t\t\t\t\t\t\t\t\t<\/div>\n\t\t\t\t\t<\/div>\n\t\t<\/div>\n\t\t\t\t\t<\/div>\n\t\t<\/section>\n\t\t\t\t<section class=\"elementor-section elementor-top-section elementor-element elementor-element-fde15e7 elementor-section-boxed elementor-section-height-default elementor-section-height-default elementor-section-smoke-no elementor-section-raindrops-no elementor-section-parallax-no elementor-section-floatimg-no\" data-id=\"fde15e7\" data-element_type=\"section\" data-e-type=\"section\">\n\t\t\t\t\t\t<div class=\"elementor-container elementor-column-gap-default\">\n\t\t\t\t\t<div class=\"elementor-column elementor-col-100 elementor-top-column elementor-element elementor-element-dbdf643\" data-id=\"dbdf643\" data-element_type=\"column\" data-e-type=\"column\">\n\t\t\t<div class=\"elementor-widget-wrap elementor-element-populated\">\n\t\t\t\t\t\t<div class=\"elementor-element elementor-element-fc9247b elementor-widget elementor-widget-text-editor\" data-id=\"fc9247b\" data-element_type=\"widget\" data-e-type=\"widget\" data-widget_type=\"text-editor.default\">\n\t\t\t\t\t\t\t\t\t<p style=\"text-align: right;\"><span style=\"color: #808080;\"><a style=\"color: #808080;\" href=\"https:\/\/chenkse.com\/\">Home<\/a> &gt; <a style=\"color: #808080;\" href=\"https:\/\/chenkse.com\/about-chenkse\/\">About<\/a> &gt;<a style=\"color: #808080;\" href=\"https:\/\/chenkse.com\/about-chenkse\/qualification-certificate\/\"> Qualification Certificate<\/a><\/span><\/p>\n<hr \/>\t\t\t\t\t\t\t\t<\/div>\n\t\t\t\t\t<\/div>\n\t\t<\/div>\n\t\t\t\t\t<\/div>\n\t\t<\/section>\n\t\t\t\t<nav class=\"elementor-section elementor-top-section elementor-element elementor-element-c28a463 elementor-section-boxed elementor-section-height-default elementor-section-height-default elementor-section-smoke-no elementor-section-raindrops-no elementor-section-parallax-no elementor-section-floatimg-no\" data-id=\"c28a463\" data-element_type=\"section\" data-e-type=\"section\" id=\"9\" data-settings=\"{&quot;sticky&quot;:&quot;top&quot;,&quot;sticky_on&quot;:[&quot;desktop&quot;,&quot;tablet&quot;,&quot;mobile&quot;],&quot;sticky_offset&quot;:0,&quot;sticky_effects_offset&quot;:0,&quot;sticky_anchor_link_offset&quot;:0}\">\n\t\t\t\t\t\t<div class=\"elementor-container elementor-column-gap-no\">\n\t\t\t\t\t<div class=\"elementor-column elementor-col-100 elementor-top-column elementor-element elementor-element-41fb923\" data-id=\"41fb923\" data-element_type=\"column\" data-e-type=\"column\">\n\t\t\t<div class=\"elementor-widget-wrap elementor-element-populated\">\n\t\t\t\t\t\t<div class=\"elementor-element elementor-element-faae7cf elementor-nav-menu__align-justify elementor-nav-menu--dropdown-mobile elementor-nav-menu--stretch elementor-nav-menu__text-align-aside elementor-nav-menu--toggle elementor-nav-menu--burger elementor-widget elementor-widget-nav-menu\" data-id=\"faae7cf\" data-element_type=\"widget\" data-e-type=\"widget\" data-settings=\"{&quot;full_width&quot;:&quot;stretch&quot;,&quot;layout&quot;:&quot;horizontal&quot;,&quot;submenu_icon&quot;:{&quot;value&quot;:&quot;&lt;svg aria-hidden=\\&quot;true\\&quot; class=\\&quot;e-font-icon-svg e-fas-caret-down\\&quot; viewBox=\\&quot;0 0 320 512\\&quot; xmlns=\\&quot;http:\\\/\\\/www.w3.org\\\/2000\\\/svg\\&quot;&gt;&lt;path d=\\&quot;M31.3 192h257.3c17.8 0 26.7 21.5 14.1 34.1L174.1 354.8c-7.8 7.8-20.5 7.8-28.3 0L17.2 226.1C4.6 213.5 13.5 192 31.3 192z\\&quot;&gt;&lt;\\\/path&gt;&lt;\\\/svg&gt;&quot;,&quot;library&quot;:&quot;fa-solid&quot;},&quot;toggle&quot;:&quot;burger&quot;}\" data-widget_type=\"nav-menu.default\">\n\t\t\t\t\t\t\t\t<nav aria-label=\"Menu\" class=\"elementor-nav-menu--main elementor-nav-menu__container elementor-nav-menu--layout-horizontal e--pointer-background e--animation-sweep-down\">\n\t\t\t\t<ul id=\"menu-1-faae7cf\" class=\"elementor-nav-menu\"><li class=\"menu-item menu-item-type-post_type menu-item-object-page menu-item-21401\"><a href=\"https:\/\/chenkse.com\/fi\/miksi-chenkse\/\" class=\"elementor-item\">WHY CHENKSE?<\/a><\/li>\n<li class=\"menu-item menu-item-type-post_type menu-item-object-page menu-item-21402\"><a href=\"https:\/\/chenkse.com\/fi\/chenksesta\/\" class=\"elementor-item\">About CHENKSE<\/a><\/li>\n<li class=\"menu-item menu-item-type-post_type menu-item-object-page menu-item-21403\"><a href=\"https:\/\/chenkse.com\/fi\/chenksesta\/tehdasprofiili\/\" class=\"elementor-item\">Factory Profile<\/a><\/li>\n<li class=\"menu-item menu-item-type-post_type menu-item-object-page menu-item-21406\"><a href=\"https:\/\/chenkse.com\/fi\/chenksesta\/paketti-ja-kuljetus\/\" class=\"elementor-item\">Package and Transport<\/a><\/li>\n<li class=\"menu-item menu-item-type-post_type menu-item-object-page menu-item-21404\"><a href=\"https:\/\/chenkse.com\/fi\/chenksesta\/patevyystodistus\/\" class=\"elementor-item\">Qualification Certificate<\/a><\/li>\n<li class=\"menu-item menu-item-type-post_type menu-item-object-page menu-item-21405\"><a href=\"https:\/\/chenkse.com\/fi\/chenksesta\/laadunvalvonta\/\" class=\"elementor-item\">Quality Control<\/a><\/li>\n<\/ul>\t\t\t<\/nav>\n\t\t\t\t\t<div class=\"elementor-menu-toggle\" role=\"button\" tabindex=\"0\" aria-label=\"Menu Toggle\" aria-expanded=\"false\">\n\t\t\t<svg aria-hidden=\"true\" role=\"presentation\" class=\"elementor-menu-toggle__icon--open e-font-icon-svg e-eicon-menu-bar\" viewBox=\"0 0 1000 1000\" xmlns=\"http:\/\/www.w3.org\/2000\/svg\"><path d=\"M104 333H896C929 333 958 304 958 271S929 208 896 208H104C71 208 42 237 42 271S71 333 104 333ZM104 583H896C929 583 958 554 958 521S929 458 896 458H104C71 458 42 487 42 521S71 583 104 583ZM104 833H896C929 833 958 804 958 771S929 708 896 708H104C71 708 42 737 42 771S71 833 104 833Z\"><\/path><\/svg><svg aria-hidden=\"true\" role=\"presentation\" class=\"elementor-menu-toggle__icon--close e-font-icon-svg e-eicon-close\" viewBox=\"0 0 1000 1000\" xmlns=\"http:\/\/www.w3.org\/2000\/svg\"><path d=\"M742 167L500 408 258 167C246 154 233 150 217 150 196 150 179 158 167 167 154 179 150 196 150 212 150 229 154 242 171 254L408 500 167 742C138 771 138 800 167 829 196 858 225 858 254 829L496 587 738 829C750 842 767 846 783 846 800 846 817 842 829 829 842 817 846 804 846 783 846 767 842 750 829 737L588 500 833 258C863 229 863 200 833 171 804 137 775 137 742 167Z\"><\/path><\/svg>\t\t<\/div>\n\t\t\t\t\t<nav class=\"elementor-nav-menu--dropdown elementor-nav-menu__container\" aria-hidden=\"true\">\n\t\t\t\t<ul id=\"menu-2-faae7cf\" class=\"elementor-nav-menu\"><li class=\"menu-item menu-item-type-post_type menu-item-object-page menu-item-21401\"><a href=\"https:\/\/chenkse.com\/fi\/miksi-chenkse\/\" class=\"elementor-item\" tabindex=\"-1\">WHY CHENKSE?<\/a><\/li>\n<li class=\"menu-item menu-item-type-post_type menu-item-object-page menu-item-21402\"><a href=\"https:\/\/chenkse.com\/fi\/chenksesta\/\" class=\"elementor-item\" tabindex=\"-1\">About CHENKSE<\/a><\/li>\n<li class=\"menu-item menu-item-type-post_type menu-item-object-page menu-item-21403\"><a href=\"https:\/\/chenkse.com\/fi\/chenksesta\/tehdasprofiili\/\" class=\"elementor-item\" tabindex=\"-1\">Factory Profile<\/a><\/li>\n<li class=\"menu-item menu-item-type-post_type menu-item-object-page menu-item-21406\"><a href=\"https:\/\/chenkse.com\/fi\/chenksesta\/paketti-ja-kuljetus\/\" class=\"elementor-item\" tabindex=\"-1\">Package and Transport<\/a><\/li>\n<li class=\"menu-item menu-item-type-post_type menu-item-object-page menu-item-21404\"><a href=\"https:\/\/chenkse.com\/fi\/chenksesta\/patevyystodistus\/\" class=\"elementor-item\" tabindex=\"-1\">Qualification Certificate<\/a><\/li>\n<li class=\"menu-item menu-item-type-post_type menu-item-object-page menu-item-21405\"><a href=\"https:\/\/chenkse.com\/fi\/chenksesta\/laadunvalvonta\/\" class=\"elementor-item\" tabindex=\"-1\">Quality Control<\/a><\/li>\n<\/ul>\t\t\t<\/nav>\n\t\t\t\t\t\t<\/div>\n\t\t\t\t\t<\/div>\n\t\t<\/div>\n\t\t\t\t\t<\/div>\n\t\t<\/nav>\n\t\t\t\t<section class=\"elementor-section elementor-top-section elementor-element elementor-element-69909e7 elementor-section-boxed elementor-section-height-default elementor-section-height-default elementor-section-smoke-no elementor-section-raindrops-no elementor-section-parallax-no elementor-section-floatimg-no\" data-id=\"69909e7\" data-element_type=\"section\" data-e-type=\"section\">\n\t\t\t\t\t\t<div class=\"elementor-container elementor-column-gap-default\">\n\t\t\t\t\t<div class=\"elementor-column elementor-col-100 elementor-top-column elementor-element elementor-element-9b4f90b\" data-id=\"9b4f90b\" data-element_type=\"column\" data-e-type=\"column\">\n\t\t\t<div class=\"elementor-widget-wrap elementor-element-populated\">\n\t\t\t\t\t\t<div class=\"elementor-element elementor-element-3e0df99 elementor-widget elementor-widget-heading\" data-id=\"3e0df99\" data-element_type=\"widget\" data-e-type=\"widget\" data-widget_type=\"heading.default\">\n\t\t\t\t\t<h1 class=\"elementor-heading-title elementor-size-default\">LED displays Qualification Certificate<\/h1>\t\t\t\t<\/div>\n\t\t\t\t\t<\/div>\n\t\t<\/div>\n\t\t\t\t\t<\/div>\n\t\t<\/section>\n\t\t\t\t<section class=\"elementor-section elementor-top-section elementor-element elementor-element-232a05d9 elementor-section-boxed elementor-section-height-default elementor-section-height-default elementor-section-smoke-no elementor-section-raindrops-no elementor-section-parallax-no elementor-section-floatimg-no\" data-id=\"232a05d9\" data-element_type=\"section\" data-e-type=\"section\">\n\t\t\t\t\t\t<div class=\"elementor-container elementor-column-gap-default\">\n\t\t\t\t\t<div class=\"elementor-column elementor-col-100 elementor-top-column elementor-element elementor-element-68576fd1\" data-id=\"68576fd1\" data-element_type=\"column\" data-e-type=\"column\">\n\t\t\t<div class=\"elementor-widget-wrap elementor-element-populated\">\n\t\t\t\t\t\t<div class=\"elementor-element elementor-element-7f029502 elementor-widget elementor-widget-text-editor\" data-id=\"7f029502\" data-element_type=\"widget\" data-e-type=\"widget\" data-widget_type=\"text-editor.default\">\n\t\t\t\t\t\t\t\t\t\n<div class=\"wp-block-image\"><figure class=\"aligncenter size-large\"><img decoding=\"async\" data-src=\"https:\/\/chenkse.com\/wp-content\/uploads\/2020\/12\/1590393874405346.jpg\" alt=\"\" class=\"wp-image-10 lazyload\" src=\"data:image\/svg+xml;base64,PHN2ZyB3aWR0aD0iMSIgaGVpZ2h0PSIxIiB4bWxucz0iaHR0cDovL3d3dy53My5vcmcvMjAwMC9zdmciPjwvc3ZnPg==\" style=\"--smush-placeholder-width: 750px; --smush-placeholder-aspect-ratio: 750\/2000;\" \/><\/figure><\/div>\n\t\t\t\t\t\t\t\t<\/div>\n\t\t\t\t\t<\/div>\n\t\t<\/div>\n\t\t\t\t\t<\/div>\n\t\t<\/section>\n\t\t\t\t<\/div>\n\t\t","protected":false},"excerpt":{"rendered":"<p>Etusivu &gt; Tietoja &gt; P\u00e4tevyystodistus LED-n\u00e4yt\u00f6t Qualification Certificate<\/p>","protected":false},"author":5,"featured_media":16675,"parent":6,"menu_order":0,"comment_status":"closed","ping_status":"closed","template":"","meta":{"footnotes":""},"class_list":["post-9","page","type-page","status-publish","has-post-thumbnail","hentry"],"yoast_head":"<!-- This site is optimized with the Yoast SEO Premium plugin v26.1 (Yoast SEO v27.3) - https:\/\/yoast.com\/product\/yoast-seo-premium-wordpress\/ -->\n<title>Qualification Certificate - CHENKSE<\/title>\n<meta name=\"description\" content=\"CHENKSE LED Dispaly Screen products have passed UL CE ROHS FCC EMC certification\" \/>\n<meta name=\"robots\" content=\"index, follow, max-snippet:-1, max-image-preview:large, max-video-preview:-1\" \/>\n<link rel=\"canonical\" href=\"https:\/\/chenkse.com\/fi\/chenksesta\/patevyystodistus\/\" \/>\n<meta property=\"og:locale\" content=\"fi_FI\" \/>\n<meta property=\"og:type\" content=\"article\" \/>\n<meta property=\"og:title\" content=\"LED Displays qualification certificate\" \/>\n<meta property=\"og:description\" content=\"CHENKSE LED Dispaly Screen products have passed UL CE ROHS FCC EMC certification\" \/>\n<meta property=\"og:url\" content=\"https:\/\/chenkse.com\/fi\/chenksesta\/patevyystodistus\/\" \/>\n<meta property=\"og:site_name\" content=\"CHENKSE\" \/>\n<meta property=\"article:modified_time\" content=\"2023-05-17T08:15:32+00:00\" \/>\n<meta property=\"og:image\" content=\"https:\/\/chenkse.com\/wp-content\/uploads\/A12-1-e1626267646236.jpg\" \/>\n\t<meta property=\"og:image:width\" content=\"300\" \/>\n\t<meta property=\"og:image:height\" content=\"238\" \/>\n\t<meta property=\"og:image:type\" content=\"image\/jpeg\" \/>\n<meta name=\"twitter:card\" content=\"summary_large_image\" \/>\n<meta name=\"twitter:title\" content=\"LED Displays qualification certificate\" \/>\n<meta name=\"twitter:description\" content=\"CHENKSE LED Dispaly Screen products have passed UL CE ROHS FCC EMC certification\" \/>\n<meta name=\"twitter:label1\" content=\"Arvioitu lukuaika\" \/>\n\t<meta name=\"twitter:data1\" content=\"1 minuutti\" \/>\n<script type=\"application\/ld+json\" class=\"yoast-schema-graph\">{\"@context\":\"https:\\\/\\\/schema.org\",\"@graph\":[{\"@type\":\"WebPage\",\"@id\":\"https:\\\/\\\/chenkse.com\\\/about-chenkse\\\/qualification-certificate\\\/\",\"url\":\"https:\\\/\\\/chenkse.com\\\/about-chenkse\\\/qualification-certificate\\\/\",\"name\":\"Qualification Certificate - CHENKSE\",\"isPartOf\":{\"@id\":\"https:\\\/\\\/chenkse.com\\\/#website\"},\"primaryImageOfPage\":{\"@id\":\"https:\\\/\\\/chenkse.com\\\/about-chenkse\\\/qualification-certificate\\\/#primaryimage\"},\"image\":{\"@id\":\"https:\\\/\\\/chenkse.com\\\/about-chenkse\\\/qualification-certificate\\\/#primaryimage\"},\"thumbnailUrl\":\"https:\\\/\\\/chenkse.com\\\/wp-content\\\/uploads\\\/A12-1-e1626267646236.jpg\",\"datePublished\":\"2020-12-28T13:48:59+00:00\",\"dateModified\":\"2023-05-17T08:15:32+00:00\",\"description\":\"CHENKSE LED Dispaly Screen products have passed UL CE ROHS FCC EMC certification\",\"breadcrumb\":{\"@id\":\"https:\\\/\\\/chenkse.com\\\/about-chenkse\\\/qualification-certificate\\\/#breadcrumb\"},\"inLanguage\":\"fi\",\"potentialAction\":[{\"@type\":\"ReadAction\",\"target\":[\"https:\\\/\\\/chenkse.com\\\/about-chenkse\\\/qualification-certificate\\\/\"]}]},{\"@type\":\"ImageObject\",\"inLanguage\":\"fi\",\"@id\":\"https:\\\/\\\/chenkse.com\\\/about-chenkse\\\/qualification-certificate\\\/#primaryimage\",\"url\":\"https:\\\/\\\/chenkse.com\\\/wp-content\\\/uploads\\\/A12-1-e1626267646236.jpg\",\"contentUrl\":\"https:\\\/\\\/chenkse.com\\\/wp-content\\\/uploads\\\/A12-1-e1626267646236.jpg\",\"width\":300,\"height\":238},{\"@type\":\"BreadcrumbList\",\"@id\":\"https:\\\/\\\/chenkse.com\\\/about-chenkse\\\/qualification-certificate\\\/#breadcrumb\",\"itemListElement\":[{\"@type\":\"ListItem\",\"position\":1,\"name\":\"\u9996\u9875\",\"item\":\"https:\\\/\\\/chenkse.com\\\/\"},{\"@type\":\"ListItem\",\"position\":2,\"name\":\"About CHENKSE\",\"item\":\"https:\\\/\\\/chenkse.com\\\/about-chenkse\\\/\"},{\"@type\":\"ListItem\",\"position\":3,\"name\":\"Qualification Certificate\"}]},{\"@type\":\"WebSite\",\"@id\":\"https:\\\/\\\/chenkse.com\\\/#website\",\"url\":\"https:\\\/\\\/chenkse.com\\\/\",\"name\":\"CHENKSE\",\"description\":\"CHENKSE LED DISPLAY Manufacturers\",\"publisher\":{\"@id\":\"https:\\\/\\\/chenkse.com\\\/#organization\"},\"potentialAction\":[{\"@type\":\"SearchAction\",\"target\":{\"@type\":\"EntryPoint\",\"urlTemplate\":\"https:\\\/\\\/chenkse.com\\\/?s={search_term_string}\"},\"query-input\":{\"@type\":\"PropertyValueSpecification\",\"valueRequired\":true,\"valueName\":\"search_term_string\"}}],\"inLanguage\":\"fi\"},{\"@type\":\"Organization\",\"@id\":\"https:\\\/\\\/chenkse.com\\\/#organization\",\"name\":\"CHENKSE Optoelectronics\",\"url\":\"https:\\\/\\\/chenkse.com\\\/\",\"logo\":{\"@type\":\"ImageObject\",\"inLanguage\":\"fi\",\"@id\":\"https:\\\/\\\/chenkse.com\\\/#\\\/schema\\\/logo\\\/image\\\/\",\"url\":\"https:\\\/\\\/i0.wp.com\\\/chenkse.com\\\/wp-content\\\/uploads\\\/2021\\\/01\\\/0e78fced5d44a0567f05193566e48887.png?fit=326%2C100&ssl=1\",\"contentUrl\":\"https:\\\/\\\/i0.wp.com\\\/chenkse.com\\\/wp-content\\\/uploads\\\/2021\\\/01\\\/0e78fced5d44a0567f05193566e48887.png?fit=326%2C100&ssl=1\",\"width\":326,\"height\":100,\"caption\":\"CHENKSE Optoelectronics\"},\"image\":{\"@id\":\"https:\\\/\\\/chenkse.com\\\/#\\\/schema\\\/logo\\\/image\\\/\"}}]}<\/script>\n<!-- \/ Yoast SEO Premium plugin. -->","yoast_head_json":{"title":"Tutkintotodistus - CHENKSE","description":"CHENKSE LED Dispaly Screen -tuotteet ovat l\u00e4p\u00e4isseet UL CE ROHS FCC EMC -sertifikaatin","robots":{"index":"index","follow":"follow","max-snippet":"max-snippet:-1","max-image-preview":"max-image-preview:large","max-video-preview":"max-video-preview:-1"},"canonical":"https:\/\/chenkse.com\/fi\/chenksesta\/patevyystodistus\/","og_locale":"fi_FI","og_type":"article","og_title":"LED Displays qualification certificate","og_description":"CHENKSE LED Dispaly Screen products have passed UL CE ROHS FCC EMC certification","og_url":"https:\/\/chenkse.com\/fi\/chenksesta\/patevyystodistus\/","og_site_name":"CHENKSE","article_modified_time":"2023-05-17T08:15:32+00:00","og_image":[{"width":300,"height":238,"url":"https:\/\/chenkse.com\/wp-content\/uploads\/A12-1-e1626267646236.jpg","type":"image\/jpeg"}],"twitter_card":"summary_large_image","twitter_title":"LED Displays qualification certificate","twitter_description":"CHENKSE LED Dispaly Screen products have passed UL CE ROHS FCC EMC certification","twitter_misc":{"Arvioitu lukuaika":"1 minuutti"},"schema":{"@context":"https:\/\/schema.org","@graph":[{"@type":"WebPage","@id":"https:\/\/chenkse.com\/about-chenkse\/qualification-certificate\/","url":"https:\/\/chenkse.com\/about-chenkse\/qualification-certificate\/","name":"Tutkintotodistus - CHENKSE","isPartOf":{"@id":"https:\/\/chenkse.com\/#website"},"primaryImageOfPage":{"@id":"https:\/\/chenkse.com\/about-chenkse\/qualification-certificate\/#primaryimage"},"image":{"@id":"https:\/\/chenkse.com\/about-chenkse\/qualification-certificate\/#primaryimage"},"thumbnailUrl":"https:\/\/chenkse.com\/wp-content\/uploads\/A12-1-e1626267646236.jpg","datePublished":"2020-12-28T13:48:59+00:00","dateModified":"2023-05-17T08:15:32+00:00","description":"CHENKSE LED Dispaly Screen -tuotteet ovat l\u00e4p\u00e4isseet UL CE ROHS FCC EMC -sertifikaatin","breadcrumb":{"@id":"https:\/\/chenkse.com\/about-chenkse\/qualification-certificate\/#breadcrumb"},"inLanguage":"fi","potentialAction":[{"@type":"ReadAction","target":["https:\/\/chenkse.com\/about-chenkse\/qualification-certificate\/"]}]},{"@type":"ImageObject","inLanguage":"fi","@id":"https:\/\/chenkse.com\/about-chenkse\/qualification-certificate\/#primaryimage","url":"https:\/\/chenkse.com\/wp-content\/uploads\/A12-1-e1626267646236.jpg","contentUrl":"https:\/\/chenkse.com\/wp-content\/uploads\/A12-1-e1626267646236.jpg","width":300,"height":238},{"@type":"BreadcrumbList","@id":"https:\/\/chenkse.com\/about-chenkse\/qualification-certificate\/#breadcrumb","itemListElement":[{"@type":"ListItem","position":1,"name":"\u9996\u9875","item":"https:\/\/chenkse.com\/"},{"@type":"ListItem","position":2,"name":"About CHENKSE","item":"https:\/\/chenkse.com\/about-chenkse\/"},{"@type":"ListItem","position":3,"name":"Qualification Certificate"}]},{"@type":"WebSite","@id":"https:\/\/chenkse.com\/#website","url":"https:\/\/chenkse.com\/","name":"CHENKSE","description":"CHENKSE LED -N\u00c4YTT\u00d6 Valmistajat","publisher":{"@id":"https:\/\/chenkse.com\/#organization"},"potentialAction":[{"@type":"SearchAction","target":{"@type":"EntryPoint","urlTemplate":"https:\/\/chenkse.com\/?s={search_term_string}"},"query-input":{"@type":"PropertyValueSpecification","valueRequired":true,"valueName":"search_term_string"}}],"inLanguage":"fi"},{"@type":"Organization","@id":"https:\/\/chenkse.com\/#organization","name":"CHENKSE Optoelektroniikka","url":"https:\/\/chenkse.com\/","logo":{"@type":"ImageObject","inLanguage":"fi","@id":"https:\/\/chenkse.com\/#\/schema\/logo\/image\/","url":"https:\/\/i0.wp.com\/chenkse.com\/wp-content\/uploads\/2021\/01\/0e78fced5d44a0567f05193566e48887.png?fit=326%2C100&ssl=1","contentUrl":"https:\/\/i0.wp.com\/chenkse.com\/wp-content\/uploads\/2021\/01\/0e78fced5d44a0567f05193566e48887.png?fit=326%2C100&ssl=1","width":326,"height":100,"caption":"CHENKSE Optoelectronics"},"image":{"@id":"https:\/\/chenkse.com\/#\/schema\/logo\/image\/"}}]}},"jetpack_shortlink":"https:\/\/wp.me\/PcGJnS-9","jetpack_sharing_enabled":true,"_links":{"self":[{"href":"https:\/\/chenkse.com\/fi\/wp-json\/wp\/v2\/pages\/9","targetHints":{"allow":["GET"]}}],"collection":[{"href":"https:\/\/chenkse.com\/fi\/wp-json\/wp\/v2\/pages"}],"about":[{"href":"https:\/\/chenkse.com\/fi\/wp-json\/wp\/v2\/types\/page"}],"author":[{"embeddable":true,"href":"https:\/\/chenkse.com\/fi\/wp-json\/wp\/v2\/users\/5"}],"replies":[{"embeddable":true,"href":"https:\/\/chenkse.com\/fi\/wp-json\/wp\/v2\/comments?post=9"}],"version-history":[{"count":0,"href":"https:\/\/chenkse.com\/fi\/wp-json\/wp\/v2\/pages\/9\/revisions"}],"up":[{"embeddable":true,"href":"https:\/\/chenkse.com\/fi\/wp-json\/wp\/v2\/pages\/6"}],"wp:featuredmedia":[{"embeddable":true,"href":"https:\/\/chenkse.com\/fi\/wp-json\/wp\/v2\/media\/16675"}],"wp:attachment":[{"href":"https:\/\/chenkse.com\/fi\/wp-json\/wp\/v2\/media?parent=9"}],"curies":[{"name":"wp","href":"https:\/\/api.w.org\/{rel}","templated":true}]}}