{"id":1136,"date":"2021-01-07T01:55:37","date_gmt":"2021-01-06T17:55:37","guid":{"rendered":"https:\/\/chenkse.com\/?page_id=1136"},"modified":"2023-05-17T03:38:33","modified_gmt":"2023-05-17T07:38:33","slug":"actualites-sur-laffichage-led","status":"publish","type":"page","link":"https:\/\/chenkse.com\/fr\/actualites-sur-laffichage-led\/","title":{"rendered":"Nouvelles"},"content":{"rendered":"<div data-elementor-type=\"wp-page\" data-elementor-id=\"1136\" class=\"elementor elementor-1136\" data-elementor-post-type=\"page\">\t\t\t\t\t\t<section class=\"elementor-section elementor-top-section elementor-element elementor-element-1c2d1ab elementor-section-boxed elementor-section-height-default elementor-section-height-default elementor-section-smoke-no elementor-section-raindrops-no elementor-section-parallax-no elementor-section-floatimg-no\" data-id=\"1c2d1ab\" data-element_type=\"section\" data-e-type=\"section\">\t\t\t\t\t\t<div class=\"elementor-container elementor-column-gap-default\">\t\t\t\t\t<div class=\"elementor-column elementor-col-100 elementor-top-column elementor-element elementor-element-cbb9e43\" data-id=\"cbb9e43\" data-element_type=\"column\" data-e-type=\"column\">\t\t\t<div class=\"elementor-widget-wrap elementor-element-populated\">\t\t\t\t\t\t<div class=\"elementor-element elementor-element-4a51ed3 elementor-widget elementor-widget-heading\" data-id=\"4a51ed3\" data-element_type=\"widget\" data-e-type=\"widget\" data-widget_type=\"heading.default\">\t\t\t\t\t<h1 class=\"elementor-heading-title elementor-size-default\">NOUVELLES<\/h1>\t\t\t\t<\/div>\t\t\t\t\t<\/div>\t\t<\/div>\t\t\t\t\t<\/div>\t\t<\/section>\t\t\t\t<section class=\"elementor-section elementor-top-section elementor-element elementor-element-b2c3c97 elementor-section-boxed elementor-section-height-default elementor-section-height-default elementor-section-smoke-no elementor-section-raindrops-no elementor-section-parallax-no elementor-section-floatimg-no\" data-id=\"b2c3c97\" data-element_type=\"section\" data-e-type=\"section\">\t\t\t\t\t\t<div class=\"elementor-container elementor-column-gap-default\">\t\t\t\t\t<div class=\"elementor-column elementor-col-100 elementor-top-column elementor-element elementor-element-0eb563f\" data-id=\"0eb563f\" data-element_type=\"column\" data-e-type=\"column\">\t\t\t<div class=\"elementor-widget-wrap elementor-element-populated\">\t\t\t\t\t\t<div class=\"elementor-element elementor-element-a696c63 elementor-widget elementor-widget-text-editor\" data-id=\"a696c63\" data-element_type=\"widget\" data-e-type=\"widget\" data-widget_type=\"text-editor.default\">\t\t\t\t\t\t\t\t\t<p style=\"text-align: right;\"><span style=\"color: #808080;\"><a style=\"color: #808080;\" href=\"https:\/\/chenkse.com\/fr\"><span style=\"vertical-align: inherit;\"><span style=\"vertical-align: inherit;\">Maison <\/span><\/span><\/a><span style=\"vertical-align: inherit;\"><span style=\"vertical-align: inherit;\">&gt; <\/span><\/span><a style=\"color: #808080;\" href=\"https:\/\/chenkse.com\/fr\/actualites-sur-laffichage-led\/\"><span style=\"vertical-align: inherit;\"><span style=\"vertical-align: inherit;\">Nouvelles<\/span><\/span><\/a>\u00a0<\/span><\/p><hr \/>\t\t\t\t\t\t\t\t<\/div>\t\t\t\t\t<\/div>\t\t<\/div>\t\t\t\t\t<\/div>\t\t<\/section>\t\t\t\t<section class=\"elementor-section elementor-top-section elementor-element elementor-element-1779900 elementor-section-boxed elementor-section-height-default elementor-section-height-default elementor-section-smoke-no elementor-section-raindrops-no elementor-section-parallax-no elementor-section-floatimg-no\" data-id=\"1779900\" data-element_type=\"section\" data-e-type=\"section\">\t\t\t\t\t\t<div class=\"elementor-container elementor-column-gap-default\">\t\t\t\t\t<div class=\"elementor-column elementor-col-100 elementor-top-column elementor-element elementor-element-4238404\" data-id=\"4238404\" data-element_type=\"column\" data-e-type=\"column\">\t\t\t<div class=\"elementor-widget-wrap elementor-element-populated\">\t\t\t\t\t\t<div class=\"elementor-element elementor-element-8e4c23b elementor-posts--align-left elementor-grid-3 elementor-grid-tablet-2 elementor-grid-mobile-1 elementor-posts--thumbnail-top elementor-widget elementor-widget-posts\" data-id=\"8e4c23b\" data-element_type=\"widget\" data-e-type=\"widget\" data-settings=\"{&quot;pagination_type&quot;:&quot;numbers_and_prev_next&quot;,&quot;classic_masonry&quot;:&quot;yes&quot;,&quot;classic_row_gap&quot;:{&quot;unit&quot;:&quot;px&quot;,&quot;size&quot;:48,&quot;sizes&quot;:[]},&quot;classic_columns&quot;:&quot;3&quot;,&quot;classic_columns_tablet&quot;:&quot;2&quot;,&quot;classic_columns_mobile&quot;:&quot;1&quot;,&quot;classic_row_gap_tablet&quot;:{&quot;unit&quot;:&quot;px&quot;,&quot;size&quot;:&quot;&quot;,&quot;sizes&quot;:[]},&quot;classic_row_gap_mobile&quot;:{&quot;unit&quot;:&quot;px&quot;,&quot;size&quot;:&quot;&quot;,&quot;sizes&quot;:[]}}\" data-widget_type=\"posts.classic\">\t\t\t\t<div class=\"elementor-widget-container\">\t\t\t\t\t\t\t<div class=\"elementor-posts-container elementor-posts elementor-posts--skin-classic elementor-grid\" role=\"list\">\t\t\t\t<article class=\"elementor-post elementor-grid-item post-123206 post type-post status-publish format-standard hentry category-news\" role=\"listitem\">\t\t\t\t<div class=\"elementor-post__text\">\t\t\t\t<h2 class=\"elementor-post__title\">\n\t\t\t<a href=\"https:\/\/chenkse.com\/fr\/2026-world-cup-led-display-tech\" >\n\t\t\t\t\u00c9cran LED de la Coupe du monde\u00a0: r\u00e9volutionner le tournoi 2026 avec des visuels de nouvelle g\u00e9n\u00e9ration\t\t\t<\/a>\n\t\t<\/h2>\t\t\t\t<div class=\"elementor-post__excerpt\">\t\t\t<p>\u00c0 l\u2019approche de la Coupe du Monde de la FIFA 2026, <a rel=\"nofollow\" href=\"https:\/\/chenkse.com\/fr\/\">Affichage LED<\/a> technology<\/p>\t\t<\/div>\t\t\t\t<a class=\"elementor-post__read-more\" href=\"https:\/\/chenkse.com\/fr\/2026-world-cup-led-display-tech\" aria-label=\"En savoir plus sur World Cup LED Display: Revolutionizing the 2026 Tournament with Next-Gen Visuals\" tabindex=\"-1\" >\n\t\t\tEn savoir plus &quot;\t\t<\/a>\t\t\t\t<\/div>\t\t\t\t<\/article>\t\t\t\t<article class=\"elementor-post elementor-grid-item post-28918 post type-post status-publish format-standard hentry category-news\" role=\"listitem\">\t\t\t\t<div class=\"elementor-post__text\">\t\t\t\t<h2 class=\"elementor-post__title\">\n\t\t\t<a href=\"https:\/\/chenkse.com\/fr\/ecrans-led-de-location\/\" >\n\t\t\t\tPourquoi les \u00e9crans LED de location sont populaires et les plus vendus\t\t\t<\/a>\n\t\t<\/h2>\t\t\t\t<div class=\"elementor-post__excerpt\">\t\t\t<p>Table des mati\u00e8res 1. Qu&#039;est-ce qu&#039;un \u00e9cran LED de location et<\/p>\t\t<\/div>\t\t\t\t<a class=\"elementor-post__read-more\" href=\"https:\/\/chenkse.com\/fr\/ecrans-led-de-location\/\" aria-label=\"En savoir plus sur Pourquoi les \u00e9crans LED de location sont populaires et les plus vendus\" tabindex=\"-1\" >\n\t\t\tEn savoir plus &quot;\t\t<\/a>\t\t\t\t<\/div>\t\t\t\t<\/article>\t\t\t\t<article class=\"elementor-post elementor-grid-item post-22131 post type-post status-publish format-standard has-post-thumbnail hentry category-industry-news\" role=\"listitem\">\t\t\t\t<a class=\"elementor-post__thumbnail__link\" href=\"https:\/\/chenkse.com\/fr\/comment-faire-la-distinction-entre-laffichage-led-de-la-scene-interieure-et-exterieure\/\" tabindex=\"-1\" >\n\t\t\t<div class=\"elementor-post__thumbnail\"><img decoding=\"async\" width=\"500\" height=\"500\" data-src=\"https:\/\/chenkse.com\/wp-content\/smush-avif\/61.jpg.avif\" class=\"attachment-medium_large size-medium_large wp-image-19772 lazyload\" alt=\"L&#039;\u00e9cran d&#039;affichage LED est id\u00e9al pour les sc\u00e8nes de concert\" src=\"data:image\/svg+xml;base64,PHN2ZyB3aWR0aD0iMSIgaGVpZ2h0PSIxIiB4bWxucz0iaHR0cDovL3d3dy53My5vcmcvMjAwMC9zdmciPjwvc3ZnPg==\" style=\"--smush-placeholder-width: 500px; --smush-placeholder-aspect-ratio: 500\/500;\" \/><\/div>\n\t\t<\/a>\t\t\t\t<div class=\"elementor-post__text\">\t\t\t\t<h2 class=\"elementor-post__title\">\n\t\t\t<a href=\"https:\/\/chenkse.com\/fr\/comment-faire-la-distinction-entre-laffichage-led-de-la-scene-interieure-et-exterieure\/\" >\n\t\t\t\tComment faire la distinction entre l&#039;affichage LED de sc\u00e8ne int\u00e9rieure et ext\u00e9rieure\u00a0?\t\t\t<\/a>\n\t\t<\/h2>\t\t\t\t<div class=\"elementor-post__excerpt\">\t\t\t<p>Les \u00e9crans LED ont une conception, une luminosit\u00e9, une efficacit\u00e9 \u00e9nerg\u00e9tique et une r\u00e9sistance \u00e0 l&#039;eau variables en fonction de leur utilisation en int\u00e9rieur ou en ext\u00e9rieur.<\/p>\t\t<\/div>\t\t\t\t<a class=\"elementor-post__read-more\" href=\"https:\/\/chenkse.com\/fr\/comment-faire-la-distinction-entre-laffichage-led-de-la-scene-interieure-et-exterieure\/\" aria-label=\"En savoir plus sur Comment faire la distinction entre un affichage LED pour sc\u00e8ne int\u00e9rieure et ext\u00e9rieure ?\" tabindex=\"-1\" >\n\t\t\tEn savoir plus &quot;\t\t<\/a>\t\t\t\t<\/div>\t\t\t\t<\/article>\t\t\t\t<article class=\"elementor-post elementor-grid-item post-22108 post type-post status-publish format-standard has-post-thumbnail hentry category-industry-news category-news\" role=\"listitem\">\t\t\t\t<a class=\"elementor-post__thumbnail__link\" href=\"https:\/\/chenkse.com\/fr\/curieux-de-connaitre-lavenir-des-ecrans-les-ecrans-led-sont-la-reponse-au-contenu-immersif\/\" tabindex=\"-1\" >\n\t\t\t<div class=\"elementor-post__thumbnail\"><img decoding=\"async\" width=\"768\" height=\"505\" data-src=\"https:\/\/chenkse.com\/wp-content\/smush-avif\/11-10.jpg.avif\" class=\"attachment-medium_large size-medium_large wp-image-22121 lazyload\" alt=\"\" src=\"data:image\/svg+xml;base64,PHN2ZyB3aWR0aD0iMSIgaGVpZ2h0PSIxIiB4bWxucz0iaHR0cDovL3d3dy53My5vcmcvMjAwMC9zdmciPjwvc3ZnPg==\" style=\"--smush-placeholder-width: 768px; --smush-placeholder-aspect-ratio: 768\/505;\" \/><\/div>\n\t\t<\/a>\t\t\t\t<div class=\"elementor-post__text\">\t\t\t\t<h2 class=\"elementor-post__title\">\n\t\t\t<a href=\"https:\/\/chenkse.com\/fr\/curieux-de-connaitre-lavenir-des-ecrans-les-ecrans-led-sont-la-reponse-au-contenu-immersif\/\" >\n\t\t\t\tCurieux de conna\u00eetre l&#039;avenir des \u00e9crans\u00a0? Les \u00e9crans LED sont-ils la r\u00e9ponse au contenu immersif ?\t\t\t<\/a>\n\t\t<\/h2>\t\t\t\t<div class=\"elementor-post__excerpt\">\t\t\t<p>Les \u00e9crans LED ont transform\u00e9 le monde des \u00e9crans et sont souvent consid\u00e9r\u00e9s comme une solution prometteuse pour les contenus immersifs.<\/p>\t\t<\/div>\t\t\t\t<a class=\"elementor-post__read-more\" href=\"https:\/\/chenkse.com\/fr\/curieux-de-connaitre-lavenir-des-ecrans-les-ecrans-led-sont-la-reponse-au-contenu-immersif\/\" aria-label=\"En savoir plus sur Curieux de conna\u00eetre l&#039;avenir des \u00e9crans ? Les \u00e9crans LED sont-ils la r\u00e9ponse au contenu immersif ?\" tabindex=\"-1\" >\n\t\t\tEn savoir plus &quot;\t\t<\/a>\t\t\t\t<\/div>\t\t\t\t<\/article>\t\t\t\t<article class=\"elementor-post elementor-grid-item post-22070 post type-post status-publish format-standard has-post-thumbnail hentry category-company-news\" role=\"listitem\">\t\t\t\t<a class=\"elementor-post__thumbnail__link\" href=\"https:\/\/chenkse.com\/fr\/reparation-de-pixels-morts-daffichage-led\/\" tabindex=\"-1\" >\n\t\t\t<div class=\"elementor-post__thumbnail\"><img decoding=\"async\" width=\"768\" height=\"505\" data-src=\"https:\/\/chenkse.com\/wp-content\/smush-avif\/O-03.jpg.avif\" class=\"attachment-medium_large size-medium_large wp-image-22074 lazyload\" alt=\"\" src=\"data:image\/svg+xml;base64,PHN2ZyB3aWR0aD0iMSIgaGVpZ2h0PSIxIiB4bWxucz0iaHR0cDovL3d3dy53My5vcmcvMjAwMC9zdmciPjwvc3ZnPg==\" style=\"--smush-placeholder-width: 768px; --smush-placeholder-aspect-ratio: 768\/505;\" \/><\/div>\n\t\t<\/a>\t\t\t\t<div class=\"elementor-post__text\">\t\t\t\t<h2 class=\"elementor-post__title\">\n\t\t\t<a href=\"https:\/\/chenkse.com\/fr\/reparation-de-pixels-morts-daffichage-led\/\" >\n\t\t\t\tM\u00e9thodes et comp\u00e9tences pour la r\u00e9paration des pixels morts de l&#039;\u00e9cran d&#039;affichage LED\t\t\t<\/a>\n\t\t<\/h2>\t\t\t\t<div class=\"elementor-post__excerpt\">\t\t\t<p>Les pixels morts causent des d\u00e9sagr\u00e9ments et de la d\u00e9tresse aux utilisateurs. Par cons\u00e9quent, les m\u00e9thodes et les comp\u00e9tences en mati\u00e8re de r\u00e9paration des pixels morts des \u00e9crans LED sont tr\u00e8s importantes.<\/p>\t\t<\/div>\t\t\t\t<a class=\"elementor-post__read-more\" href=\"https:\/\/chenkse.com\/fr\/reparation-de-pixels-morts-daffichage-led\/\" aria-label=\"En savoir plus sur M\u00e9thodes et comp\u00e9tences pour la r\u00e9paration des pixels morts des \u00e9crans d&#039;affichage LED\" tabindex=\"-1\" >\n\t\t\tEn savoir plus &quot;\t\t<\/a>\t\t\t\t<\/div>\t\t\t\t<\/article>\t\t\t\t<article class=\"elementor-post elementor-grid-item post-22004 post type-post status-publish format-standard has-post-thumbnail hentry category-industry-news\" role=\"listitem\">\t\t\t\t<a class=\"elementor-post__thumbnail__link\" href=\"https:\/\/chenkse.com\/fr\/comment-ameliorer-les-precautions-dentretien-quotidiennes-des-ecrans-led-exterieurs\/\" tabindex=\"-1\" >\n\t\t\t<div class=\"elementor-post__thumbnail\"><img decoding=\"async\" width=\"768\" height=\"768\" data-src=\"https:\/\/chenkse.com\/wp-content\/smush-avif\/07-7.jpg.avif\" class=\"attachment-medium_large size-medium_large wp-image-20558 lazyload\" alt=\"\" src=\"data:image\/svg+xml;base64,PHN2ZyB3aWR0aD0iMSIgaGVpZ2h0PSIxIiB4bWxucz0iaHR0cDovL3d3dy53My5vcmcvMjAwMC9zdmciPjwvc3ZnPg==\" style=\"--smush-placeholder-width: 768px; --smush-placeholder-aspect-ratio: 768\/768;\" \/><\/div>\n\t\t<\/a>\t\t\t\t<div class=\"elementor-post__text\">\t\t\t\t<h2 class=\"elementor-post__title\">\n\t\t\t<a href=\"https:\/\/chenkse.com\/fr\/comment-ameliorer-les-precautions-dentretien-quotidiennes-des-ecrans-led-exterieurs\/\" >\n\t\t\t\tComment am\u00e9liorer les pr\u00e9cautions d&#039;entretien quotidien des \u00e9crans LED ext\u00e9rieurs\t\t\t<\/a>\n\t\t<\/h2>\t\t\t\t<div class=\"elementor-post__excerpt\">\t\t\t<p>The maintenance methods of <a href=\"https:\/\/chenkse.com\/fr\/ecrans-led-exterieurs\/\">affichage LED ext\u00e9rieur<\/a> sont principalement \u00ab\u00a0nettoyage, fixation, contr\u00f4le visuel, calibrage\u00a0\u00bb<\/p>\t\t<\/div>\t\t\t\t<a class=\"elementor-post__read-more\" href=\"https:\/\/chenkse.com\/fr\/comment-ameliorer-les-precautions-dentretien-quotidiennes-des-ecrans-led-exterieurs\/\" aria-label=\"En savoir plus sur Comment am\u00e9liorer les pr\u00e9cautions d&#039;entretien quotidien des \u00e9crans LED ext\u00e9rieurs\" tabindex=\"-1\" >\n\t\t\tEn savoir plus &quot;\t\t<\/a>\t\t\t\t<\/div>\t\t\t\t<\/article>\t\t\t\t<\/div>\t\t\t\t\t\t<div class=\"e-load-more-anchor\" data-page=\"1\" data-max-page=\"7\" data-next-page=\"https:\/\/chenkse.com\/wp-json\/wp\/v2\/pages\/1136\/page\/2\/\"><\/div>\t\t\t\t<nav class=\"elementor-pagination\" aria-label=\"Pagination\">\t\t\t<span class=\"page-numbers prev\">&quot; Pr\u00e9c\u00e9dent<\/span><span aria-current=\"page\" class=\"page-numbers current\"><span class=\"elementor-screen-only\">Page<\/span>1<\/span><a class=\"page-numbers\" href=\"https:\/\/chenkse.com\/wp-json\/wp\/v2\/pages\/1136\/page\/2\/\"><span class=\"elementor-screen-only\">Page<\/span>2<\/a><a class=\"page-numbers\" href=\"https:\/\/chenkse.com\/wp-json\/wp\/v2\/pages\/1136\/page\/3\/\"><span class=\"elementor-screen-only\">Page<\/span>3<\/a><span class=\"page-numbers dots\">\u2026<\/span><a class=\"page-numbers\" href=\"https:\/\/chenkse.com\/wp-json\/wp\/v2\/pages\/1136\/page\/5\/\"><span class=\"elementor-screen-only\">Page<\/span>5<\/a><a class=\"page-numbers next\" href=\"https:\/\/chenkse.com\/wp-json\/wp\/v2\/pages\/1136\/page\/2\/\">Suivant &quot;<\/a>\t\t<\/nav>\t\t\t\t\t\t<\/div>\t\t\t\t<\/div>\t\t\t\t\t<\/div>\t\t<\/div>\t\t\t\t\t<\/div>\t\t<\/section>\t\t\t\t<\/div>","protected":false},"excerpt":{"rendered":"<p>ACTUALIT\u00c9SAccueil &gt; Actualit\u00e9s&nbsp;<\/p>","protected":false},"author":5,"featured_media":20746,"parent":0,"menu_order":0,"comment_status":"closed","ping_status":"closed","template":"","meta":{"footnotes":""},"class_list":["post-1136","page","type-page","status-publish","has-post-thumbnail","hentry"],"yoast_head":"<!-- This site is optimized with the Yoast SEO Premium plugin v26.1 (Yoast SEO v27.1.1) - https:\/\/yoast.com\/product\/yoast-seo-premium-wordpress\/ -->\n<title>LED displayNews - CHENKSE fine pixel pitch LED display<\/title>\n<meta name=\"description\" content=\"outdoor LED display occupy a dominant position in the advertising field. According to the different needs of each project,\" \/>\n<meta name=\"robots\" content=\"index, follow, max-snippet:-1, max-image-preview:large, max-video-preview:-1\" \/>\n<link rel=\"canonical\" href=\"https:\/\/chenkse.com\/fr\/actualites-sur-laffichage-led\/\" \/>\n<meta property=\"og:locale\" content=\"fr_FR\" \/>\n<meta property=\"og:type\" content=\"article\" \/>\n<meta property=\"og:title\" content=\"News\" \/>\n<meta property=\"og:description\" content=\"outdoor LED display occupy a dominant position in the advertising field. According to the different needs of each project,\" \/>\n<meta property=\"og:url\" content=\"https:\/\/chenkse.com\/fr\/actualites-sur-laffichage-led\/\" \/>\n<meta property=\"og:site_name\" content=\"CHENKSE\" \/>\n<meta property=\"article:modified_time\" content=\"2023-05-17T07:38:33+00:00\" \/>\n<meta property=\"og:image\" content=\"https:\/\/chenkse.com\/wp-content\/uploads\/FS-01.jpg\" \/>\n\t<meta property=\"og:image:width\" content=\"700\" \/>\n\t<meta property=\"og:image:height\" content=\"624\" \/>\n\t<meta property=\"og:image:type\" content=\"image\/jpeg\" \/>\n<meta name=\"twitter:card\" content=\"summary_large_image\" \/>\n<meta name=\"twitter:label1\" content=\"Dur\u00e9e de lecture estim\u00e9e\" \/>\n\t<meta name=\"twitter:data1\" content=\"1 minute\" \/>\n<script type=\"application\/ld+json\" class=\"yoast-schema-graph\">{\"@context\":\"https:\/\/schema.org\",\"@graph\":[{\"@type\":\"WebPage\",\"@id\":\"https:\/\/chenkse.com\/news-for-led-display\/\",\"url\":\"https:\/\/chenkse.com\/news-for-led-display\/\",\"name\":\"LED displayNews - CHENKSE fine pixel pitch LED display\",\"isPartOf\":{\"@id\":\"https:\/\/chenkse.com\/#website\"},\"primaryImageOfPage\":{\"@id\":\"https:\/\/chenkse.com\/news-for-led-display\/#primaryimage\"},\"image\":{\"@id\":\"https:\/\/chenkse.com\/news-for-led-display\/#primaryimage\"},\"thumbnailUrl\":\"https:\/\/chenkse.com\/wp-content\/uploads\/FS-01.jpg\",\"datePublished\":\"2021-01-06T17:55:37+00:00\",\"dateModified\":\"2023-05-17T07:38:33+00:00\",\"description\":\"outdoor LED display occupy a dominant position in the advertising field. According to the different needs of each project,\",\"breadcrumb\":{\"@id\":\"https:\/\/chenkse.com\/news-for-led-display\/#breadcrumb\"},\"inLanguage\":\"fr-FR\",\"potentialAction\":[{\"@type\":\"ReadAction\",\"target\":[\"https:\/\/chenkse.com\/news-for-led-display\/\"]}]},{\"@type\":\"ImageObject\",\"inLanguage\":\"fr-FR\",\"@id\":\"https:\/\/chenkse.com\/news-for-led-display\/#primaryimage\",\"url\":\"https:\/\/chenkse.com\/wp-content\/uploads\/FS-01.jpg\",\"contentUrl\":\"https:\/\/chenkse.com\/wp-content\/uploads\/FS-01.jpg\",\"width\":700,\"height\":624,\"caption\":\"Rental led screen\"},{\"@type\":\"BreadcrumbList\",\"@id\":\"https:\/\/chenkse.com\/news-for-led-display\/#breadcrumb\",\"itemListElement\":[{\"@type\":\"ListItem\",\"position\":1,\"name\":\"\u9996\u9875\",\"item\":\"https:\/\/chenkse.com\/\"},{\"@type\":\"ListItem\",\"position\":2,\"name\":\"News\"}]},{\"@type\":\"WebSite\",\"@id\":\"https:\/\/chenkse.com\/#website\",\"url\":\"https:\/\/chenkse.com\/\",\"name\":\"CHENKSE\",\"description\":\"CHENKSE LED DISPLAY Manufacturers\",\"publisher\":{\"@id\":\"https:\/\/chenkse.com\/#organization\"},\"potentialAction\":[{\"@type\":\"SearchAction\",\"target\":{\"@type\":\"EntryPoint\",\"urlTemplate\":\"https:\/\/chenkse.com\/?s={search_term_string}\"},\"query-input\":{\"@type\":\"PropertyValueSpecification\",\"valueRequired\":true,\"valueName\":\"search_term_string\"}}],\"inLanguage\":\"fr-FR\"},{\"@type\":\"Organization\",\"@id\":\"https:\/\/chenkse.com\/#organization\",\"name\":\"CHENKSE Optoelectronics\",\"url\":\"https:\/\/chenkse.com\/\",\"logo\":{\"@type\":\"ImageObject\",\"inLanguage\":\"fr-FR\",\"@id\":\"https:\/\/chenkse.com\/#\/schema\/logo\/image\/\",\"url\":\"https:\/\/i0.wp.com\/chenkse.com\/wp-content\/uploads\/2021\/01\/0e78fced5d44a0567f05193566e48887.png?fit=326%2C100&ssl=1\",\"contentUrl\":\"https:\/\/i0.wp.com\/chenkse.com\/wp-content\/uploads\/2021\/01\/0e78fced5d44a0567f05193566e48887.png?fit=326%2C100&ssl=1\",\"width\":326,\"height\":100,\"caption\":\"CHENKSE Optoelectronics\"},\"image\":{\"@id\":\"https:\/\/chenkse.com\/#\/schema\/logo\/image\/\"}}]}<\/script>\n<!-- \/ Yoast SEO Premium plugin. -->","yoast_head_json":{"title":"Affichage LEDActualit\u00e9s - Affichage LED CHENKSE \u00e0 pas de pixel fin","description":"L&#039;affichage \u00e0 LED d&#039;ext\u00e9rieur occupe une position dominante dans le domaine de la publicit\u00e9. Selon les diff\u00e9rents besoins de chaque projet,","robots":{"index":"index","follow":"follow","max-snippet":"max-snippet:-1","max-image-preview":"max-image-preview:large","max-video-preview":"max-video-preview:-1"},"canonical":"https:\/\/chenkse.com\/fr\/actualites-sur-laffichage-led\/","og_locale":"fr_FR","og_type":"article","og_title":"News","og_description":"outdoor LED display occupy a dominant position in the advertising field. According to the different needs of each project,","og_url":"https:\/\/chenkse.com\/fr\/actualites-sur-laffichage-led\/","og_site_name":"CHENKSE","article_modified_time":"2023-05-17T07:38:33+00:00","og_image":[{"width":700,"height":624,"url":"https:\/\/chenkse.com\/wp-content\/uploads\/FS-01.jpg","type":"image\/jpeg"}],"twitter_card":"summary_large_image","twitter_misc":{"Dur\u00e9e de lecture estim\u00e9e":"1 minute"},"schema":{"@context":"https:\/\/schema.org","@graph":[{"@type":"WebPage","@id":"https:\/\/chenkse.com\/news-for-led-display\/","url":"https:\/\/chenkse.com\/news-for-led-display\/","name":"Affichage LEDActualit\u00e9s - Affichage LED CHENKSE \u00e0 pas de pixel fin","isPartOf":{"@id":"https:\/\/chenkse.com\/#website"},"primaryImageOfPage":{"@id":"https:\/\/chenkse.com\/news-for-led-display\/#primaryimage"},"image":{"@id":"https:\/\/chenkse.com\/news-for-led-display\/#primaryimage"},"thumbnailUrl":"https:\/\/chenkse.com\/wp-content\/uploads\/FS-01.jpg","datePublished":"2021-01-06T17:55:37+00:00","dateModified":"2023-05-17T07:38:33+00:00","description":"L&#039;affichage \u00e0 LED d&#039;ext\u00e9rieur occupe une position dominante dans le domaine de la publicit\u00e9. Selon les diff\u00e9rents besoins de chaque projet,","breadcrumb":{"@id":"https:\/\/chenkse.com\/news-for-led-display\/#breadcrumb"},"inLanguage":"fr-FR","potentialAction":[{"@type":"ReadAction","target":["https:\/\/chenkse.com\/news-for-led-display\/"]}]},{"@type":"ImageObject","inLanguage":"fr-FR","@id":"https:\/\/chenkse.com\/news-for-led-display\/#primaryimage","url":"https:\/\/chenkse.com\/wp-content\/uploads\/FS-01.jpg","contentUrl":"https:\/\/chenkse.com\/wp-content\/uploads\/FS-01.jpg","width":700,"height":624,"caption":"Rental led screen"},{"@type":"BreadcrumbList","@id":"https:\/\/chenkse.com\/news-for-led-display\/#breadcrumb","itemListElement":[{"@type":"ListItem","position":1,"name":"\u9996\u9875","item":"https:\/\/chenkse.com\/"},{"@type":"ListItem","position":2,"name":"News"}]},{"@type":"WebSite","@id":"https:\/\/chenkse.com\/#website","url":"https:\/\/chenkse.com\/","name":"CHENKSE","description":"CHENKSE LED DISPLAY Fabricants","publisher":{"@id":"https:\/\/chenkse.com\/#organization"},"potentialAction":[{"@type":"SearchAction","target":{"@type":"EntryPoint","urlTemplate":"https:\/\/chenkse.com\/?s={search_term_string}"},"query-input":{"@type":"PropertyValueSpecification","valueRequired":true,"valueName":"search_term_string"}}],"inLanguage":"fr-FR"},{"@type":"Organization","@id":"https:\/\/chenkse.com\/#organization","name":"CHENKSE Opto\u00e9lectronique","url":"https:\/\/chenkse.com\/","logo":{"@type":"ImageObject","inLanguage":"fr-FR","@id":"https:\/\/chenkse.com\/#\/schema\/logo\/image\/","url":"https:\/\/i0.wp.com\/chenkse.com\/wp-content\/uploads\/2021\/01\/0e78fced5d44a0567f05193566e48887.png?fit=326%2C100&ssl=1","contentUrl":"https:\/\/i0.wp.com\/chenkse.com\/wp-content\/uploads\/2021\/01\/0e78fced5d44a0567f05193566e48887.png?fit=326%2C100&ssl=1","width":326,"height":100,"caption":"CHENKSE Optoelectronics"},"image":{"@id":"https:\/\/chenkse.com\/#\/schema\/logo\/image\/"}}]}},"jetpack_shortlink":"https:\/\/wp.me\/PcGJnS-ik","jetpack_sharing_enabled":true,"_links":{"self":[{"href":"https:\/\/chenkse.com\/fr\/wp-json\/wp\/v2\/pages\/1136","targetHints":{"allow":["GET"]}}],"collection":[{"href":"https:\/\/chenkse.com\/fr\/wp-json\/wp\/v2\/pages"}],"about":[{"href":"https:\/\/chenkse.com\/fr\/wp-json\/wp\/v2\/types\/page"}],"author":[{"embeddable":true,"href":"https:\/\/chenkse.com\/fr\/wp-json\/wp\/v2\/users\/5"}],"replies":[{"embeddable":true,"href":"https:\/\/chenkse.com\/fr\/wp-json\/wp\/v2\/comments?post=1136"}],"version-history":[{"count":0,"href":"https:\/\/chenkse.com\/fr\/wp-json\/wp\/v2\/pages\/1136\/revisions"}],"wp:featuredmedia":[{"embeddable":true,"href":"https:\/\/chenkse.com\/fr\/wp-json\/wp\/v2\/media\/20746"}],"wp:attachment":[{"href":"https:\/\/chenkse.com\/fr\/wp-json\/wp\/v2\/media?parent=1136"}],"curies":[{"name":"wp","href":"https:\/\/api.w.org\/{rel}","templated":true}]}}