{"id":1137,"date":"2021-01-07T01:55:37","date_gmt":"2021-01-06T17:55:37","guid":{"rendered":"https:\/\/chenkse.com\/?page_id=1137"},"modified":"2023-05-17T03:18:20","modified_gmt":"2023-05-17T07:18:20","slug":"notizie-aziendali","status":"publish","type":"page","link":"https:\/\/chenkse.com\/it\/notizie-aziendali\/","title":{"rendered":"Notizie dall&#039;azienda"},"content":{"rendered":"<div data-elementor-type=\"wp-page\" data-elementor-id=\"1137\" class=\"elementor elementor-1137\" data-elementor-post-type=\"page\">\n\t\t\t\t\t\t<section class=\"elementor-section elementor-top-section elementor-element elementor-element-2d3bde5 elementor-section-boxed elementor-section-height-default elementor-section-height-default elementor-section-smoke-no elementor-section-raindrops-no elementor-section-parallax-no elementor-section-floatimg-no\" data-id=\"2d3bde5\" data-element_type=\"section\" data-e-type=\"section\">\n\t\t\t\t\t\t<div class=\"elementor-container elementor-column-gap-default\">\n\t\t\t\t\t<div class=\"elementor-column elementor-col-100 elementor-top-column elementor-element elementor-element-977037e\" data-id=\"977037e\" data-element_type=\"column\" data-e-type=\"column\">\n\t\t\t<div class=\"elementor-widget-wrap elementor-element-populated\">\n\t\t\t\t\t\t<div class=\"elementor-element elementor-element-ec90a4a elementor-widget elementor-widget-heading\" data-id=\"ec90a4a\" data-element_type=\"widget\" data-e-type=\"widget\" data-widget_type=\"heading.default\">\n\t\t\t\t\t<h1 class=\"elementor-heading-title elementor-size-default\">NOTIZIE DI CHENKSE<\/h1>\t\t\t\t<\/div>\n\t\t\t\t\t<\/div>\n\t\t<\/div>\n\t\t\t\t\t<\/div>\n\t\t<\/section>\n\t\t\t\t<section class=\"elementor-section elementor-top-section elementor-element elementor-element-38fee04 elementor-section-boxed elementor-section-height-default elementor-section-height-default elementor-section-smoke-no elementor-section-raindrops-no elementor-section-parallax-no elementor-section-floatimg-no\" data-id=\"38fee04\" data-element_type=\"section\" data-e-type=\"section\">\n\t\t\t\t\t\t<div class=\"elementor-container elementor-column-gap-default\">\n\t\t\t\t\t<div class=\"elementor-column elementor-col-100 elementor-top-column elementor-element elementor-element-87b1b33\" data-id=\"87b1b33\" data-element_type=\"column\" data-e-type=\"column\">\n\t\t\t<div class=\"elementor-widget-wrap elementor-element-populated\">\n\t\t\t\t\t\t<div class=\"elementor-element elementor-element-88053a6 elementor-widget elementor-widget-text-editor\" data-id=\"88053a6\" data-element_type=\"widget\" data-e-type=\"widget\" data-widget_type=\"text-editor.default\">\n\t\t\t\t\t\t\t\t\t<p style=\"text-align: right;\"><span style=\"color: #808080;\"><a style=\"color: #808080;\" href=\"https:\/\/chenkse.com\/it\">Casa<\/a> &gt; <a style=\"color: #808080;\" href=\"https:\/\/chenkse.com\/it\/novita-per-display-a-led\/\">notizia<\/a> &gt;<a style=\"color: #808080;\" href=\"https:\/\/chenkse.com\/it\/notizie-aziendali\/\"> Notizie aziendali<\/a><\/span><\/p><hr \/>\t\t\t\t\t\t\t\t<\/div>\n\t\t\t\t\t<\/div>\n\t\t<\/div>\n\t\t\t\t\t<\/div>\n\t\t<\/section>\n\t\t\t\t<section class=\"elementor-section elementor-top-section elementor-element elementor-element-06772a9 elementor-section-boxed elementor-section-height-default elementor-section-height-default elementor-section-smoke-no elementor-section-raindrops-no elementor-section-parallax-no elementor-section-floatimg-no\" data-id=\"06772a9\" data-element_type=\"section\" data-e-type=\"section\">\n\t\t\t\t\t\t<div class=\"elementor-container elementor-column-gap-default\">\n\t\t\t\t\t<div class=\"elementor-column elementor-col-100 elementor-top-column elementor-element elementor-element-a8dee8d\" data-id=\"a8dee8d\" data-element_type=\"column\" data-e-type=\"column\">\n\t\t\t<div class=\"elementor-widget-wrap elementor-element-populated\">\n\t\t\t\t\t\t<div class=\"elementor-element elementor-element-60a83dc elementor-grid-1 elementor-posts--thumbnail-left elementor-grid-tablet-2 elementor-grid-mobile-1 elementor-widget elementor-widget-posts\" data-id=\"60a83dc\" data-element_type=\"widget\" data-e-type=\"widget\" data-settings=\"{&quot;classic_columns&quot;:&quot;1&quot;,&quot;classic_row_gap&quot;:{&quot;unit&quot;:&quot;px&quot;,&quot;size&quot;:80,&quot;sizes&quot;:[]},&quot;pagination_type&quot;:&quot;numbers_and_prev_next&quot;,&quot;classic_columns_tablet&quot;:&quot;2&quot;,&quot;classic_columns_mobile&quot;:&quot;1&quot;,&quot;classic_row_gap_tablet&quot;:{&quot;unit&quot;:&quot;px&quot;,&quot;size&quot;:&quot;&quot;,&quot;sizes&quot;:[]},&quot;classic_row_gap_mobile&quot;:{&quot;unit&quot;:&quot;px&quot;,&quot;size&quot;:&quot;&quot;,&quot;sizes&quot;:[]}}\" data-widget_type=\"posts.classic\">\n\t\t\t\t<div class=\"elementor-widget-container\">\n\t\t\t\t\t\t\t<div class=\"elementor-posts-container elementor-posts elementor-posts--skin-classic elementor-grid\" role=\"list\">\n\t\t\t\t<article class=\"elementor-post elementor-grid-item post-22070 post type-post status-publish format-standard has-post-thumbnail hentry category-company-news\" role=\"listitem\">\n\t\t\t\t<a class=\"elementor-post__thumbnail__link\" href=\"https:\/\/chenkse.com\/it\/riparazione-dei-pixel-morti-del-display-a-led\/\" tabindex=\"-1\" >\n\t\t\t<div class=\"elementor-post__thumbnail\"><img decoding=\"async\" width=\"800\" height=\"526\" data-src=\"https:\/\/chenkse.com\/wp-content\/smush-avif\/O-03.jpg.avif\" class=\"attachment-newspack-article-block-landscape-medium size-newspack-article-block-landscape-medium wp-image-22074 lazyload\" alt=\"\" src=\"data:image\/svg+xml;base64,PHN2ZyB3aWR0aD0iMSIgaGVpZ2h0PSIxIiB4bWxucz0iaHR0cDovL3d3dy53My5vcmcvMjAwMC9zdmciPjwvc3ZnPg==\" style=\"--smush-placeholder-width: 800px; --smush-placeholder-aspect-ratio: 800\/526;\" \/><\/div>\n\t\t<\/a>\n\t\t\t\t<div class=\"elementor-post__text\">\n\t\t\t\t<h3 class=\"elementor-post__title\">\n\t\t\t<a href=\"https:\/\/chenkse.com\/it\/riparazione-dei-pixel-morti-del-display-a-led\/\" >\n\t\t\t\tMetodi e competenze per la riparazione dei pixel morti dello schermo LED\t\t\t<\/a>\n\t\t<\/h3>\n\t\t\t\t<div class=\"elementor-post__meta-data\">\n\t\t\t\t\t<span class=\"elementor-post-date\">\n\t\t\t08\/23\/2023\t\t<\/span>\n\t\t\t\t<\/div>\n\t\t\t\t<div class=\"elementor-post__excerpt\">\n\t\t\t<p>I pixel morti causano disagi e angoscia agli utenti. Pertanto, i metodi e le competenze per la riparazione dei pixel morti dei display LED sono molto importanti.<\/p>\n\t\t<\/div>\n\t\t\n\t\t<a class=\"elementor-post__read-more\" href=\"https:\/\/chenkse.com\/it\/riparazione-dei-pixel-morti-del-display-a-led\/\" aria-label=\"Leggi tutto Methods and Skills for LED Display Screen Dead Pixel Repair\" tabindex=\"-1\" >\n\t\t\tPer saperne di pi\u00f9 &quot;\t\t<\/a>\n\n\t\t\t\t<\/div>\n\t\t\t\t<\/article>\n\t\t\t\t<article class=\"elementor-post elementor-grid-item post-21510 post type-post status-publish format-standard has-post-thumbnail hentry category-news category-company-news\" role=\"listitem\">\n\t\t\t\t<a class=\"elementor-post__thumbnail__link\" href=\"https:\/\/chenkse.com\/it\/testa-allisola-di-shenzhen-ha-condotto-una-mostra-per-1000-aziende-partecipanti\/\" tabindex=\"-1\" >\n\t\t\t<div class=\"elementor-post__thumbnail\"><img decoding=\"async\" width=\"582\" height=\"321\" data-src=\"https:\/\/chenkse.com\/wp-content\/smush-avif\/02-9.jpg.avif\" class=\"attachment-newspack-article-block-landscape-medium size-newspack-article-block-landscape-medium wp-image-21526 lazyload\" alt=\"\" src=\"data:image\/svg+xml;base64,PHN2ZyB3aWR0aD0iMSIgaGVpZ2h0PSIxIiB4bWxucz0iaHR0cDovL3d3dy53My5vcmcvMjAwMC9zdmciPjwvc3ZnPg==\" style=\"--smush-placeholder-width: 582px; --smush-placeholder-aspect-ratio: 582\/321;\" \/><\/div>\n\t\t<\/a>\n\t\t\t\t<div class=\"elementor-post__text\">\n\t\t\t\t<h3 class=\"elementor-post__title\">\n\t\t\t<a href=\"https:\/\/chenkse.com\/it\/testa-allisola-di-shenzhen-ha-condotto-una-mostra-per-1000-aziende-partecipanti\/\" >\n\t\t\t\tVai alla fiera ISLE Shenzhen LED per oltre 1.000 aziende partecipanti!\t\t\t<\/a>\n\t\t<\/h3>\n\t\t\t\t<div class=\"elementor-post__meta-data\">\n\t\t\t\t\t<span class=\"elementor-post-date\">\n\t\t\t06\/02\/2023\t\t<\/span>\n\t\t\t\t<\/div>\n\t\t\t\t<div class=\"elementor-post__excerpt\">\n\t\t\t<p>Vai alla fiera ISLE Shenzhen LED per oltre 1.000 aziende partecipanti! prodotti con display ad altissima definizione<\/p>\n\t\t<\/div>\n\t\t\n\t\t<a class=\"elementor-post__read-more\" href=\"https:\/\/chenkse.com\/it\/testa-allisola-di-shenzhen-ha-condotto-una-mostra-per-1000-aziende-partecipanti\/\" aria-label=\"Leggi tutto Head to ISLE Shenzhen LED Exhibition for 1,000+ participating companies!\" tabindex=\"-1\" >\n\t\t\tPer saperne di pi\u00f9 &quot;\t\t<\/a>\n\n\t\t\t\t<\/div>\n\t\t\t\t<\/article>\n\t\t\t\t<article class=\"elementor-post elementor-grid-item post-31 post type-post status-publish format-standard has-post-thumbnail hentry category-news category-company-news\" role=\"listitem\">\n\t\t\t\t<a class=\"elementor-post__thumbnail__link\" href=\"https:\/\/chenkse.com\/it\/differenziare-il-display-a-led-di-qualita\/\" tabindex=\"-1\" >\n\t\t\t<div class=\"elementor-post__thumbnail\"><img decoding=\"async\" width=\"354\" height=\"264\" data-src=\"https:\/\/chenkse.com\/wp-content\/smush-avif\/A34.jpg.avif\" class=\"attachment-newspack-article-block-landscape-medium size-newspack-article-block-landscape-medium wp-image-16820 lazyload\" alt=\"\" src=\"data:image\/svg+xml;base64,PHN2ZyB3aWR0aD0iMSIgaGVpZ2h0PSIxIiB4bWxucz0iaHR0cDovL3d3dy53My5vcmcvMjAwMC9zdmciPjwvc3ZnPg==\" style=\"--smush-placeholder-width: 354px; --smush-placeholder-aspect-ratio: 354\/264;\" \/><\/div>\n\t\t<\/a>\n\t\t\t\t<div class=\"elementor-post__text\">\n\t\t\t\t<h3 class=\"elementor-post__title\">\n\t\t\t<a href=\"https:\/\/chenkse.com\/it\/differenziare-il-display-a-led-di-qualita\/\" >\n\t\t\t\tDiversa qualit\u00e0 del display a LED\t\t\t<\/a>\n\t\t<\/h3>\n\t\t\t\t<div class=\"elementor-post__meta-data\">\n\t\t\t\t\t<span class=\"elementor-post-date\">\n\t\t\t05\/04\/2020\t\t<\/span>\n\t\t\t\t<\/div>\n\t\t\t\t<div class=\"elementor-post__excerpt\">\n\t\t\t<p>Display a LED di qualit\u00e0 differenziataRisoluzioneUn passo dei pixel pi\u00f9 piccolo significa che c&#039;\u00e8 meno spazio vuoto tra i pixel. Ci\u00f2 equivale a una maggiore densit\u00e0 di pixel e una migliore risoluzione dello schermo. SU<\/p>\n\t\t<\/div>\n\t\t\n\t\t<a class=\"elementor-post__read-more\" href=\"https:\/\/chenkse.com\/it\/differenziare-il-display-a-led-di-qualita\/\" aria-label=\"Leggi tutto Different quality of LED display\" tabindex=\"-1\" >\n\t\t\tPer saperne di pi\u00f9 &quot;\t\t<\/a>\n\n\t\t\t\t<\/div>\n\t\t\t\t<\/article>\n\t\t\t\t<article class=\"elementor-post elementor-grid-item post-33 post type-post status-publish format-standard has-post-thumbnail hentry category-news category-company-news\" role=\"listitem\">\n\t\t\t\t<a class=\"elementor-post__thumbnail__link\" href=\"https:\/\/chenkse.com\/it\/segnaletica-internazionale-ha-portato-lisola-espositiva-2020\/\" tabindex=\"-1\" >\n\t\t\t<div class=\"elementor-post__thumbnail\"><img decoding=\"async\" width=\"354\" height=\"225\" data-src=\"https:\/\/chenkse.com\/wp-content\/smush-avif\/A24.jpg.avif\" class=\"attachment-newspack-article-block-landscape-medium size-newspack-article-block-landscape-medium wp-image-16771 lazyload\" alt=\"\" src=\"data:image\/svg+xml;base64,PHN2ZyB3aWR0aD0iMSIgaGVpZ2h0PSIxIiB4bWxucz0iaHR0cDovL3d3dy53My5vcmcvMjAwMC9zdmciPjwvc3ZnPg==\" style=\"--smush-placeholder-width: 354px; --smush-placeholder-aspect-ratio: 354\/225;\" \/><\/div>\n\t\t<\/a>\n\t\t\t\t<div class=\"elementor-post__text\">\n\t\t\t\t<h3 class=\"elementor-post__title\">\n\t\t\t<a href=\"https:\/\/chenkse.com\/it\/segnaletica-internazionale-ha-portato-lisola-espositiva-2020\/\" >\n\t\t\t\tEsposizione internazionale di insegne e LED (ISLE) 2020\t\t\t<\/a>\n\t\t<\/h3>\n\t\t\t\t<div class=\"elementor-post__meta-data\">\n\t\t\t\t\t<span class=\"elementor-post-date\">\n\t\t\t02\/29\/2020\t\t<\/span>\n\t\t\t\t<\/div>\n\t\t\t\t<div class=\"elementor-post__excerpt\">\n\t\t\t<p>International Signs &amp; LED Exhibition (ISLE) 2020 ISLE 2020 si terr\u00e0 presso lo Shenzhen World Exhibition &amp; Convention Center (Shenzhen World) con 160.000 \u33a1<\/p>\n\t\t<\/div>\n\t\t\n\t\t<a class=\"elementor-post__read-more\" href=\"https:\/\/chenkse.com\/it\/segnaletica-internazionale-ha-portato-lisola-espositiva-2020\/\" aria-label=\"Leggi tutto International Signs &#038; LED Exhibition (ISLE) 2020\" tabindex=\"-1\" >\n\t\t\tPer saperne di pi\u00f9 &quot;\t\t<\/a>\n\n\t\t\t\t<\/div>\n\t\t\t\t<\/article>\n\t\t\t\t<article class=\"elementor-post elementor-grid-item post-8696 post type-post status-publish format-standard has-post-thumbnail hentry category-company-news category-news\" role=\"listitem\">\n\t\t\t\t<a class=\"elementor-post__thumbnail__link\" href=\"https:\/\/chenkse.com\/it\/lavorare-presso-chenkse\/\" tabindex=\"-1\" >\n\t\t\t<div class=\"elementor-post__thumbnail\"><img decoding=\"async\" width=\"354\" height=\"225\" data-src=\"https:\/\/chenkse.com\/wp-content\/smush-avif\/A32.jpg.avif\" class=\"attachment-newspack-article-block-landscape-medium size-newspack-article-block-landscape-medium wp-image-16779 lazyload\" alt=\"\" src=\"data:image\/svg+xml;base64,PHN2ZyB3aWR0aD0iMSIgaGVpZ2h0PSIxIiB4bWxucz0iaHR0cDovL3d3dy53My5vcmcvMjAwMC9zdmciPjwvc3ZnPg==\" style=\"--smush-placeholder-width: 354px; --smush-placeholder-aspect-ratio: 354\/225;\" \/><\/div>\n\t\t<\/a>\n\t\t\t\t<div class=\"elementor-post__text\">\n\t\t\t\t<h3 class=\"elementor-post__title\">\n\t\t\t<a href=\"https:\/\/chenkse.com\/it\/lavorare-presso-chenkse\/\" >\n\t\t\t\tEra tutto divertimento e niente lavoro a Chenkse\t\t\t<\/a>\n\t\t<\/h3>\n\t\t\t\t<div class=\"elementor-post__meta-data\">\n\t\t\t\t\t<span class=\"elementor-post-date\">\n\t\t\t07\/10\/2016\t\t<\/span>\n\t\t\t\t<\/div>\n\t\t\t\t<div class=\"elementor-post__excerpt\">\n\t\t\t<p>Era tutto divertente e niente lavoro a Chenkse Viviamo tutti una vita molto stressante. Pressione sul lavoro, pressione della famiglia, stress finanziario e persino stress<\/p>\n\t\t<\/div>\n\t\t\n\t\t<a class=\"elementor-post__read-more\" href=\"https:\/\/chenkse.com\/it\/lavorare-presso-chenkse\/\" aria-label=\"Leggi tutto It was All Fun and No Work at Chenkse\" tabindex=\"-1\" >\n\t\t\tPer saperne di pi\u00f9 &quot;\t\t<\/a>\n\n\t\t\t\t<\/div>\n\t\t\t\t<\/article>\n\t\t\t\t<\/div>\n\t\t\n\t\t\t\t\t\t<\/div>\n\t\t\t\t<\/div>\n\t\t\t\t\t<\/div>\n\t\t<\/div>\n\t\t\t\t\t<\/div>\n\t\t<\/section>\n\t\t\t\t<\/div>","protected":false},"excerpt":{"rendered":"<p>CHENKSE NEWS Home &gt; Notizie &gt; Notizie aziendali<\/p>","protected":false},"author":5,"featured_media":20285,"parent":0,"menu_order":0,"comment_status":"closed","ping_status":"closed","template":"","meta":{"footnotes":""},"class_list":["post-1137","page","type-page","status-publish","has-post-thumbnail","hentry"],"yoast_head":"<!-- This site is optimized with the Yoast SEO Premium plugin v26.1 (Yoast SEO v27.1.1) - https:\/\/yoast.com\/product\/yoast-seo-premium-wordpress\/ -->\n<title>professional LED display manufacturer - CHENKSE Company News<\/title>\n<meta name=\"description\" content=\"CHENKSE is a professional LED display manufacturer. Outdoor indoor LED display production, sales, research and development, design.\" \/>\n<meta name=\"robots\" content=\"index, follow, max-snippet:-1, max-image-preview:large, max-video-preview:-1\" \/>\n<link rel=\"canonical\" href=\"https:\/\/chenkse.com\/it\/notizie-aziendali\/\" \/>\n<meta property=\"og:locale\" content=\"it_IT\" \/>\n<meta property=\"og:type\" content=\"article\" \/>\n<meta property=\"og:title\" content=\"Company News\" \/>\n<meta property=\"og:description\" content=\"CHENKSE is a professional LED display manufacturer. Outdoor indoor LED display production, sales, research and development, design.\" \/>\n<meta property=\"og:url\" content=\"https:\/\/chenkse.com\/it\/notizie-aziendali\/\" \/>\n<meta property=\"og:site_name\" content=\"CHENKSE\" \/>\n<meta property=\"article:modified_time\" content=\"2023-05-17T07:18:20+00:00\" \/>\n<meta property=\"og:image\" content=\"https:\/\/chenkse.com\/wp-content\/uploads\/69-1.jpg\" \/>\n\t<meta property=\"og:image:width\" content=\"500\" \/>\n\t<meta property=\"og:image:height\" content=\"500\" \/>\n\t<meta property=\"og:image:type\" content=\"image\/jpeg\" \/>\n<meta name=\"twitter:card\" content=\"summary_large_image\" \/>\n<meta name=\"twitter:description\" content=\"CHENKSE is a professional LED display manufacturer. Outdoor indoor LED display production, sales, research and development, design.\" \/>\n<meta name=\"twitter:label1\" content=\"Tempo di lettura stimato\" \/>\n\t<meta name=\"twitter:data1\" content=\"1 minuto\" \/>\n<script type=\"application\/ld+json\" class=\"yoast-schema-graph\">{\"@context\":\"https:\/\/schema.org\",\"@graph\":[{\"@type\":\"WebPage\",\"@id\":\"https:\/\/chenkse.com\/company-news\/\",\"url\":\"https:\/\/chenkse.com\/company-news\/\",\"name\":\"professional LED display manufacturer - CHENKSE Company News\",\"isPartOf\":{\"@id\":\"https:\/\/chenkse.com\/#website\"},\"primaryImageOfPage\":{\"@id\":\"https:\/\/chenkse.com\/company-news\/#primaryimage\"},\"image\":{\"@id\":\"https:\/\/chenkse.com\/company-news\/#primaryimage\"},\"thumbnailUrl\":\"https:\/\/chenkse.com\/wp-content\/uploads\/69-1.jpg\",\"datePublished\":\"2021-01-06T17:55:37+00:00\",\"dateModified\":\"2023-05-17T07:18:20+00:00\",\"description\":\"CHENKSE is a professional LED display manufacturer. Outdoor indoor LED display production, sales, research and development, design.\",\"breadcrumb\":{\"@id\":\"https:\/\/chenkse.com\/company-news\/#breadcrumb\"},\"inLanguage\":\"it-IT\",\"potentialAction\":[{\"@type\":\"ReadAction\",\"target\":[\"https:\/\/chenkse.com\/company-news\/\"]}]},{\"@type\":\"ImageObject\",\"inLanguage\":\"it-IT\",\"@id\":\"https:\/\/chenkse.com\/company-news\/#primaryimage\",\"url\":\"https:\/\/chenkse.com\/wp-content\/uploads\/69-1.jpg\",\"contentUrl\":\"https:\/\/chenkse.com\/wp-content\/uploads\/69-1.jpg\",\"width\":500,\"height\":500},{\"@type\":\"BreadcrumbList\",\"@id\":\"https:\/\/chenkse.com\/company-news\/#breadcrumb\",\"itemListElement\":[{\"@type\":\"ListItem\",\"position\":1,\"name\":\"\u9996\u9875\",\"item\":\"https:\/\/chenkse.com\/\"},{\"@type\":\"ListItem\",\"position\":2,\"name\":\"Company News\"}]},{\"@type\":\"WebSite\",\"@id\":\"https:\/\/chenkse.com\/#website\",\"url\":\"https:\/\/chenkse.com\/\",\"name\":\"CHENKSE\",\"description\":\"CHENKSE LED DISPLAY Manufacturers\",\"publisher\":{\"@id\":\"https:\/\/chenkse.com\/#organization\"},\"potentialAction\":[{\"@type\":\"SearchAction\",\"target\":{\"@type\":\"EntryPoint\",\"urlTemplate\":\"https:\/\/chenkse.com\/?s={search_term_string}\"},\"query-input\":{\"@type\":\"PropertyValueSpecification\",\"valueRequired\":true,\"valueName\":\"search_term_string\"}}],\"inLanguage\":\"it-IT\"},{\"@type\":\"Organization\",\"@id\":\"https:\/\/chenkse.com\/#organization\",\"name\":\"CHENKSE Optoelectronics\",\"url\":\"https:\/\/chenkse.com\/\",\"logo\":{\"@type\":\"ImageObject\",\"inLanguage\":\"it-IT\",\"@id\":\"https:\/\/chenkse.com\/#\/schema\/logo\/image\/\",\"url\":\"https:\/\/i0.wp.com\/chenkse.com\/wp-content\/uploads\/2021\/01\/0e78fced5d44a0567f05193566e48887.png?fit=326%2C100&ssl=1\",\"contentUrl\":\"https:\/\/i0.wp.com\/chenkse.com\/wp-content\/uploads\/2021\/01\/0e78fced5d44a0567f05193566e48887.png?fit=326%2C100&ssl=1\",\"width\":326,\"height\":100,\"caption\":\"CHENKSE Optoelectronics\"},\"image\":{\"@id\":\"https:\/\/chenkse.com\/#\/schema\/logo\/image\/\"}}]}<\/script>\n<!-- \/ Yoast SEO Premium plugin. -->","yoast_head_json":{"title":"produttore professionale di display a LED - CHENKSE Company News","description":"CHENKSE \u00e8 un produttore professionale di display a LED. Produzione, vendita, ricerca e sviluppo di display a LED per interni per esterni, design.","robots":{"index":"index","follow":"follow","max-snippet":"max-snippet:-1","max-image-preview":"max-image-preview:large","max-video-preview":"max-video-preview:-1"},"canonical":"https:\/\/chenkse.com\/it\/notizie-aziendali\/","og_locale":"it_IT","og_type":"article","og_title":"Company News","og_description":"CHENKSE is a professional LED display manufacturer. Outdoor indoor LED display production, sales, research and development, design.","og_url":"https:\/\/chenkse.com\/it\/notizie-aziendali\/","og_site_name":"CHENKSE","article_modified_time":"2023-05-17T07:18:20+00:00","og_image":[{"width":500,"height":500,"url":"https:\/\/chenkse.com\/wp-content\/uploads\/69-1.jpg","type":"image\/jpeg"}],"twitter_card":"summary_large_image","twitter_description":"CHENKSE is a professional LED display manufacturer. Outdoor indoor LED display production, sales, research and development, design.","twitter_misc":{"Tempo di lettura stimato":"1 minuto"},"schema":{"@context":"https:\/\/schema.org","@graph":[{"@type":"WebPage","@id":"https:\/\/chenkse.com\/company-news\/","url":"https:\/\/chenkse.com\/company-news\/","name":"produttore professionale di display a LED - CHENKSE Company News","isPartOf":{"@id":"https:\/\/chenkse.com\/#website"},"primaryImageOfPage":{"@id":"https:\/\/chenkse.com\/company-news\/#primaryimage"},"image":{"@id":"https:\/\/chenkse.com\/company-news\/#primaryimage"},"thumbnailUrl":"https:\/\/chenkse.com\/wp-content\/uploads\/69-1.jpg","datePublished":"2021-01-06T17:55:37+00:00","dateModified":"2023-05-17T07:18:20+00:00","description":"CHENKSE \u00e8 un produttore professionale di display a LED. Produzione, vendita, ricerca e sviluppo di display a LED per interni per esterni, design.","breadcrumb":{"@id":"https:\/\/chenkse.com\/company-news\/#breadcrumb"},"inLanguage":"it-IT","potentialAction":[{"@type":"ReadAction","target":["https:\/\/chenkse.com\/company-news\/"]}]},{"@type":"ImageObject","inLanguage":"it-IT","@id":"https:\/\/chenkse.com\/company-news\/#primaryimage","url":"https:\/\/chenkse.com\/wp-content\/uploads\/69-1.jpg","contentUrl":"https:\/\/chenkse.com\/wp-content\/uploads\/69-1.jpg","width":500,"height":500},{"@type":"BreadcrumbList","@id":"https:\/\/chenkse.com\/company-news\/#breadcrumb","itemListElement":[{"@type":"ListItem","position":1,"name":"\u9996\u9875","item":"https:\/\/chenkse.com\/"},{"@type":"ListItem","position":2,"name":"Company News"}]},{"@type":"WebSite","@id":"https:\/\/chenkse.com\/#website","url":"https:\/\/chenkse.com\/","name":"CHENKSE","description":"CHENKSE LED DISPLAY Produttori","publisher":{"@id":"https:\/\/chenkse.com\/#organization"},"potentialAction":[{"@type":"SearchAction","target":{"@type":"EntryPoint","urlTemplate":"https:\/\/chenkse.com\/?s={search_term_string}"},"query-input":{"@type":"PropertyValueSpecification","valueRequired":true,"valueName":"search_term_string"}}],"inLanguage":"it-IT"},{"@type":"Organization","@id":"https:\/\/chenkse.com\/#organization","name":"CHENKSE Optoelettronica","url":"https:\/\/chenkse.com\/","logo":{"@type":"ImageObject","inLanguage":"it-IT","@id":"https:\/\/chenkse.com\/#\/schema\/logo\/image\/","url":"https:\/\/i0.wp.com\/chenkse.com\/wp-content\/uploads\/2021\/01\/0e78fced5d44a0567f05193566e48887.png?fit=326%2C100&ssl=1","contentUrl":"https:\/\/i0.wp.com\/chenkse.com\/wp-content\/uploads\/2021\/01\/0e78fced5d44a0567f05193566e48887.png?fit=326%2C100&ssl=1","width":326,"height":100,"caption":"CHENKSE Optoelectronics"},"image":{"@id":"https:\/\/chenkse.com\/#\/schema\/logo\/image\/"}}]}},"jetpack_shortlink":"https:\/\/wp.me\/PcGJnS-il","jetpack_sharing_enabled":true,"_links":{"self":[{"href":"https:\/\/chenkse.com\/it\/wp-json\/wp\/v2\/pages\/1137","targetHints":{"allow":["GET"]}}],"collection":[{"href":"https:\/\/chenkse.com\/it\/wp-json\/wp\/v2\/pages"}],"about":[{"href":"https:\/\/chenkse.com\/it\/wp-json\/wp\/v2\/types\/page"}],"author":[{"embeddable":true,"href":"https:\/\/chenkse.com\/it\/wp-json\/wp\/v2\/users\/5"}],"replies":[{"embeddable":true,"href":"https:\/\/chenkse.com\/it\/wp-json\/wp\/v2\/comments?post=1137"}],"version-history":[{"count":0,"href":"https:\/\/chenkse.com\/it\/wp-json\/wp\/v2\/pages\/1137\/revisions"}],"wp:featuredmedia":[{"embeddable":true,"href":"https:\/\/chenkse.com\/it\/wp-json\/wp\/v2\/media\/20285"}],"wp:attachment":[{"href":"https:\/\/chenkse.com\/it\/wp-json\/wp\/v2\/media?parent=1137"}],"curies":[{"name":"scrivere","href":"https:\/\/api.w.org\/{rel}","templated":true}]}}