{"id":11,"date":"2020-12-28T21:53:32","date_gmt":"2020-12-28T13:53:32","guid":{"rendered":"https:\/\/chenkse.com\/?page_id=11"},"modified":"2023-05-17T04:11:59","modified_gmt":"2023-05-17T08:11:59","slug":"kalite-kontrol","status":"publish","type":"page","link":"https:\/\/chenkse.com\/tr\/chenkse-hakkinda\/kalite-kontrol\/","title":{"rendered":"Kalite kontrol"},"content":{"rendered":"<div data-elementor-type=\"wp-page\" data-elementor-id=\"11\" class=\"elementor elementor-11\" data-elementor-post-type=\"page\">\n\t\t\t\t\t\t<section class=\"elementor-section elementor-top-section elementor-element elementor-element-a859251 elementor-section-boxed elementor-section-height-default elementor-section-height-default elementor-section-smoke-no elementor-section-raindrops-no elementor-section-parallax-no elementor-section-floatimg-no\" data-id=\"a859251\" data-element_type=\"section\">\n\t\t\t\t\t\t<div class=\"elementor-container elementor-column-gap-default\">\n\t\t\t\t\t<div class=\"elementor-column elementor-col-100 elementor-top-column elementor-element elementor-element-50ea71a\" data-id=\"50ea71a\" data-element_type=\"column\">\n\t\t\t<div class=\"elementor-widget-wrap elementor-element-populated\">\n\t\t\t\t\t\t<div class=\"elementor-element elementor-element-d7bb503 elementor-widget elementor-widget-image\" data-id=\"d7bb503\" data-element_type=\"widget\" data-widget_type=\"image.default\">\n\t\t\t\t\t\t\t\t\t\t\t\t\t\t\t<img decoding=\"async\" width=\"1145\" height=\"320\" data-src=\"https:\/\/chenkse.com\/wp-content\/smush-avif\/Autonomous-Control-e1612245695491.jpg.avif\" class=\"attachment-full size-full wp-image-3771 lazyload\" alt=\"chenkse Control LED ekipman \u00fcretir\" src=\"data:image\/svg+xml;base64,PHN2ZyB3aWR0aD0iMSIgaGVpZ2h0PSIxIiB4bWxucz0iaHR0cDovL3d3dy53My5vcmcvMjAwMC9zdmciPjwvc3ZnPg==\" style=\"--smush-placeholder-width: 1145px; --smush-placeholder-aspect-ratio: 1145\/320;\" \/>\t\t\t\t\t\t\t\t\t\t\t\t\t\t\t<\/div>\n\t\t\t\t\t<\/div>\n\t\t<\/div>\n\t\t\t\t\t<\/div>\n\t\t<\/section>\n\t\t\t\t<section class=\"elementor-section elementor-top-section elementor-element elementor-element-a0509a7 elementor-section-boxed elementor-section-height-default elementor-section-height-default elementor-section-smoke-no elementor-section-raindrops-no elementor-section-parallax-no elementor-section-floatimg-no\" data-id=\"a0509a7\" data-element_type=\"section\">\n\t\t\t\t\t\t<div class=\"elementor-container elementor-column-gap-default\">\n\t\t\t\t\t<div class=\"elementor-column elementor-col-100 elementor-top-column elementor-element elementor-element-bcbf7ed\" data-id=\"bcbf7ed\" data-element_type=\"column\">\n\t\t\t<div class=\"elementor-widget-wrap elementor-element-populated\">\n\t\t\t\t\t\t<div class=\"elementor-element elementor-element-2bc71a6 elementor-widget elementor-widget-text-editor\" data-id=\"2bc71a6\" data-element_type=\"widget\" data-widget_type=\"text-editor.default\">\n\t\t\t\t\t\t\t\t\t<p style=\"text-align: right;\"><span style=\"color: #808080;\"><a style=\"color: #808080;\" href=\"https:\/\/chenkse.com\/tr\">Ev<\/a> &gt; <a style=\"color: #808080;\" href=\"https:\/\/chenkse.com\/tr\/chenkse-hakkinda\/\">hakk\u0131nda<\/a> &gt;<a style=\"color: #808080;\" href=\"https:\/\/chenkse.com\/tr\/chenkse-hakkinda\/kalite-kontrol\/\"> Kalite kontrol<\/a><\/span><\/p>\n<hr \/>\t\t\t\t\t\t\t\t<\/div>\n\t\t\t\t\t<\/div>\n\t\t<\/div>\n\t\t\t\t\t<\/div>\n\t\t<\/section>\n\t\t\t\t<nav class=\"elementor-section elementor-top-section elementor-element elementor-element-ff4ad7d elementor-section-boxed elementor-section-height-default elementor-section-height-default elementor-section-smoke-no elementor-section-raindrops-no elementor-section-parallax-no elementor-section-floatimg-no\" data-id=\"ff4ad7d\" data-element_type=\"section\" id=\"11\" data-settings=\"{&quot;sticky&quot;:&quot;top&quot;,&quot;sticky_on&quot;:[&quot;desktop&quot;,&quot;tablet&quot;,&quot;mobile&quot;],&quot;sticky_offset&quot;:0,&quot;sticky_effects_offset&quot;:0,&quot;sticky_anchor_link_offset&quot;:0}\">\n\t\t\t\t\t\t<div class=\"elementor-container elementor-column-gap-no\">\n\t\t\t\t\t<div class=\"elementor-column elementor-col-100 elementor-top-column elementor-element elementor-element-5734b2e\" data-id=\"5734b2e\" data-element_type=\"column\">\n\t\t\t<div class=\"elementor-widget-wrap elementor-element-populated\">\n\t\t\t\t\t\t<div class=\"elementor-element elementor-element-47edfbd elementor-nav-menu__align-justify elementor-nav-menu--dropdown-mobile elementor-nav-menu--stretch elementor-nav-menu__text-align-aside elementor-nav-menu--toggle elementor-nav-menu--burger elementor-widget elementor-widget-nav-menu\" data-id=\"47edfbd\" data-element_type=\"widget\" data-settings=\"{&quot;full_width&quot;:&quot;stretch&quot;,&quot;layout&quot;:&quot;horizontal&quot;,&quot;submenu_icon&quot;:{&quot;value&quot;:&quot;&lt;svg aria-hidden=\\&quot;true\\&quot; class=\\&quot;e-font-icon-svg e-fas-caret-down\\&quot; viewBox=\\&quot;0 0 320 512\\&quot; xmlns=\\&quot;http:\\\/\\\/www.w3.org\\\/2000\\\/svg\\&quot;&gt;&lt;path d=\\&quot;M31.3 192h257.3c17.8 0 26.7 21.5 14.1 34.1L174.1 354.8c-7.8 7.8-20.5 7.8-28.3 0L17.2 226.1C4.6 213.5 13.5 192 31.3 192z\\&quot;&gt;&lt;\\\/path&gt;&lt;\\\/svg&gt;&quot;,&quot;library&quot;:&quot;fa-solid&quot;},&quot;toggle&quot;:&quot;burger&quot;}\" data-widget_type=\"nav-menu.default\">\n\t\t\t\t\t\t\t\t<nav aria-label=\"Men\u00fc\" class=\"elementor-nav-menu--main elementor-nav-menu__container elementor-nav-menu--layout-horizontal e--pointer-background e--animation-sweep-down\">\n\t\t\t\t<ul id=\"menu-1-47edfbd\" class=\"elementor-nav-menu\"><li class=\"menu-item menu-item-type-post_type menu-item-object-page menu-item-21401\"><a href=\"https:\/\/chenkse.com\/tr\/neden-chenkse\/\" class=\"elementor-item\">NEDEN CHENKSE?<\/a><\/li>\n<li class=\"menu-item menu-item-type-post_type menu-item-object-page menu-item-21402\"><a href=\"https:\/\/chenkse.com\/tr\/chenkse-hakkinda\/\" class=\"elementor-item\">CHENKSE hakk\u0131nda<\/a><\/li>\n<li class=\"menu-item menu-item-type-post_type menu-item-object-page menu-item-21403\"><a href=\"https:\/\/chenkse.com\/tr\/chenkse-hakkinda\/fabrika-profili\/\" class=\"elementor-item\">Fabrika Profili<\/a><\/li>\n<li class=\"menu-item menu-item-type-post_type menu-item-object-page menu-item-21406\"><a href=\"https:\/\/chenkse.com\/tr\/chenkse-hakkinda\/paketleme-ve-tasima\/\" class=\"elementor-item\">Paket ve Ta\u015f\u0131ma<\/a><\/li>\n<li class=\"menu-item menu-item-type-post_type menu-item-object-page menu-item-21404\"><a href=\"https:\/\/chenkse.com\/tr\/chenkse-hakkinda\/yeterlilik-belgesi\/\" class=\"elementor-item\">Yeterlilik belgesi<\/a><\/li>\n<li class=\"menu-item menu-item-type-post_type menu-item-object-page menu-item-21405\"><a href=\"https:\/\/chenkse.com\/tr\/chenkse-hakkinda\/kalite-kontrol\/\" class=\"elementor-item\">Kalite kontrol<\/a><\/li>\n<\/ul>\t\t\t<\/nav>\n\t\t\t\t\t<div class=\"elementor-menu-toggle\" role=\"button\" tabindex=\"0\" aria-label=\"Men\u00fc Ge\u00e7i\u015fi\" aria-expanded=\"false\">\n\t\t\t<svg aria-hidden=\"true\" role=\"presentation\" class=\"elementor-menu-toggle__icon--open e-font-icon-svg e-eicon-menu-bar\" viewbox=\"0 0 1000 1000\" xmlns=\"http:\/\/www.w3.org\/2000\/svg\"><path d=\"M104 333H896C929 333 958 304 958 271S929 208 896 208H104C71 208 42 237 42 271S71 333 104 333ZM104 583H896C929 583 958 554 958 521S929 458 896 458H104C71 458 42 487 42 521S71 583 104 583ZM104 833H896C929 833 958 804 958 771S929 708 896 708H104C71 708 42 737 42 771S71 833 104 833Z\"><\/path><\/svg><svg aria-hidden=\"true\" role=\"presentation\" class=\"elementor-menu-toggle__icon--close e-font-icon-svg e-eicon-close\" viewbox=\"0 0 1000 1000\" xmlns=\"http:\/\/www.w3.org\/2000\/svg\"><path d=\"M742 167L500 408 258 167C246 154 233 150 217 150 196 150 179 158 167 167 154 179 150 196 150 212 150 229 154 242 171 254L408 500 167 742C138 771 138 800 167 829 196 858 225 858 254 829L496 587 738 829C750 842 767 846 783 846 800 846 817 842 829 829 842 817 846 804 846 783 846 767 842 750 829 737L588 500 833 258C863 229 863 200 833 171 804 137 775 137 742 167Z\"><\/path><\/svg>\t\t<\/div>\n\t\t\t\t\t<nav class=\"elementor-nav-menu--dropdown elementor-nav-menu__container\" aria-hidden=\"true\">\n\t\t\t\t<ul id=\"menu-2-47edfbd\" class=\"elementor-nav-menu\"><li class=\"menu-item menu-item-type-post_type menu-item-object-page menu-item-21401\"><a href=\"https:\/\/chenkse.com\/tr\/neden-chenkse\/\" class=\"elementor-item\" tabindex=\"-1\">NEDEN CHENKSE?<\/a><\/li>\n<li class=\"menu-item menu-item-type-post_type menu-item-object-page menu-item-21402\"><a href=\"https:\/\/chenkse.com\/tr\/chenkse-hakkinda\/\" class=\"elementor-item\" tabindex=\"-1\">CHENKSE hakk\u0131nda<\/a><\/li>\n<li class=\"menu-item menu-item-type-post_type menu-item-object-page menu-item-21403\"><a href=\"https:\/\/chenkse.com\/tr\/chenkse-hakkinda\/fabrika-profili\/\" class=\"elementor-item\" tabindex=\"-1\">Fabrika Profili<\/a><\/li>\n<li class=\"menu-item menu-item-type-post_type menu-item-object-page menu-item-21406\"><a href=\"https:\/\/chenkse.com\/tr\/chenkse-hakkinda\/paketleme-ve-tasima\/\" class=\"elementor-item\" tabindex=\"-1\">Paket ve Ta\u015f\u0131ma<\/a><\/li>\n<li class=\"menu-item menu-item-type-post_type menu-item-object-page menu-item-21404\"><a href=\"https:\/\/chenkse.com\/tr\/chenkse-hakkinda\/yeterlilik-belgesi\/\" class=\"elementor-item\" tabindex=\"-1\">Yeterlilik belgesi<\/a><\/li>\n<li class=\"menu-item menu-item-type-post_type menu-item-object-page menu-item-21405\"><a href=\"https:\/\/chenkse.com\/tr\/chenkse-hakkinda\/kalite-kontrol\/\" class=\"elementor-item\" tabindex=\"-1\">Kalite kontrol<\/a><\/li>\n<\/ul>\t\t\t<\/nav>\n\t\t\t\t\t\t<\/div>\n\t\t\t\t\t<\/div>\n\t\t<\/div>\n\t\t\t\t\t<\/div>\n\t\t<\/nav>\n\t\t\t\t<section class=\"elementor-section elementor-top-section elementor-element elementor-element-8ebae7b elementor-section-boxed elementor-section-height-default elementor-section-height-default elementor-section-smoke-no elementor-section-raindrops-no elementor-section-parallax-no elementor-section-floatimg-no\" data-id=\"8ebae7b\" data-element_type=\"section\">\n\t\t\t\t\t\t<div class=\"elementor-container elementor-column-gap-default\">\n\t\t\t\t\t<div class=\"elementor-column elementor-col-100 elementor-top-column elementor-element elementor-element-ec27651\" data-id=\"ec27651\" data-element_type=\"column\">\n\t\t\t<div class=\"elementor-widget-wrap elementor-element-populated\">\n\t\t\t\t\t\t<div class=\"elementor-element elementor-element-136261c elementor-widget elementor-widget-heading\" data-id=\"136261c\" data-element_type=\"widget\" data-widget_type=\"heading.default\">\n\t\t\t\t\t<h1 class=\"elementor-heading-title elementor-size-default\">Kalite kontrol<\/h1>\t\t\t\t<\/div>\n\t\t\t\t\t<\/div>\n\t\t<\/div>\n\t\t\t\t\t<\/div>\n\t\t<\/section>\n\t\t\t\t<section class=\"elementor-section elementor-top-section elementor-element elementor-element-6d11e157 elementor-section-boxed elementor-section-height-default elementor-section-height-default elementor-section-smoke-no elementor-section-raindrops-no elementor-section-parallax-no elementor-section-floatimg-no\" data-id=\"6d11e157\" data-element_type=\"section\">\n\t\t\t\t\t\t<div class=\"elementor-container elementor-column-gap-default\">\n\t\t\t\t\t<div class=\"elementor-column elementor-col-100 elementor-top-column elementor-element elementor-element-2d061ab9\" data-id=\"2d061ab9\" data-element_type=\"column\">\n\t\t\t<div class=\"elementor-widget-wrap elementor-element-populated\">\n\t\t\t\t\t\t<div class=\"elementor-element elementor-element-7270ea81 elementor-widget elementor-widget-text-editor\" data-id=\"7270ea81\" data-element_type=\"widget\" data-widget_type=\"text-editor.default\">\n\t\t\t\t\t\t\t\t\t\n<div class=\"wp-block-image\"><figure class=\"aligncenter size-large\"><img decoding=\"async\" data-src=\"https:\/\/chenkse.com\/wp-content\/uploads\/2020\/12\/1590392043480427-scaled.jpg\" alt=\"\" class=\"wp-image-12 lazyload\" src=\"data:image\/svg+xml;base64,PHN2ZyB3aWR0aD0iMSIgaGVpZ2h0PSIxIiB4bWxucz0iaHR0cDovL3d3dy53My5vcmcvMjAwMC9zdmciPjwvc3ZnPg==\" style=\"--smush-placeholder-width: 716px; --smush-placeholder-aspect-ratio: 716\/2560;\" \/><\/figure><\/div>\n\t\t\t\t\t\t\t\t<\/div>\n\t\t\t\t\t<\/div>\n\t\t<\/div>\n\t\t\t\t\t<\/div>\n\t\t<\/section>\n\t\t\t\t<\/div>","protected":false},"excerpt":{"rendered":"<p>Ana Sayfa &gt; Hakk\u0131nda &gt; Kalite Kontrol Kalite Kontrol<\/p>","protected":false},"author":5,"featured_media":14570,"parent":6,"menu_order":0,"comment_status":"closed","ping_status":"closed","template":"","meta":{"footnotes":""},"class_list":["post-11","page","type-page","status-publish","has-post-thumbnail","hentry"],"yoast_head":"<!-- This site is optimized with the Yoast SEO Premium plugin v26.1 (Yoast SEO v26.7) - https:\/\/yoast.com\/wordpress\/plugins\/seo\/ -->\n<title>LED Display Screen Quality Control - CHENKSE<\/title>\n<meta name=\"description\" content=\"From production to assembly, the LED display screen has undergone rigorous testing and 72-hour aging\u3002\" \/>\n<meta name=\"robots\" content=\"index, follow, max-snippet:-1, max-image-preview:large, max-video-preview:-1\" \/>\n<link rel=\"canonical\" href=\"https:\/\/chenkse.com\/tr\/chenkse-hakkinda\/kalite-kontrol\/\" \/>\n<meta property=\"og:locale\" content=\"tr_TR\" \/>\n<meta property=\"og:type\" content=\"article\" \/>\n<meta property=\"og:title\" content=\"quality-control\" \/>\n<meta property=\"og:description\" content=\"From production to assembly, the LED display screen has undergone rigorous testing and 72-hour aging\u3002\" \/>\n<meta property=\"og:url\" content=\"https:\/\/chenkse.com\/tr\/chenkse-hakkinda\/kalite-kontrol\/\" \/>\n<meta property=\"og:site_name\" content=\"CHENKSE\" \/>\n<meta property=\"article:modified_time\" content=\"2023-05-17T08:11:59+00:00\" \/>\n<meta property=\"og:image\" content=\"https:\/\/chenkse.com\/wp-content\/uploads\/003.jpg\" \/>\n\t<meta property=\"og:image:width\" content=\"555\" \/>\n\t<meta property=\"og:image:height\" content=\"371\" \/>\n\t<meta property=\"og:image:type\" content=\"image\/jpeg\" \/>\n<meta name=\"twitter:card\" content=\"summary_large_image\" \/>\n<meta name=\"twitter:title\" content=\"quality-control\" \/>\n<meta name=\"twitter:description\" content=\"From production to assembly, the LED display screen has undergone rigorous testing and 72-hour aging\u3002\" \/>\n<meta name=\"twitter:label1\" content=\"Tahmini okuma s\u00fcresi\" \/>\n\t<meta name=\"twitter:data1\" content=\"1 dakika\" \/>\n<script type=\"application\/ld+json\" class=\"yoast-schema-graph\">{\"@context\":\"https:\/\/schema.org\",\"@graph\":[{\"@type\":\"WebPage\",\"@id\":\"https:\/\/chenkse.com\/about-chenkse\/quality-control\/\",\"url\":\"https:\/\/chenkse.com\/about-chenkse\/quality-control\/\",\"name\":\"LED Display Screen Quality Control - CHENKSE\",\"isPartOf\":{\"@id\":\"https:\/\/chenkse.com\/#website\"},\"primaryImageOfPage\":{\"@id\":\"https:\/\/chenkse.com\/about-chenkse\/quality-control\/#primaryimage\"},\"image\":{\"@id\":\"https:\/\/chenkse.com\/about-chenkse\/quality-control\/#primaryimage\"},\"thumbnailUrl\":\"https:\/\/chenkse.com\/wp-content\/uploads\/003.jpg\",\"datePublished\":\"2020-12-28T13:53:32+00:00\",\"dateModified\":\"2023-05-17T08:11:59+00:00\",\"description\":\"From production to assembly, the LED display screen has undergone rigorous testing and 72-hour aging\u3002\",\"breadcrumb\":{\"@id\":\"https:\/\/chenkse.com\/about-chenkse\/quality-control\/#breadcrumb\"},\"inLanguage\":\"tr\",\"potentialAction\":[{\"@type\":\"ReadAction\",\"target\":[\"https:\/\/chenkse.com\/about-chenkse\/quality-control\/\"]}]},{\"@type\":\"ImageObject\",\"inLanguage\":\"tr\",\"@id\":\"https:\/\/chenkse.com\/about-chenkse\/quality-control\/#primaryimage\",\"url\":\"https:\/\/chenkse.com\/wp-content\/uploads\/003.jpg\",\"contentUrl\":\"https:\/\/chenkse.com\/wp-content\/uploads\/003.jpg\",\"width\":555,\"height\":371,\"caption\":\"indoor LED\"},{\"@type\":\"BreadcrumbList\",\"@id\":\"https:\/\/chenkse.com\/about-chenkse\/quality-control\/#breadcrumb\",\"itemListElement\":[{\"@type\":\"ListItem\",\"position\":1,\"name\":\"\u9996\u9875\",\"item\":\"https:\/\/chenkse.com\/\"},{\"@type\":\"ListItem\",\"position\":2,\"name\":\"About CHENKSE\",\"item\":\"https:\/\/chenkse.com\/about-chenkse\/\"},{\"@type\":\"ListItem\",\"position\":3,\"name\":\"Quality Control\"}]},{\"@type\":\"WebSite\",\"@id\":\"https:\/\/chenkse.com\/#website\",\"url\":\"https:\/\/chenkse.com\/\",\"name\":\"CHENKSE\",\"description\":\"CHENKSE LED DISPLAY Manufacturers\",\"publisher\":{\"@id\":\"https:\/\/chenkse.com\/#organization\"},\"potentialAction\":[{\"@type\":\"SearchAction\",\"target\":{\"@type\":\"EntryPoint\",\"urlTemplate\":\"https:\/\/chenkse.com\/?s={search_term_string}\"},\"query-input\":{\"@type\":\"PropertyValueSpecification\",\"valueRequired\":true,\"valueName\":\"search_term_string\"}}],\"inLanguage\":\"tr\"},{\"@type\":\"Organization\",\"@id\":\"https:\/\/chenkse.com\/#organization\",\"name\":\"CHENKSE Optoelectronics\",\"url\":\"https:\/\/chenkse.com\/\",\"logo\":{\"@type\":\"ImageObject\",\"inLanguage\":\"tr\",\"@id\":\"https:\/\/chenkse.com\/#\/schema\/logo\/image\/\",\"url\":\"https:\/\/i0.wp.com\/chenkse.com\/wp-content\/uploads\/2021\/01\/0e78fced5d44a0567f05193566e48887.png?fit=326%2C100&ssl=1\",\"contentUrl\":\"https:\/\/i0.wp.com\/chenkse.com\/wp-content\/uploads\/2021\/01\/0e78fced5d44a0567f05193566e48887.png?fit=326%2C100&ssl=1\",\"width\":326,\"height\":100,\"caption\":\"CHENKSE Optoelectronics\"},\"image\":{\"@id\":\"https:\/\/chenkse.com\/#\/schema\/logo\/image\/\"}}]}<\/script>\n<!-- \/ Yoast SEO Premium plugin. -->","yoast_head_json":{"title":"LED Ekran Kalite Kontrol\u00fc - CHENKSE","description":"\u00dcretimden montaja kadar, LED ekran titiz testlere tabi tutuldu ve 72 saatlik eskime uyguland\u0131\u3002","robots":{"index":"index","follow":"follow","max-snippet":"max-snippet:-1","max-image-preview":"max-image-preview:large","max-video-preview":"max-video-preview:-1"},"canonical":"https:\/\/chenkse.com\/tr\/chenkse-hakkinda\/kalite-kontrol\/","og_locale":"tr_TR","og_type":"article","og_title":"quality-control","og_description":"From production to assembly, the LED display screen has undergone rigorous testing and 72-hour aging\u3002","og_url":"https:\/\/chenkse.com\/tr\/chenkse-hakkinda\/kalite-kontrol\/","og_site_name":"CHENKSE","article_modified_time":"2023-05-17T08:11:59+00:00","og_image":[{"width":555,"height":371,"url":"https:\/\/chenkse.com\/wp-content\/uploads\/003.jpg","type":"image\/jpeg"}],"twitter_card":"summary_large_image","twitter_title":"quality-control","twitter_description":"From production to assembly, the LED display screen has undergone rigorous testing and 72-hour aging\u3002","twitter_misc":{"Tahmini okuma s\u00fcresi":"1 dakika"},"schema":{"@context":"https:\/\/schema.org","@graph":[{"@type":"WebPage","@id":"https:\/\/chenkse.com\/about-chenkse\/quality-control\/","url":"https:\/\/chenkse.com\/about-chenkse\/quality-control\/","name":"LED Ekran Kalite Kontrol\u00fc - CHENKSE","isPartOf":{"@id":"https:\/\/chenkse.com\/#website"},"primaryImageOfPage":{"@id":"https:\/\/chenkse.com\/about-chenkse\/quality-control\/#primaryimage"},"image":{"@id":"https:\/\/chenkse.com\/about-chenkse\/quality-control\/#primaryimage"},"thumbnailUrl":"https:\/\/chenkse.com\/wp-content\/uploads\/003.jpg","datePublished":"2020-12-28T13:53:32+00:00","dateModified":"2023-05-17T08:11:59+00:00","description":"\u00dcretimden montaja kadar, LED ekran titiz testlere tabi tutuldu ve 72 saatlik eskime uyguland\u0131\u3002","breadcrumb":{"@id":"https:\/\/chenkse.com\/about-chenkse\/quality-control\/#breadcrumb"},"inLanguage":"tr","potentialAction":[{"@type":"ReadAction","target":["https:\/\/chenkse.com\/about-chenkse\/quality-control\/"]}]},{"@type":"ImageObject","inLanguage":"tr","@id":"https:\/\/chenkse.com\/about-chenkse\/quality-control\/#primaryimage","url":"https:\/\/chenkse.com\/wp-content\/uploads\/003.jpg","contentUrl":"https:\/\/chenkse.com\/wp-content\/uploads\/003.jpg","width":555,"height":371,"caption":"indoor LED"},{"@type":"BreadcrumbList","@id":"https:\/\/chenkse.com\/about-chenkse\/quality-control\/#breadcrumb","itemListElement":[{"@type":"ListItem","position":1,"name":"\u9996\u9875","item":"https:\/\/chenkse.com\/"},{"@type":"ListItem","position":2,"name":"About CHENKSE","item":"https:\/\/chenkse.com\/about-chenkse\/"},{"@type":"ListItem","position":3,"name":"Quality Control"}]},{"@type":"WebSite","@id":"https:\/\/chenkse.com\/#website","url":"https:\/\/chenkse.com\/","name":"CHENKSE","description":"CHENKSE LED EKRAN \u00dcRET\u0130C\u0130LER\u0130","publisher":{"@id":"https:\/\/chenkse.com\/#organization"},"potentialAction":[{"@type":"SearchAction","target":{"@type":"EntryPoint","urlTemplate":"https:\/\/chenkse.com\/?s={search_term_string}"},"query-input":{"@type":"PropertyValueSpecification","valueRequired":true,"valueName":"search_term_string"}}],"inLanguage":"tr"},{"@type":"Organization","@id":"https:\/\/chenkse.com\/#organization","name":"CHENKSE Optoelektronik","url":"https:\/\/chenkse.com\/","logo":{"@type":"ImageObject","inLanguage":"tr","@id":"https:\/\/chenkse.com\/#\/schema\/logo\/image\/","url":"https:\/\/i0.wp.com\/chenkse.com\/wp-content\/uploads\/2021\/01\/0e78fced5d44a0567f05193566e48887.png?fit=326%2C100&ssl=1","contentUrl":"https:\/\/i0.wp.com\/chenkse.com\/wp-content\/uploads\/2021\/01\/0e78fced5d44a0567f05193566e48887.png?fit=326%2C100&ssl=1","width":326,"height":100,"caption":"CHENKSE Optoelectronics"},"image":{"@id":"https:\/\/chenkse.com\/#\/schema\/logo\/image\/"}}]}},"jetpack_shortlink":"https:\/\/wp.me\/PcGJnS-b","jetpack_sharing_enabled":true,"_links":{"self":[{"href":"https:\/\/chenkse.com\/tr\/wp-json\/wp\/v2\/pages\/11","targetHints":{"allow":["GET"]}}],"collection":[{"href":"https:\/\/chenkse.com\/tr\/wp-json\/wp\/v2\/pages"}],"about":[{"href":"https:\/\/chenkse.com\/tr\/wp-json\/wp\/v2\/types\/page"}],"author":[{"embeddable":true,"href":"https:\/\/chenkse.com\/tr\/wp-json\/wp\/v2\/users\/5"}],"replies":[{"embeddable":true,"href":"https:\/\/chenkse.com\/tr\/wp-json\/wp\/v2\/comments?post=11"}],"version-history":[{"count":0,"href":"https:\/\/chenkse.com\/tr\/wp-json\/wp\/v2\/pages\/11\/revisions"}],"up":[{"embeddable":true,"href":"https:\/\/chenkse.com\/tr\/wp-json\/wp\/v2\/pages\/6"}],"wp:featuredmedia":[{"embeddable":true,"href":"https:\/\/chenkse.com\/tr\/wp-json\/wp\/v2\/media\/14570"}],"wp:attachment":[{"href":"https:\/\/chenkse.com\/tr\/wp-json\/wp\/v2\/media?parent=11"}],"curies":[{"name":"wp","href":"https:\/\/api.w.org\/{rel}","templated":true}]}}