{"id":1136,"date":"2021-01-07T01:55:37","date_gmt":"2021-01-06T17:55:37","guid":{"rendered":"https:\/\/chenkse.com\/?page_id=1136"},"modified":"2023-05-17T03:38:33","modified_gmt":"2023-05-17T07:38:33","slug":"led-ekran-icin-haberler","status":"publish","type":"page","link":"https:\/\/chenkse.com\/tr\/led-ekran-icin-haberler\/","title":{"rendered":"Haberler"},"content":{"rendered":"<div data-elementor-type=\"wp-page\" data-elementor-id=\"1136\" class=\"elementor elementor-1136\" data-elementor-post-type=\"page\">\t\t\t\t\t\t<section class=\"elementor-section elementor-top-section elementor-element elementor-element-1c2d1ab elementor-section-boxed elementor-section-height-default elementor-section-height-default elementor-section-smoke-no elementor-section-raindrops-no elementor-section-parallax-no elementor-section-floatimg-no\" data-id=\"1c2d1ab\" data-element_type=\"section\" data-e-type=\"section\">\t\t\t\t\t\t<div class=\"elementor-container elementor-column-gap-default\">\t\t\t\t\t<div class=\"elementor-column elementor-col-100 elementor-top-column elementor-element elementor-element-cbb9e43\" data-id=\"cbb9e43\" data-element_type=\"column\" data-e-type=\"column\">\t\t\t<div class=\"elementor-widget-wrap elementor-element-populated\">\t\t\t\t\t\t<div class=\"elementor-element elementor-element-4a51ed3 elementor-widget elementor-widget-heading\" data-id=\"4a51ed3\" data-element_type=\"widget\" data-e-type=\"widget\" data-widget_type=\"heading.default\">\t\t\t\t\t<h1 class=\"elementor-heading-title elementor-size-default\">HABERLER<\/h1>\t\t\t\t<\/div>\t\t\t\t\t<\/div>\t\t<\/div>\t\t\t\t\t<\/div>\t\t<\/section>\t\t\t\t<section class=\"elementor-section elementor-top-section elementor-element elementor-element-b2c3c97 elementor-section-boxed elementor-section-height-default elementor-section-height-default elementor-section-smoke-no elementor-section-raindrops-no elementor-section-parallax-no elementor-section-floatimg-no\" data-id=\"b2c3c97\" data-element_type=\"section\" data-e-type=\"section\">\t\t\t\t\t\t<div class=\"elementor-container elementor-column-gap-default\">\t\t\t\t\t<div class=\"elementor-column elementor-col-100 elementor-top-column elementor-element elementor-element-0eb563f\" data-id=\"0eb563f\" data-element_type=\"column\" data-e-type=\"column\">\t\t\t<div class=\"elementor-widget-wrap elementor-element-populated\">\t\t\t\t\t\t<div class=\"elementor-element elementor-element-a696c63 elementor-widget elementor-widget-text-editor\" data-id=\"a696c63\" data-element_type=\"widget\" data-e-type=\"widget\" data-widget_type=\"text-editor.default\">\t\t\t\t\t\t\t\t\t<p style=\"text-align: right;\"><span style=\"color: #808080;\"><a style=\"color: #808080;\" href=\"https:\/\/chenkse.com\/tr\"><span style=\"vertical-align: inherit;\"><span style=\"vertical-align: inherit;\">Ev <\/span><\/span><\/a><span style=\"vertical-align: inherit;\"><span style=\"vertical-align: inherit;\">&gt; <\/span><\/span><a style=\"color: #808080;\" href=\"https:\/\/chenkse.com\/tr\/led-ekran-icin-haberler\/\"><span style=\"vertical-align: inherit;\"><span style=\"vertical-align: inherit;\">Haberler<\/span><\/span><\/a>\u00a0<\/span><\/p><hr \/>\t\t\t\t\t\t\t\t<\/div>\t\t\t\t\t<\/div>\t\t<\/div>\t\t\t\t\t<\/div>\t\t<\/section>\t\t\t\t<section class=\"elementor-section elementor-top-section elementor-element elementor-element-1779900 elementor-section-boxed elementor-section-height-default elementor-section-height-default elementor-section-smoke-no elementor-section-raindrops-no elementor-section-parallax-no elementor-section-floatimg-no\" data-id=\"1779900\" data-element_type=\"section\" data-e-type=\"section\">\t\t\t\t\t\t<div class=\"elementor-container elementor-column-gap-default\">\t\t\t\t\t<div class=\"elementor-column elementor-col-100 elementor-top-column elementor-element elementor-element-4238404\" data-id=\"4238404\" data-element_type=\"column\" data-e-type=\"column\">\t\t\t<div class=\"elementor-widget-wrap elementor-element-populated\">\t\t\t\t\t\t<div class=\"elementor-element elementor-element-8e4c23b elementor-posts--align-left elementor-grid-3 elementor-grid-tablet-2 elementor-grid-mobile-1 elementor-posts--thumbnail-top elementor-widget elementor-widget-posts\" data-id=\"8e4c23b\" data-element_type=\"widget\" data-e-type=\"widget\" data-settings=\"{&quot;pagination_type&quot;:&quot;numbers_and_prev_next&quot;,&quot;classic_masonry&quot;:&quot;yes&quot;,&quot;classic_row_gap&quot;:{&quot;unit&quot;:&quot;px&quot;,&quot;size&quot;:48,&quot;sizes&quot;:[]},&quot;classic_columns&quot;:&quot;3&quot;,&quot;classic_columns_tablet&quot;:&quot;2&quot;,&quot;classic_columns_mobile&quot;:&quot;1&quot;,&quot;classic_row_gap_tablet&quot;:{&quot;unit&quot;:&quot;px&quot;,&quot;size&quot;:&quot;&quot;,&quot;sizes&quot;:[]},&quot;classic_row_gap_mobile&quot;:{&quot;unit&quot;:&quot;px&quot;,&quot;size&quot;:&quot;&quot;,&quot;sizes&quot;:[]}}\" data-widget_type=\"posts.classic\">\t\t\t\t<div class=\"elementor-widget-container\">\t\t\t\t\t\t\t<div class=\"elementor-posts-container elementor-posts elementor-posts--skin-classic elementor-grid\" role=\"list\">\t\t\t\t<article class=\"elementor-post elementor-grid-item post-123206 post type-post status-publish format-standard hentry category-news\" role=\"listitem\">\t\t\t\t<div class=\"elementor-post__text\">\t\t\t\t<h2 class=\"elementor-post__title\">\n\t\t\t<a href=\"https:\/\/chenkse.com\/tr\/2026-world-cup-led-display-tech\" >\n\t\t\t\tD\u00fcnya Kupas\u0131 LED Ekran\u0131: Yeni Nesil G\u00f6rsellerle 2026 Turnuvas\u0131nda Devrim Yaratmak\t\t\t<\/a>\n\t\t<\/h2>\t\t\t\t<div class=\"elementor-post__excerpt\">\t\t\t<p>2026 FIFA D\u00fcnya Kupas\u0131 yakla\u015f\u0131rken, <a rel=\"nofollow\" href=\"https:\/\/chenkse.com\/tr\/\">LED ekran<\/a> teknoloji<\/p>\t\t<\/div>\t\t\t\t<a class=\"elementor-post__read-more\" href=\"https:\/\/chenkse.com\/tr\/2026-world-cup-led-display-tech\" aria-label=\"D\u00fcnya Kupas\u0131 LED Ekran\u0131 hakk\u0131nda daha fazla bilgi edinin: Yeni Nesil G\u00f6rsellerle 2026 Turnuvas\u0131nda Devrim Yaratmak\" tabindex=\"-1\" >\n\t\t\tDaha fazla oku &quot;\t\t<\/a>\t\t\t\t<\/div>\t\t\t\t<\/article>\t\t\t\t<article class=\"elementor-post elementor-grid-item post-28918 post type-post status-publish format-standard hentry category-news\" role=\"listitem\">\t\t\t\t<div class=\"elementor-post__text\">\t\t\t\t<h2 class=\"elementor-post__title\">\n\t\t\t<a href=\"https:\/\/chenkse.com\/tr\/kiralik-led-ekranlar\/\" >\n\t\t\t\tKiral\u0131k LED ekranlar neden pop\u00fcler ve en \u00e7ok sat\u0131l\u0131yor?\t\t\t<\/a>\n\t\t<\/h2>\t\t\t\t<div class=\"elementor-post__excerpt\">\t\t\t<p>\u0130\u00e7indekiler 1.Kiral\u0131k LED ekran nedir ve<\/p>\t\t<\/div>\t\t\t\t<a class=\"elementor-post__read-more\" href=\"https:\/\/chenkse.com\/tr\/kiralik-led-ekranlar\/\" aria-label=\"Kiral\u0131k LED ekranlar\u0131n neden pop\u00fcler ve en \u00e7ok sat\u0131ld\u0131\u011f\u0131 hakk\u0131nda daha fazla bilgi edinin\" tabindex=\"-1\" >\n\t\t\tDaha fazla oku &quot;\t\t<\/a>\t\t\t\t<\/div>\t\t\t\t<\/article>\t\t\t\t<article class=\"elementor-post elementor-grid-item post-22131 post type-post status-publish format-standard has-post-thumbnail hentry category-industry-news\" role=\"listitem\">\t\t\t\t<a class=\"elementor-post__thumbnail__link\" href=\"https:\/\/chenkse.com\/tr\/ic-ve-dis-mekan-sahne-led-ekrani-nasil-ayirt-edilir\/\" tabindex=\"-1\" >\n\t\t\t<div class=\"elementor-post__thumbnail\"><img decoding=\"async\" width=\"500\" height=\"500\" data-src=\"https:\/\/chenkse.com\/wp-content\/smush-avif\/61.jpg.avif\" class=\"attachment-medium_large size-medium_large wp-image-19772 lazyload\" alt=\"LED Ekran Konser sahneleri i\u00e7in idealdir\" src=\"data:image\/svg+xml;base64,PHN2ZyB3aWR0aD0iMSIgaGVpZ2h0PSIxIiB4bWxucz0iaHR0cDovL3d3dy53My5vcmcvMjAwMC9zdmciPjwvc3ZnPg==\" style=\"--smush-placeholder-width: 500px; --smush-placeholder-aspect-ratio: 500\/500;\" \/><\/div>\n\t\t<\/a>\t\t\t\t<div class=\"elementor-post__text\">\t\t\t\t<h2 class=\"elementor-post__title\">\n\t\t\t<a href=\"https:\/\/chenkse.com\/tr\/ic-ve-dis-mekan-sahne-led-ekrani-nasil-ayirt-edilir\/\" >\n\t\t\t\t\u0130\u00e7 ve d\u0131\u015f mekan sahne led ekran\u0131 aras\u0131nda nas\u0131l ayr\u0131m yap\u0131l\u0131r?\t\t\t<\/a>\n\t\t<\/h2>\t\t\t\t<div class=\"elementor-post__excerpt\">\t\t\t<p>LED ekranlar, i\u00e7 veya d\u0131\u015f mekan kullan\u0131m\u0131na ba\u011fl\u0131 olarak farkl\u0131 tasar\u0131m, parlakl\u0131k, enerji verimlili\u011fi ve suya dayan\u0131kl\u0131l\u0131k \u00f6zelliklerine sahiptir.<\/p>\t\t<\/div>\t\t\t\t<a class=\"elementor-post__read-more\" href=\"https:\/\/chenkse.com\/tr\/ic-ve-dis-mekan-sahne-led-ekrani-nasil-ayirt-edilir\/\" aria-label=\"Daha fazlas\u0131n\u0131 okuyun \u0130\u00e7 mekan ve d\u0131\u015f mekan sahne led ekranlar\u0131 nas\u0131l ay\u0131rt edilir?\" tabindex=\"-1\" >\n\t\t\tDaha fazla oku &quot;\t\t<\/a>\t\t\t\t<\/div>\t\t\t\t<\/article>\t\t\t\t<article class=\"elementor-post elementor-grid-item post-22108 post type-post status-publish format-standard has-post-thumbnail hentry category-industry-news category-news\" role=\"listitem\">\t\t\t\t<a class=\"elementor-post__thumbnail__link\" href=\"https:\/\/chenkse.com\/tr\/led-ekranlarin-surukleyici-icerige-yanit-olarak-gelecegi-hakkinda-merak-edilenler\/\" tabindex=\"-1\" >\n\t\t\t<div class=\"elementor-post__thumbnail\"><img decoding=\"async\" width=\"768\" height=\"505\" data-src=\"https:\/\/chenkse.com\/wp-content\/smush-avif\/11-10.jpg.avif\" class=\"attachment-medium_large size-medium_large wp-image-22121 lazyload\" alt=\"\" src=\"data:image\/svg+xml;base64,PHN2ZyB3aWR0aD0iMSIgaGVpZ2h0PSIxIiB4bWxucz0iaHR0cDovL3d3dy53My5vcmcvMjAwMC9zdmciPjwvc3ZnPg==\" style=\"--smush-placeholder-width: 768px; --smush-placeholder-aspect-ratio: 768\/505;\" \/><\/div>\n\t\t<\/a>\t\t\t\t<div class=\"elementor-post__text\">\t\t\t\t<h2 class=\"elementor-post__title\">\n\t\t\t<a href=\"https:\/\/chenkse.com\/tr\/led-ekranlarin-surukleyici-icerige-yanit-olarak-gelecegi-hakkinda-merak-edilenler\/\" >\n\t\t\t\tEkranlar\u0131n Gelece\u011fini Merak Ediyor musunuz? LED Ekranlar S\u00fcr\u00fckleyici \u0130\u00e7eri\u011fin Cevab\u0131 m\u0131?\t\t\t<\/a>\n\t\t<\/h2>\t\t\t\t<div class=\"elementor-post__excerpt\">\t\t\t<p>LED ekranlar, ekran d\u00fcnyas\u0131n\u0131 d\u00f6n\u00fc\u015ft\u00fcr\u00fcyor ve genellikle s\u00fcr\u00fckleyici i\u00e7erik i\u00e7in umut verici bir \u00e7\u00f6z\u00fcm olarak g\u00f6r\u00fcl\u00fcyor.<\/p>\t\t<\/div>\t\t\t\t<a class=\"elementor-post__read-more\" href=\"https:\/\/chenkse.com\/tr\/led-ekranlarin-surukleyici-icerige-yanit-olarak-gelecegi-hakkinda-merak-edilenler\/\" aria-label=\"Ekranlar\u0131n Gelece\u011fini Merak Ediyor musunuz hakk\u0131nda daha fazlas\u0131n\u0131 okuyun LED Ekranlar S\u00fcr\u00fckleyici \u0130\u00e7eri\u011fin Cevab\u0131 m\u0131?\" tabindex=\"-1\" >\n\t\t\tDaha fazla oku &quot;\t\t<\/a>\t\t\t\t<\/div>\t\t\t\t<\/article>\t\t\t\t<article class=\"elementor-post elementor-grid-item post-22070 post type-post status-publish format-standard has-post-thumbnail hentry category-company-news\" role=\"listitem\">\t\t\t\t<a class=\"elementor-post__thumbnail__link\" href=\"https:\/\/chenkse.com\/tr\/led-ekran-olu-piksel-onarimi\/\" tabindex=\"-1\" >\n\t\t\t<div class=\"elementor-post__thumbnail\"><img decoding=\"async\" width=\"768\" height=\"505\" data-src=\"https:\/\/chenkse.com\/wp-content\/smush-avif\/O-03.jpg.avif\" class=\"attachment-medium_large size-medium_large wp-image-22074 lazyload\" alt=\"\" src=\"data:image\/svg+xml;base64,PHN2ZyB3aWR0aD0iMSIgaGVpZ2h0PSIxIiB4bWxucz0iaHR0cDovL3d3dy53My5vcmcvMjAwMC9zdmciPjwvc3ZnPg==\" style=\"--smush-placeholder-width: 768px; --smush-placeholder-aspect-ratio: 768\/505;\" \/><\/div>\n\t\t<\/a>\t\t\t\t<div class=\"elementor-post__text\">\t\t\t\t<h2 class=\"elementor-post__title\">\n\t\t\t<a href=\"https:\/\/chenkse.com\/tr\/led-ekran-olu-piksel-onarimi\/\" >\n\t\t\t\tLED Ekran \u00d6l\u00fc Piksel Onar\u0131m\u0131 Y\u00f6ntemleri ve Becerileri\t\t\t<\/a>\n\t\t<\/h2>\t\t\t\t<div class=\"elementor-post__excerpt\">\t\t\t<p>\u00d6l\u00fc pikseller kullan\u0131c\u0131lara rahats\u0131zl\u0131k ve s\u0131k\u0131nt\u0131 ya\u015fatmaktad\u0131r. Bu nedenle LED ekran \u00f6l\u00fc piksel onar\u0131m\u0131n\u0131n y\u00f6ntem ve becerileri olduk\u00e7a \u00f6nemlidir.<\/p>\t\t<\/div>\t\t\t\t<a class=\"elementor-post__read-more\" href=\"https:\/\/chenkse.com\/tr\/led-ekran-olu-piksel-onarimi\/\" aria-label=\"LED Ekran \u00d6l\u00fc Piksel Onar\u0131m\u0131 i\u00e7in Y\u00f6ntemler ve Beceriler hakk\u0131nda daha fazlas\u0131n\u0131 okuyun\" tabindex=\"-1\" >\n\t\t\tDaha fazla oku &quot;\t\t<\/a>\t\t\t\t<\/div>\t\t\t\t<\/article>\t\t\t\t<article class=\"elementor-post elementor-grid-item post-22004 post type-post status-publish format-standard has-post-thumbnail hentry category-industry-news\" role=\"listitem\">\t\t\t\t<a class=\"elementor-post__thumbnail__link\" href=\"https:\/\/chenkse.com\/tr\/dis-mekan-led-ekranlarinin-gunluk-bakim-onlemleri-nasil-gelistirilir\/\" tabindex=\"-1\" >\n\t\t\t<div class=\"elementor-post__thumbnail\"><img decoding=\"async\" width=\"768\" height=\"768\" data-src=\"https:\/\/chenkse.com\/wp-content\/smush-avif\/07-7.jpg.avif\" class=\"attachment-medium_large size-medium_large wp-image-20558 lazyload\" alt=\"\" src=\"data:image\/svg+xml;base64,PHN2ZyB3aWR0aD0iMSIgaGVpZ2h0PSIxIiB4bWxucz0iaHR0cDovL3d3dy53My5vcmcvMjAwMC9zdmciPjwvc3ZnPg==\" style=\"--smush-placeholder-width: 768px; --smush-placeholder-aspect-ratio: 768\/768;\" \/><\/div>\n\t\t<\/a>\t\t\t\t<div class=\"elementor-post__text\">\t\t\t\t<h2 class=\"elementor-post__title\">\n\t\t\t<a href=\"https:\/\/chenkse.com\/tr\/dis-mekan-led-ekranlarinin-gunluk-bakim-onlemleri-nasil-gelistirilir\/\" >\n\t\t\t\tD\u0131\u015f Mekan LED Ekranlar\u0131n\u0131n G\u00fcnl\u00fck Bak\u0131m \u00d6nlemleri Nas\u0131l Geli\u015ftirilir?\t\t\t<\/a>\n\t\t<\/h2>\t\t\t\t<div class=\"elementor-post__excerpt\">\t\t\t<p>Bak\u0131m y\u00f6ntemleri <a href=\"https:\/\/chenkse.com\/tr\/dis-mekan-led-ekranlar\/\">d\u0131\u015f mekan LED ekran<\/a> esas olarak \u201ctemizlik, sabitleme, g\u00f6rsel inceleme, kalibrasyon\u201d<\/p>\t\t<\/div>\t\t\t\t<a class=\"elementor-post__read-more\" href=\"https:\/\/chenkse.com\/tr\/dis-mekan-led-ekranlarinin-gunluk-bakim-onlemleri-nasil-gelistirilir\/\" aria-label=\"D\u0131\u015f Mekan LED Ekranlar\u0131n\u0131n G\u00fcnl\u00fck Bak\u0131m \u00d6nlemlerinin Nas\u0131l Geli\u015ftirilece\u011fi hakk\u0131nda daha fazlas\u0131n\u0131 okuyun\" tabindex=\"-1\" >\n\t\t\tDaha fazla oku &quot;\t\t<\/a>\t\t\t\t<\/div>\t\t\t\t<\/article>\t\t\t\t<\/div>\t\t\t\t\t\t<div class=\"e-load-more-anchor\" data-page=\"1\" data-max-page=\"7\" data-next-page=\"https:\/\/chenkse.com\/wp-json\/wp\/v2\/pages\/1136\/page\/2\/\"><\/div>\t\t\t\t<nav class=\"elementor-pagination\" aria-label=\"sayfaland\u0131rma\">\t\t\t<span class=\"page-numbers prev\">\u00ab\u00d6nceki<\/span><span aria-current=\"page\" class=\"page-numbers current\"><span class=\"elementor-screen-only\">sayfa<\/span>1<\/span><a class=\"page-numbers\" href=\"https:\/\/chenkse.com\/wp-json\/wp\/v2\/pages\/1136\/page\/2\/\"><span class=\"elementor-screen-only\">sayfa<\/span>2<\/a><a class=\"page-numbers\" href=\"https:\/\/chenkse.com\/wp-json\/wp\/v2\/pages\/1136\/page\/3\/\"><span class=\"elementor-screen-only\">sayfa<\/span>3<\/a><span class=\"page-numbers dots\">\u2026<\/span><a class=\"page-numbers\" href=\"https:\/\/chenkse.com\/wp-json\/wp\/v2\/pages\/1136\/page\/5\/\"><span class=\"elementor-screen-only\">sayfa<\/span>5<\/a><a class=\"page-numbers next\" href=\"https:\/\/chenkse.com\/wp-json\/wp\/v2\/pages\/1136\/page\/2\/\">Sonraki &quot;<\/a>\t\t<\/nav>\t\t\t\t\t\t<\/div>\t\t\t\t<\/div>\t\t\t\t\t<\/div>\t\t<\/div>\t\t\t\t\t<\/div>\t\t<\/section>\t\t\t\t<\/div>","protected":false},"excerpt":{"rendered":"<p>HABERAna sayfa &gt; Haberler&nbsp;<\/p>","protected":false},"author":5,"featured_media":20746,"parent":0,"menu_order":0,"comment_status":"closed","ping_status":"closed","template":"","meta":{"footnotes":""},"class_list":["post-1136","page","type-page","status-publish","has-post-thumbnail","hentry"],"yoast_head":"<!-- This site is optimized with the Yoast SEO Premium plugin v26.1 (Yoast SEO v26.8) - https:\/\/yoast.com\/product\/yoast-seo-premium-wordpress\/ -->\n<title>LED displayNews - CHENKSE fine pixel pitch LED display<\/title>\n<meta name=\"description\" content=\"outdoor LED display occupy a dominant position in the advertising field. According to the different needs of each project,\" \/>\n<meta name=\"robots\" content=\"index, follow, max-snippet:-1, max-image-preview:large, max-video-preview:-1\" \/>\n<link rel=\"canonical\" href=\"https:\/\/chenkse.com\/tr\/led-ekran-icin-haberler\/\" \/>\n<meta property=\"og:locale\" content=\"tr_TR\" \/>\n<meta property=\"og:type\" content=\"article\" \/>\n<meta property=\"og:title\" content=\"News\" \/>\n<meta property=\"og:description\" content=\"outdoor LED display occupy a dominant position in the advertising field. According to the different needs of each project,\" \/>\n<meta property=\"og:url\" content=\"https:\/\/chenkse.com\/tr\/led-ekran-icin-haberler\/\" \/>\n<meta property=\"og:site_name\" content=\"CHENKSE\" \/>\n<meta property=\"article:modified_time\" content=\"2023-05-17T07:38:33+00:00\" \/>\n<meta property=\"og:image\" content=\"https:\/\/chenkse.com\/wp-content\/uploads\/FS-01.jpg\" \/>\n\t<meta property=\"og:image:width\" content=\"700\" \/>\n\t<meta property=\"og:image:height\" content=\"624\" \/>\n\t<meta property=\"og:image:type\" content=\"image\/jpeg\" \/>\n<meta name=\"twitter:card\" content=\"summary_large_image\" \/>\n<meta name=\"twitter:label1\" content=\"Tahmini okuma s\u00fcresi\" \/>\n\t<meta name=\"twitter:data1\" content=\"1 dakika\" \/>\n<script type=\"application\/ld+json\" class=\"yoast-schema-graph\">{\"@context\":\"https:\/\/schema.org\",\"@graph\":[{\"@type\":\"WebPage\",\"@id\":\"https:\/\/chenkse.com\/news-for-led-display\/\",\"url\":\"https:\/\/chenkse.com\/news-for-led-display\/\",\"name\":\"LED displayNews - CHENKSE fine pixel pitch LED display\",\"isPartOf\":{\"@id\":\"https:\/\/chenkse.com\/#website\"},\"primaryImageOfPage\":{\"@id\":\"https:\/\/chenkse.com\/news-for-led-display\/#primaryimage\"},\"image\":{\"@id\":\"https:\/\/chenkse.com\/news-for-led-display\/#primaryimage\"},\"thumbnailUrl\":\"https:\/\/chenkse.com\/wp-content\/uploads\/FS-01.jpg\",\"datePublished\":\"2021-01-06T17:55:37+00:00\",\"dateModified\":\"2023-05-17T07:38:33+00:00\",\"description\":\"outdoor LED display occupy a dominant position in the advertising field. According to the different needs of each project,\",\"breadcrumb\":{\"@id\":\"https:\/\/chenkse.com\/news-for-led-display\/#breadcrumb\"},\"inLanguage\":\"tr\",\"potentialAction\":[{\"@type\":\"ReadAction\",\"target\":[\"https:\/\/chenkse.com\/news-for-led-display\/\"]}]},{\"@type\":\"ImageObject\",\"inLanguage\":\"tr\",\"@id\":\"https:\/\/chenkse.com\/news-for-led-display\/#primaryimage\",\"url\":\"https:\/\/chenkse.com\/wp-content\/uploads\/FS-01.jpg\",\"contentUrl\":\"https:\/\/chenkse.com\/wp-content\/uploads\/FS-01.jpg\",\"width\":700,\"height\":624,\"caption\":\"Rental led screen\"},{\"@type\":\"BreadcrumbList\",\"@id\":\"https:\/\/chenkse.com\/news-for-led-display\/#breadcrumb\",\"itemListElement\":[{\"@type\":\"ListItem\",\"position\":1,\"name\":\"\u9996\u9875\",\"item\":\"https:\/\/chenkse.com\/\"},{\"@type\":\"ListItem\",\"position\":2,\"name\":\"News\"}]},{\"@type\":\"WebSite\",\"@id\":\"https:\/\/chenkse.com\/#website\",\"url\":\"https:\/\/chenkse.com\/\",\"name\":\"CHENKSE\",\"description\":\"CHENKSE LED DISPLAY Manufacturers\",\"publisher\":{\"@id\":\"https:\/\/chenkse.com\/#organization\"},\"potentialAction\":[{\"@type\":\"SearchAction\",\"target\":{\"@type\":\"EntryPoint\",\"urlTemplate\":\"https:\/\/chenkse.com\/?s={search_term_string}\"},\"query-input\":{\"@type\":\"PropertyValueSpecification\",\"valueRequired\":true,\"valueName\":\"search_term_string\"}}],\"inLanguage\":\"tr\"},{\"@type\":\"Organization\",\"@id\":\"https:\/\/chenkse.com\/#organization\",\"name\":\"CHENKSE Optoelectronics\",\"url\":\"https:\/\/chenkse.com\/\",\"logo\":{\"@type\":\"ImageObject\",\"inLanguage\":\"tr\",\"@id\":\"https:\/\/chenkse.com\/#\/schema\/logo\/image\/\",\"url\":\"https:\/\/i0.wp.com\/chenkse.com\/wp-content\/uploads\/2021\/01\/0e78fced5d44a0567f05193566e48887.png?fit=326%2C100&ssl=1\",\"contentUrl\":\"https:\/\/i0.wp.com\/chenkse.com\/wp-content\/uploads\/2021\/01\/0e78fced5d44a0567f05193566e48887.png?fit=326%2C100&ssl=1\",\"width\":326,\"height\":100,\"caption\":\"CHENKSE Optoelectronics\"},\"image\":{\"@id\":\"https:\/\/chenkse.com\/#\/schema\/logo\/image\/\"}}]}<\/script>\n<!-- \/ Yoast SEO Premium plugin. -->","yoast_head_json":{"title":"LED ekran - CHENKSE ince piksel aral\u0131kl\u0131 LED ekran","description":"D\u0131\u015f mekan LED ekran, reklam alan\u0131nda bask\u0131n bir konuma sahiptir. Her projenin farkl\u0131 ihtiya\u00e7lar\u0131na g\u00f6re,","robots":{"index":"index","follow":"follow","max-snippet":"max-snippet:-1","max-image-preview":"max-image-preview:large","max-video-preview":"max-video-preview:-1"},"canonical":"https:\/\/chenkse.com\/tr\/led-ekran-icin-haberler\/","og_locale":"tr_TR","og_type":"article","og_title":"News","og_description":"outdoor LED display occupy a dominant position in the advertising field. According to the different needs of each project,","og_url":"https:\/\/chenkse.com\/tr\/led-ekran-icin-haberler\/","og_site_name":"CHENKSE","article_modified_time":"2023-05-17T07:38:33+00:00","og_image":[{"width":700,"height":624,"url":"https:\/\/chenkse.com\/wp-content\/uploads\/FS-01.jpg","type":"image\/jpeg"}],"twitter_card":"summary_large_image","twitter_misc":{"Tahmini okuma s\u00fcresi":"1 dakika"},"schema":{"@context":"https:\/\/schema.org","@graph":[{"@type":"WebPage","@id":"https:\/\/chenkse.com\/news-for-led-display\/","url":"https:\/\/chenkse.com\/news-for-led-display\/","name":"LED ekran - CHENKSE ince piksel aral\u0131kl\u0131 LED ekran","isPartOf":{"@id":"https:\/\/chenkse.com\/#website"},"primaryImageOfPage":{"@id":"https:\/\/chenkse.com\/news-for-led-display\/#primaryimage"},"image":{"@id":"https:\/\/chenkse.com\/news-for-led-display\/#primaryimage"},"thumbnailUrl":"https:\/\/chenkse.com\/wp-content\/uploads\/FS-01.jpg","datePublished":"2021-01-06T17:55:37+00:00","dateModified":"2023-05-17T07:38:33+00:00","description":"D\u0131\u015f mekan LED ekran, reklam alan\u0131nda bask\u0131n bir konuma sahiptir. Her projenin farkl\u0131 ihtiya\u00e7lar\u0131na g\u00f6re,","breadcrumb":{"@id":"https:\/\/chenkse.com\/news-for-led-display\/#breadcrumb"},"inLanguage":"tr","potentialAction":[{"@type":"ReadAction","target":["https:\/\/chenkse.com\/news-for-led-display\/"]}]},{"@type":"ImageObject","inLanguage":"tr","@id":"https:\/\/chenkse.com\/news-for-led-display\/#primaryimage","url":"https:\/\/chenkse.com\/wp-content\/uploads\/FS-01.jpg","contentUrl":"https:\/\/chenkse.com\/wp-content\/uploads\/FS-01.jpg","width":700,"height":624,"caption":"Rental led screen"},{"@type":"BreadcrumbList","@id":"https:\/\/chenkse.com\/news-for-led-display\/#breadcrumb","itemListElement":[{"@type":"ListItem","position":1,"name":"\u9996\u9875","item":"https:\/\/chenkse.com\/"},{"@type":"ListItem","position":2,"name":"News"}]},{"@type":"WebSite","@id":"https:\/\/chenkse.com\/#website","url":"https:\/\/chenkse.com\/","name":"CHENKSE","description":"CHENKSE LED EKRAN \u00dcRET\u0130C\u0130LER\u0130","publisher":{"@id":"https:\/\/chenkse.com\/#organization"},"potentialAction":[{"@type":"SearchAction","target":{"@type":"EntryPoint","urlTemplate":"https:\/\/chenkse.com\/?s={search_term_string}"},"query-input":{"@type":"PropertyValueSpecification","valueRequired":true,"valueName":"search_term_string"}}],"inLanguage":"tr"},{"@type":"Organization","@id":"https:\/\/chenkse.com\/#organization","name":"CHENKSE Optoelektronik","url":"https:\/\/chenkse.com\/","logo":{"@type":"ImageObject","inLanguage":"tr","@id":"https:\/\/chenkse.com\/#\/schema\/logo\/image\/","url":"https:\/\/i0.wp.com\/chenkse.com\/wp-content\/uploads\/2021\/01\/0e78fced5d44a0567f05193566e48887.png?fit=326%2C100&ssl=1","contentUrl":"https:\/\/i0.wp.com\/chenkse.com\/wp-content\/uploads\/2021\/01\/0e78fced5d44a0567f05193566e48887.png?fit=326%2C100&ssl=1","width":326,"height":100,"caption":"CHENKSE Optoelectronics"},"image":{"@id":"https:\/\/chenkse.com\/#\/schema\/logo\/image\/"}}]}},"jetpack_shortlink":"https:\/\/wp.me\/PcGJnS-ik","jetpack_sharing_enabled":true,"_links":{"self":[{"href":"https:\/\/chenkse.com\/tr\/wp-json\/wp\/v2\/pages\/1136","targetHints":{"allow":["GET"]}}],"collection":[{"href":"https:\/\/chenkse.com\/tr\/wp-json\/wp\/v2\/pages"}],"about":[{"href":"https:\/\/chenkse.com\/tr\/wp-json\/wp\/v2\/types\/page"}],"author":[{"embeddable":true,"href":"https:\/\/chenkse.com\/tr\/wp-json\/wp\/v2\/users\/5"}],"replies":[{"embeddable":true,"href":"https:\/\/chenkse.com\/tr\/wp-json\/wp\/v2\/comments?post=1136"}],"version-history":[{"count":0,"href":"https:\/\/chenkse.com\/tr\/wp-json\/wp\/v2\/pages\/1136\/revisions"}],"wp:featuredmedia":[{"embeddable":true,"href":"https:\/\/chenkse.com\/tr\/wp-json\/wp\/v2\/media\/20746"}],"wp:attachment":[{"href":"https:\/\/chenkse.com\/tr\/wp-json\/wp\/v2\/media?parent=1136"}],"curies":[{"name":"wp","href":"https:\/\/api.w.org\/{rel}","templated":true}]}}