{"id":15,"date":"2020-12-28T22:16:26","date_gmt":"2020-12-28T14:16:26","guid":{"rendered":"https:\/\/chenkse.com\/?page_id=15"},"modified":"2023-08-30T06:46:42","modified_gmt":"2023-08-30T10:46:42","slug":"led-ekran-hizmeti","status":"publish","type":"page","link":"https:\/\/chenkse.com\/tr\/led-ekran-hizmeti\/","title":{"rendered":"Hizmet"},"content":{"rendered":"\t\t<div data-elementor-type=\"wp-page\" data-elementor-id=\"15\" class=\"elementor elementor-15\" data-elementor-post-type=\"page\">\n\t\t\t\t\t\t<section class=\"elementor-section elementor-top-section elementor-element elementor-element-574d685 elementor-section-boxed elementor-section-height-default elementor-section-height-default elementor-section-smoke-no elementor-section-raindrops-no elementor-section-parallax-no elementor-section-floatimg-no\" data-id=\"574d685\" data-element_type=\"section\" data-e-type=\"section\">\n\t\t\t\t\t\t<div class=\"elementor-container elementor-column-gap-default\">\n\t\t\t\t\t<div class=\"elementor-column elementor-col-100 elementor-top-column elementor-element elementor-element-0fec450\" data-id=\"0fec450\" data-element_type=\"column\" data-e-type=\"column\">\n\t\t\t<div class=\"elementor-widget-wrap elementor-element-populated\">\n\t\t\t\t\t\t<div class=\"elementor-element elementor-element-bc14d1c elementor-widget elementor-widget-image\" data-id=\"bc14d1c\" data-element_type=\"widget\" data-e-type=\"widget\" data-widget_type=\"image.default\">\n\t\t\t\t\t\t\t\t\t\t\t\t\t\t\t<img decoding=\"async\" width=\"1145\" height=\"320\" data-src=\"https:\/\/chenkse.com\/wp-content\/smush-avif\/Autonomous-Control-e1612245695491.jpg.avif\" class=\"attachment-full size-full wp-image-3771 lazyload\" alt=\"chenkse Control LED produce equipments\" src=\"data:image\/svg+xml;base64,PHN2ZyB3aWR0aD0iMSIgaGVpZ2h0PSIxIiB4bWxucz0iaHR0cDovL3d3dy53My5vcmcvMjAwMC9zdmciPjwvc3ZnPg==\" style=\"--smush-placeholder-width: 1145px; --smush-placeholder-aspect-ratio: 1145\/320;\" \/>\t\t\t\t\t\t\t\t\t\t\t\t\t\t\t<\/div>\n\t\t\t\t\t<\/div>\n\t\t<\/div>\n\t\t\t\t\t<\/div>\n\t\t<\/section>\n\t\t\t\t<section class=\"elementor-section elementor-top-section elementor-element elementor-element-995838f elementor-section-boxed elementor-section-height-default elementor-section-height-default elementor-section-smoke-no elementor-section-raindrops-no elementor-section-parallax-no elementor-section-floatimg-no\" data-id=\"995838f\" data-element_type=\"section\" data-e-type=\"section\">\n\t\t\t\t\t\t<div class=\"elementor-container elementor-column-gap-default\">\n\t\t\t\t\t<div class=\"elementor-column elementor-col-100 elementor-top-column elementor-element elementor-element-f8cc027\" data-id=\"f8cc027\" data-element_type=\"column\" data-e-type=\"column\">\n\t\t\t<div class=\"elementor-widget-wrap elementor-element-populated\">\n\t\t\t\t\t\t<div class=\"elementor-element elementor-element-bf52fec elementor-widget elementor-widget-text-editor\" data-id=\"bf52fec\" data-element_type=\"widget\" data-e-type=\"widget\" data-widget_type=\"text-editor.default\">\n\t\t\t\t\t\t\t\t\t<p style=\"text-align: right;\"><span style=\"color: #000000;\"><a style=\"color: #000000;\" href=\"https:\/\/chenkse.com\/\">Home<\/a> &gt;<a style=\"color: #000000;\" href=\"https:\/\/chenkse.com\/led-display-service\/\">service<\/a>&gt;<a style=\"color: #000000;\" href=\"https:\/\/chenkse.com\/led-display-service\/\">service &amp; suppor<\/a>t<\/span><\/p><hr \/>\t\t\t\t\t\t\t\t<\/div>\n\t\t\t\t\t<\/div>\n\t\t<\/div>\n\t\t\t\t\t<\/div>\n\t\t<\/section>\n\t\t\t\t<nav class=\"elementor-section elementor-top-section elementor-element elementor-element-5f51ecf elementor-section-boxed elementor-section-height-default elementor-section-height-default elementor-section-smoke-no elementor-section-raindrops-no elementor-section-parallax-no elementor-section-floatimg-no\" data-id=\"5f51ecf\" data-element_type=\"section\" data-e-type=\"section\" id=\"15\" data-settings=\"{&quot;sticky&quot;:&quot;top&quot;,&quot;sticky_on&quot;:[&quot;desktop&quot;,&quot;tablet&quot;,&quot;mobile&quot;],&quot;sticky_offset&quot;:0,&quot;sticky_effects_offset&quot;:0,&quot;sticky_anchor_link_offset&quot;:0}\">\n\t\t\t\t\t\t<div class=\"elementor-container elementor-column-gap-no\">\n\t\t\t\t\t<div class=\"elementor-column elementor-col-100 elementor-top-column elementor-element elementor-element-fd88521\" data-id=\"fd88521\" data-element_type=\"column\" data-e-type=\"column\">\n\t\t\t<div class=\"elementor-widget-wrap elementor-element-populated\">\n\t\t\t\t\t\t<div class=\"elementor-element elementor-element-bcf8603 elementor-nav-menu__align-justify elementor-nav-menu--dropdown-mobile elementor-nav-menu--stretch elementor-nav-menu__text-align-aside elementor-nav-menu--toggle elementor-nav-menu--burger elementor-widget elementor-widget-nav-menu\" data-id=\"bcf8603\" data-element_type=\"widget\" data-e-type=\"widget\" data-settings=\"{&quot;full_width&quot;:&quot;stretch&quot;,&quot;layout&quot;:&quot;horizontal&quot;,&quot;submenu_icon&quot;:{&quot;value&quot;:&quot;&lt;svg aria-hidden=\\&quot;true\\&quot; class=\\&quot;e-font-icon-svg e-fas-caret-down\\&quot; viewBox=\\&quot;0 0 320 512\\&quot; xmlns=\\&quot;http:\\\/\\\/www.w3.org\\\/2000\\\/svg\\&quot;&gt;&lt;path d=\\&quot;M31.3 192h257.3c17.8 0 26.7 21.5 14.1 34.1L174.1 354.8c-7.8 7.8-20.5 7.8-28.3 0L17.2 226.1C4.6 213.5 13.5 192 31.3 192z\\&quot;&gt;&lt;\\\/path&gt;&lt;\\\/svg&gt;&quot;,&quot;library&quot;:&quot;fa-solid&quot;},&quot;toggle&quot;:&quot;burger&quot;}\" data-widget_type=\"nav-menu.default\">\n\t\t\t\t\t\t\t\t<nav aria-label=\"Men\u00fc\" class=\"elementor-nav-menu--main elementor-nav-menu__container elementor-nav-menu--layout-horizontal e--pointer-background e--animation-sweep-down\">\n\t\t\t\t<ul id=\"menu-1-bcf8603\" class=\"elementor-nav-menu\"><li class=\"menu-item menu-item-type-post_type menu-item-object-page menu-item-21401\"><a href=\"https:\/\/chenkse.com\/tr\/neden-chenkse\/\" class=\"elementor-item\">WHY CHENKSE?<\/a><\/li>\n<li class=\"menu-item menu-item-type-post_type menu-item-object-page menu-item-21402\"><a href=\"https:\/\/chenkse.com\/tr\/chenkse-hakkinda\/\" class=\"elementor-item\">About CHENKSE<\/a><\/li>\n<li class=\"menu-item menu-item-type-post_type menu-item-object-page menu-item-21403\"><a href=\"https:\/\/chenkse.com\/tr\/chenkse-hakkinda\/fabrika-profili\/\" class=\"elementor-item\">Factory Profile<\/a><\/li>\n<li class=\"menu-item menu-item-type-post_type menu-item-object-page menu-item-21406\"><a href=\"https:\/\/chenkse.com\/tr\/chenkse-hakkinda\/paketleme-ve-tasima\/\" class=\"elementor-item\">Package and Transport<\/a><\/li>\n<li class=\"menu-item menu-item-type-post_type menu-item-object-page menu-item-21404\"><a href=\"https:\/\/chenkse.com\/tr\/chenkse-hakkinda\/yeterlilik-belgesi\/\" class=\"elementor-item\">Qualification Certificate<\/a><\/li>\n<li class=\"menu-item menu-item-type-post_type menu-item-object-page menu-item-21405\"><a href=\"https:\/\/chenkse.com\/tr\/chenkse-hakkinda\/kalite-kontrol\/\" class=\"elementor-item\">Quality Control<\/a><\/li>\n<\/ul>\t\t\t<\/nav>\n\t\t\t\t\t<div class=\"elementor-menu-toggle\" role=\"button\" tabindex=\"0\" aria-label=\"Menu Toggle\" aria-expanded=\"false\">\n\t\t\t<svg aria-hidden=\"true\" role=\"presentation\" class=\"elementor-menu-toggle__icon--open e-font-icon-svg e-eicon-menu-bar\" viewBox=\"0 0 1000 1000\" xmlns=\"http:\/\/www.w3.org\/2000\/svg\"><path d=\"M104 333H896C929 333 958 304 958 271S929 208 896 208H104C71 208 42 237 42 271S71 333 104 333ZM104 583H896C929 583 958 554 958 521S929 458 896 458H104C71 458 42 487 42 521S71 583 104 583ZM104 833H896C929 833 958 804 958 771S929 708 896 708H104C71 708 42 737 42 771S71 833 104 833Z\"><\/path><\/svg><svg aria-hidden=\"true\" role=\"presentation\" class=\"elementor-menu-toggle__icon--close e-font-icon-svg e-eicon-close\" viewBox=\"0 0 1000 1000\" xmlns=\"http:\/\/www.w3.org\/2000\/svg\"><path d=\"M742 167L500 408 258 167C246 154 233 150 217 150 196 150 179 158 167 167 154 179 150 196 150 212 150 229 154 242 171 254L408 500 167 742C138 771 138 800 167 829 196 858 225 858 254 829L496 587 738 829C750 842 767 846 783 846 800 846 817 842 829 829 842 817 846 804 846 783 846 767 842 750 829 737L588 500 833 258C863 229 863 200 833 171 804 137 775 137 742 167Z\"><\/path><\/svg>\t\t<\/div>\n\t\t\t\t\t<nav class=\"elementor-nav-menu--dropdown elementor-nav-menu__container\" aria-hidden=\"true\">\n\t\t\t\t<ul id=\"menu-2-bcf8603\" class=\"elementor-nav-menu\"><li class=\"menu-item menu-item-type-post_type menu-item-object-page menu-item-21401\"><a href=\"https:\/\/chenkse.com\/tr\/neden-chenkse\/\" class=\"elementor-item\" tabindex=\"-1\">WHY CHENKSE?<\/a><\/li>\n<li class=\"menu-item menu-item-type-post_type menu-item-object-page menu-item-21402\"><a href=\"https:\/\/chenkse.com\/tr\/chenkse-hakkinda\/\" class=\"elementor-item\" tabindex=\"-1\">About CHENKSE<\/a><\/li>\n<li class=\"menu-item menu-item-type-post_type menu-item-object-page menu-item-21403\"><a href=\"https:\/\/chenkse.com\/tr\/chenkse-hakkinda\/fabrika-profili\/\" class=\"elementor-item\" tabindex=\"-1\">Factory Profile<\/a><\/li>\n<li class=\"menu-item menu-item-type-post_type menu-item-object-page menu-item-21406\"><a href=\"https:\/\/chenkse.com\/tr\/chenkse-hakkinda\/paketleme-ve-tasima\/\" class=\"elementor-item\" tabindex=\"-1\">Package and Transport<\/a><\/li>\n<li class=\"menu-item menu-item-type-post_type menu-item-object-page menu-item-21404\"><a href=\"https:\/\/chenkse.com\/tr\/chenkse-hakkinda\/yeterlilik-belgesi\/\" class=\"elementor-item\" tabindex=\"-1\">Qualification Certificate<\/a><\/li>\n<li class=\"menu-item menu-item-type-post_type menu-item-object-page menu-item-21405\"><a href=\"https:\/\/chenkse.com\/tr\/chenkse-hakkinda\/kalite-kontrol\/\" class=\"elementor-item\" tabindex=\"-1\">Quality Control<\/a><\/li>\n<\/ul>\t\t\t<\/nav>\n\t\t\t\t\t\t<\/div>\n\t\t\t\t\t<\/div>\n\t\t<\/div>\n\t\t\t\t\t<\/div>\n\t\t<\/nav>\n\t\t\t\t<section class=\"elementor-section elementor-top-section elementor-element elementor-element-37231a4 elementor-section-boxed elementor-section-height-default elementor-section-height-default elementor-section-smoke-no elementor-section-raindrops-no elementor-section-parallax-no elementor-section-floatimg-no\" data-id=\"37231a4\" data-element_type=\"section\" data-e-type=\"section\">\n\t\t\t\t\t\t<div class=\"elementor-container elementor-column-gap-default\">\n\t\t\t\t\t<div class=\"elementor-column elementor-col-50 elementor-top-column elementor-element elementor-element-781d64b\" data-id=\"781d64b\" data-element_type=\"column\" data-e-type=\"column\">\n\t\t\t<div class=\"elementor-widget-wrap elementor-element-populated\">\n\t\t\t\t\t\t<div class=\"elementor-element elementor-element-2943c28 elementor-widget elementor-widget-text-editor\" data-id=\"2943c28\" data-element_type=\"widget\" data-e-type=\"widget\" data-widget_type=\"text-editor.default\">\n\t\t\t\t\t\t\t\t\t<div class=\"et_pb_column et_pb_column_2_5 et_pb_column_0 et_pb_css_mix_blend_mode_passthrough\"><div class=\"et_pb_module et_pb_text et_pb_text_0 et_pb_text_align_left et_pb_bg_layout_light\"><div class=\"et_pb_text_inner\"><h1><span style=\"color: #000000;\"><strong>SERVICE<\/strong>\u00a0&amp;\u00a0<strong>SUPPORT<\/strong><\/span><\/h1><\/div><\/div><div class=\"et_pb_module et_pb_text et_pb_text_1 et_pb_text_align_left et_pb_bg_layout_light\"><div class=\"et_pb_text_inner\"><h3><span style=\"color: #000000; font-family: var( --e-global-typography-text-font-family ), Sans-serif; font-size: var( --e-global-typography-text-font-size ); font-weight: var( --e-global-typography-text-font-weight );\">Even a good LED display can break down or need a service. We are here to help ensure that your LED display is active for as soon as possible. Fill out the form below as best you can. The more information you give us, the better and faster we can help you.<\/span><\/h3><\/div><h3 style=\"text-align: center;\"><strong style=\"color: inherit; font-family: inherit; font-size: 1.75rem;\"><span style=\"color: #000000;\">\u00a0<\/span><\/strong><strong style=\"color: inherit; font-family: inherit; font-size: 1.75rem;\"><span style=\"color: #000000;\">\u00a0<\/span><\/strong><\/h3><h3 style=\"text-align: center;\"><strong style=\"color: inherit; font-family: inherit; font-size: 1.75rem;\"><span style=\"color: #000000;\">Service<\/span><\/strong><\/h3><\/div><h6 style=\"text-align: center;\"><strong><span style=\"color: #000000;\">Email:\u00a0<span style=\"color: #07438d;\"> <a style=\"color: #07438d;\" href=\"mailto:service@chenkse.com\">service@chenkse.com<\/a><\/span><\/span><\/strong><\/h6><\/div>\t\t\t\t\t\t\t\t<\/div>\n\t\t\t\t<div class=\"elementor-element elementor-element-5170170 elementor-align-center elementor-widget elementor-widget-button\" data-id=\"5170170\" data-element_type=\"widget\" data-e-type=\"widget\" data-widget_type=\"button.default\">\n\t\t\t\t\t\t\t\t\t\t<a class=\"elementor-button elementor-button-link elementor-size-sm\" href=\"#elementor-action%3Aaction%3Dpopup%3Aopen%26settings%3DeyJpZCI6IjIyMTY2IiwidG9nZ2xlIjpmYWxzZX0%3D\" rel=\"nofollow\">\n\t\t\t\t\t\t<span class=\"elementor-button-content-wrapper\">\n\t\t\t\t\t\t\t\t\t<span class=\"elementor-button-text\">CONTACT US<\/span>\n\t\t\t\t\t<\/span>\n\t\t\t\t\t<\/a>\n\t\t\t\t\t\t\t\t<\/div>\n\t\t\t\t\t<\/div>\n\t\t<\/div>\n\t\t\t\t<div class=\"elementor-column elementor-col-50 elementor-top-column elementor-element elementor-element-126fa96\" data-id=\"126fa96\" data-element_type=\"column\" data-e-type=\"column\">\n\t\t\t<div class=\"elementor-widget-wrap elementor-element-populated\">\n\t\t\t\t\t\t<div class=\"elementor-element elementor-element-aa06aff elementor-widget elementor-widget-image\" data-id=\"aa06aff\" data-element_type=\"widget\" data-e-type=\"widget\" data-widget_type=\"image.default\">\n\t\t\t\t\t\t\t\t\t\t\t\t\t\t\t<img decoding=\"async\" width=\"722\" height=\"486\" data-src=\"https:\/\/chenkse.com\/wp-content\/smush-avif\/it-service-support-header_WPS\u56fe\u7247.jpg.avif\" class=\"attachment-large size-large wp-image-2259 lazyload\" alt=\"RELATIONSHIPS, RESPONSIVENESS, TECHNOLOGY, &amp; SERVICE for LED products\" src=\"data:image\/svg+xml;base64,PHN2ZyB3aWR0aD0iMSIgaGVpZ2h0PSIxIiB4bWxucz0iaHR0cDovL3d3dy53My5vcmcvMjAwMC9zdmciPjwvc3ZnPg==\" style=\"--smush-placeholder-width: 722px; --smush-placeholder-aspect-ratio: 722\/486;\" \/>\t\t\t\t\t\t\t\t\t\t\t\t\t\t\t<\/div>\n\t\t\t\t\t<\/div>\n\t\t<\/div>\n\t\t\t\t\t<\/div>\n\t\t<\/section>\n\t\t\t\t<\/div>\n\t\t","protected":false},"excerpt":{"rendered":"<p>Home &gt;service&gt;service &amp; support SERVICE\u00a0&amp;\u00a0SUPPORT Even a good LED display can break down or need a service. We are here to help ensure that your LED display is active for as soon as possible. Fill out the form below as best you can. The more information you give us, the better and faster we can [&hellip;]<\/p>\n","protected":false},"author":5,"featured_media":0,"parent":0,"menu_order":0,"comment_status":"closed","ping_status":"closed","template":"","meta":{"footnotes":""},"class_list":["post-15","page","type-page","status-publish","hentry"],"yoast_head":"<!-- This site is optimized with the Yoast SEO Premium plugin v26.1 (Yoast SEO v27.3) - https:\/\/yoast.com\/product\/yoast-seo-premium-wordpress\/ -->\n<title>LED display Screens Service - CHENKSE<\/title>\n<meta name=\"description\" content=\"Even a good LED display can break down or need a service. We are here to help ensure that your LED display is active for as soon as possible.\" \/>\n<meta name=\"robots\" content=\"index, follow, max-snippet:-1, max-image-preview:large, max-video-preview:-1\" \/>\n<link rel=\"canonical\" href=\"https:\/\/chenkse.com\/tr\/led-ekran-hizmeti\/\" \/>\n<meta property=\"og:locale\" content=\"tr_TR\" \/>\n<meta property=\"og:type\" content=\"article\" \/>\n<meta property=\"og:title\" content=\"Service\" \/>\n<meta property=\"og:description\" content=\"Even a good LED display can break down or need a service. We are here to help ensure that your LED display is active for as soon as possible.\" \/>\n<meta property=\"og:url\" content=\"https:\/\/chenkse.com\/tr\/led-ekran-hizmeti\/\" \/>\n<meta property=\"og:site_name\" content=\"CHENKSE\" \/>\n<meta property=\"article:modified_time\" content=\"2023-08-30T10:46:42+00:00\" \/>\n<meta property=\"og:image\" content=\"https:\/\/chenkse.com\/wp-content\/uploads\/Autonomous-Control-e1612245695491.jpg\" \/>\n<meta name=\"twitter:card\" content=\"summary_large_image\" \/>\n<meta name=\"twitter:label1\" content=\"Tahmini okuma s\u00fcresi\" \/>\n\t<meta name=\"twitter:data1\" content=\"1 dakika\" \/>\n<script type=\"application\/ld+json\" class=\"yoast-schema-graph\">{\"@context\":\"https:\\\/\\\/schema.org\",\"@graph\":[{\"@type\":\"WebPage\",\"@id\":\"https:\\\/\\\/chenkse.com\\\/led-display-service\\\/\",\"url\":\"https:\\\/\\\/chenkse.com\\\/led-display-service\\\/\",\"name\":\"LED display Screens Service - CHENKSE\",\"isPartOf\":{\"@id\":\"https:\\\/\\\/chenkse.com\\\/#website\"},\"primaryImageOfPage\":{\"@id\":\"https:\\\/\\\/chenkse.com\\\/led-display-service\\\/#primaryimage\"},\"image\":{\"@id\":\"https:\\\/\\\/chenkse.com\\\/led-display-service\\\/#primaryimage\"},\"thumbnailUrl\":\"https:\\\/\\\/chenkse.com\\\/wp-content\\\/uploads\\\/Autonomous-Control-e1612245695491.jpg\",\"datePublished\":\"2020-12-28T14:16:26+00:00\",\"dateModified\":\"2023-08-30T10:46:42+00:00\",\"description\":\"Even a good LED display can break down or need a service. We are here to help ensure that your LED display is active for as soon as possible.\",\"breadcrumb\":{\"@id\":\"https:\\\/\\\/chenkse.com\\\/led-display-service\\\/#breadcrumb\"},\"inLanguage\":\"tr\",\"potentialAction\":[{\"@type\":\"ReadAction\",\"target\":[\"https:\\\/\\\/chenkse.com\\\/led-display-service\\\/\"]}]},{\"@type\":\"ImageObject\",\"inLanguage\":\"tr\",\"@id\":\"https:\\\/\\\/chenkse.com\\\/led-display-service\\\/#primaryimage\",\"url\":\"https:\\\/\\\/chenkse.com\\\/wp-content\\\/uploads\\\/Autonomous-Control-e1612245695491.jpg\",\"contentUrl\":\"https:\\\/\\\/chenkse.com\\\/wp-content\\\/uploads\\\/Autonomous-Control-e1612245695491.jpg\"},{\"@type\":\"BreadcrumbList\",\"@id\":\"https:\\\/\\\/chenkse.com\\\/led-display-service\\\/#breadcrumb\",\"itemListElement\":[{\"@type\":\"ListItem\",\"position\":1,\"name\":\"\u9996\u9875\",\"item\":\"https:\\\/\\\/chenkse.com\\\/\"},{\"@type\":\"ListItem\",\"position\":2,\"name\":\"Service\"}]},{\"@type\":\"WebSite\",\"@id\":\"https:\\\/\\\/chenkse.com\\\/#website\",\"url\":\"https:\\\/\\\/chenkse.com\\\/\",\"name\":\"CHENKSE\",\"description\":\"CHENKSE LED DISPLAY Manufacturers\",\"publisher\":{\"@id\":\"https:\\\/\\\/chenkse.com\\\/#organization\"},\"potentialAction\":[{\"@type\":\"SearchAction\",\"target\":{\"@type\":\"EntryPoint\",\"urlTemplate\":\"https:\\\/\\\/chenkse.com\\\/?s={search_term_string}\"},\"query-input\":{\"@type\":\"PropertyValueSpecification\",\"valueRequired\":true,\"valueName\":\"search_term_string\"}}],\"inLanguage\":\"tr\"},{\"@type\":\"Organization\",\"@id\":\"https:\\\/\\\/chenkse.com\\\/#organization\",\"name\":\"CHENKSE Optoelectronics\",\"url\":\"https:\\\/\\\/chenkse.com\\\/\",\"logo\":{\"@type\":\"ImageObject\",\"inLanguage\":\"tr\",\"@id\":\"https:\\\/\\\/chenkse.com\\\/#\\\/schema\\\/logo\\\/image\\\/\",\"url\":\"https:\\\/\\\/i0.wp.com\\\/chenkse.com\\\/wp-content\\\/uploads\\\/2021\\\/01\\\/0e78fced5d44a0567f05193566e48887.png?fit=326%2C100&ssl=1\",\"contentUrl\":\"https:\\\/\\\/i0.wp.com\\\/chenkse.com\\\/wp-content\\\/uploads\\\/2021\\\/01\\\/0e78fced5d44a0567f05193566e48887.png?fit=326%2C100&ssl=1\",\"width\":326,\"height\":100,\"caption\":\"CHENKSE Optoelectronics\"},\"image\":{\"@id\":\"https:\\\/\\\/chenkse.com\\\/#\\\/schema\\\/logo\\\/image\\\/\"}}]}<\/script>\n<!-- \/ Yoast SEO Premium plugin. -->","yoast_head_json":{"title":"LED G\u00f6sterge Ekran Servisi - CHENKSE","description":"\u0130yi bir LED ekran bile bozulabilir veya bir servise ihtiya\u00e7 duyabilir. LED ekran\u0131n\u0131z\u0131n m\u00fcmk\u00fcn olan en k\u0131sa s\u00fcrede aktif olmas\u0131n\u0131 sa\u011flamaya yard\u0131mc\u0131 olmak i\u00e7in buraday\u0131z.","robots":{"index":"index","follow":"follow","max-snippet":"max-snippet:-1","max-image-preview":"max-image-preview:large","max-video-preview":"max-video-preview:-1"},"canonical":"https:\/\/chenkse.com\/tr\/led-ekran-hizmeti\/","og_locale":"tr_TR","og_type":"article","og_title":"Service","og_description":"Even a good LED display can break down or need a service. We are here to help ensure that your LED display is active for as soon as possible.","og_url":"https:\/\/chenkse.com\/tr\/led-ekran-hizmeti\/","og_site_name":"CHENKSE","article_modified_time":"2023-08-30T10:46:42+00:00","og_image":[{"url":"https:\/\/chenkse.com\/wp-content\/uploads\/Autonomous-Control-e1612245695491.jpg","type":"","width":"","height":""}],"twitter_card":"summary_large_image","twitter_misc":{"Tahmini okuma s\u00fcresi":"1 dakika"},"schema":{"@context":"https:\/\/schema.org","@graph":[{"@type":"WebPage","@id":"https:\/\/chenkse.com\/led-display-service\/","url":"https:\/\/chenkse.com\/led-display-service\/","name":"LED G\u00f6sterge Ekran Servisi - CHENKSE","isPartOf":{"@id":"https:\/\/chenkse.com\/#website"},"primaryImageOfPage":{"@id":"https:\/\/chenkse.com\/led-display-service\/#primaryimage"},"image":{"@id":"https:\/\/chenkse.com\/led-display-service\/#primaryimage"},"thumbnailUrl":"https:\/\/chenkse.com\/wp-content\/uploads\/Autonomous-Control-e1612245695491.jpg","datePublished":"2020-12-28T14:16:26+00:00","dateModified":"2023-08-30T10:46:42+00:00","description":"\u0130yi bir LED ekran bile bozulabilir veya bir servise ihtiya\u00e7 duyabilir. LED ekran\u0131n\u0131z\u0131n m\u00fcmk\u00fcn olan en k\u0131sa s\u00fcrede aktif olmas\u0131n\u0131 sa\u011flamaya yard\u0131mc\u0131 olmak i\u00e7in buraday\u0131z.","breadcrumb":{"@id":"https:\/\/chenkse.com\/led-display-service\/#breadcrumb"},"inLanguage":"tr","potentialAction":[{"@type":"ReadAction","target":["https:\/\/chenkse.com\/led-display-service\/"]}]},{"@type":"ImageObject","inLanguage":"tr","@id":"https:\/\/chenkse.com\/led-display-service\/#primaryimage","url":"https:\/\/chenkse.com\/wp-content\/uploads\/Autonomous-Control-e1612245695491.jpg","contentUrl":"https:\/\/chenkse.com\/wp-content\/uploads\/Autonomous-Control-e1612245695491.jpg"},{"@type":"BreadcrumbList","@id":"https:\/\/chenkse.com\/led-display-service\/#breadcrumb","itemListElement":[{"@type":"ListItem","position":1,"name":"\u9996\u9875","item":"https:\/\/chenkse.com\/"},{"@type":"ListItem","position":2,"name":"Service"}]},{"@type":"WebSite","@id":"https:\/\/chenkse.com\/#website","url":"https:\/\/chenkse.com\/","name":"CHENKSE","description":"CHENKSE LED EKRAN \u00dcRET\u0130C\u0130LER\u0130","publisher":{"@id":"https:\/\/chenkse.com\/#organization"},"potentialAction":[{"@type":"SearchAction","target":{"@type":"EntryPoint","urlTemplate":"https:\/\/chenkse.com\/?s={search_term_string}"},"query-input":{"@type":"PropertyValueSpecification","valueRequired":true,"valueName":"search_term_string"}}],"inLanguage":"tr"},{"@type":"Organization","@id":"https:\/\/chenkse.com\/#organization","name":"CHENKSE Optoelektronik","url":"https:\/\/chenkse.com\/","logo":{"@type":"ImageObject","inLanguage":"tr","@id":"https:\/\/chenkse.com\/#\/schema\/logo\/image\/","url":"https:\/\/i0.wp.com\/chenkse.com\/wp-content\/uploads\/2021\/01\/0e78fced5d44a0567f05193566e48887.png?fit=326%2C100&ssl=1","contentUrl":"https:\/\/i0.wp.com\/chenkse.com\/wp-content\/uploads\/2021\/01\/0e78fced5d44a0567f05193566e48887.png?fit=326%2C100&ssl=1","width":326,"height":100,"caption":"CHENKSE Optoelectronics"},"image":{"@id":"https:\/\/chenkse.com\/#\/schema\/logo\/image\/"}}]}},"jetpack_shortlink":"https:\/\/wp.me\/PcGJnS-f","jetpack_sharing_enabled":true,"_links":{"self":[{"href":"https:\/\/chenkse.com\/tr\/wp-json\/wp\/v2\/pages\/15","targetHints":{"allow":["GET"]}}],"collection":[{"href":"https:\/\/chenkse.com\/tr\/wp-json\/wp\/v2\/pages"}],"about":[{"href":"https:\/\/chenkse.com\/tr\/wp-json\/wp\/v2\/types\/page"}],"author":[{"embeddable":true,"href":"https:\/\/chenkse.com\/tr\/wp-json\/wp\/v2\/users\/5"}],"replies":[{"embeddable":true,"href":"https:\/\/chenkse.com\/tr\/wp-json\/wp\/v2\/comments?post=15"}],"version-history":[{"count":0,"href":"https:\/\/chenkse.com\/tr\/wp-json\/wp\/v2\/pages\/15\/revisions"}],"wp:attachment":[{"href":"https:\/\/chenkse.com\/tr\/wp-json\/wp\/v2\/media?parent=15"}],"curies":[{"name":"wp","href":"https:\/\/api.w.org\/{rel}","templated":true}]}}